{"id":813,"date":"2015-09-11T19:05:32","date_gmt":"2015-09-11T19:05:32","guid":{"rendered":"http:\/\/uenf.br\/posgraduacao\/engenharia-civil\/?page_id=813"},"modified":"2015-09-11T19:07:13","modified_gmt":"2015-09-11T19:07:13","slug":"dissertacoes-de-mestrado-2005-francisco-de-assis-alves-da-silva","status":"publish","type":"page","link":"https:\/\/uenf.br\/posgraduacao\/engenharia-civil\/dissertacoes-de-mestrado-2005-francisco-de-assis-alves-da-silva\/","title":{"rendered":"Disserta\u00e7\u00f5es de Mestrado 2005 &#8211; FRANCISCO DE ASSIS ALVES DA SILVA"},"content":{"rendered":"<p><strong>Resumo<\/strong><\/p>\n<p style=\"text-align: justify\">A alvenaria estrutural caracteriza-se por um dos processos mais antigos de constru\u00e7\u00e3o empregados pelo homem. No inicio do s\u00e9culo passado a Alvenaria passou por um per\u00edodo de subalternidade, em que o concreto armado conquistou o mercado pela sua leveza, versatilidade e a possibilidade de alcan\u00e7ar v\u00e3os maiores. Ap\u00f3s a segunda metade do s\u00e9culo XX, diversos estudos foram desenvolvidos visando o aprimoramento da metodologia possibilitando a constru\u00e7\u00e3o de edifica\u00e7\u00f5es cada vez mais altas e a retomada do mercado. Em contrapartida, as edifica\u00e7\u00f5es de pequeno porte passam a ser negligenciadas pelas pesquisas nesse seguimento. Assim emerge a iniciativa deste trabalho, atender as constru\u00e7\u00f5es de pequeno porte de forma racional possibilitando o aprimoramento metodol\u00f3gico e conseq\u00fcentemente a redu\u00e7\u00e3o dos custos dos empreendimentos. O presente trabalho de pesquisa prop\u00f5e o desenvolvimento de pe\u00e7as cer\u00e2micas para serem utilizadas em constru\u00e7\u00f5es com at\u00e9 dois pavimentos. Os estudos s\u00e3o norteados por diversos ensaios realizados em blocos, prismas e paredes, de forma a legitimar funcionalidade da proposta lan\u00e7ada. O trabalho explora ainda a quest\u00e3o habitacional brasileira e os programas sociais, almejando o enlace entre tecnologia e sociedade como forma de redu\u00e7\u00e3o da problem\u00e1tica do d\u00e9ficit habitacional que perdura em nosso pa\u00eds.<\/p>\n<p style=\"text-align: right\"><a href=\"http:\/\/uenf.br\/posgraduacao\/engenharia-civil\/wp-content\/uploads\/sites\/3\/2015\/09\/FRANCISCO-DE-ASSIS-ALVES-DA-SILVA.pdf\">Download aqui.<\/a><\/p>\n","protected":false},"excerpt":{"rendered":"<p>Resumo A alvenaria estrutural caracteriza-se por um dos processos mais antigos de constru\u00e7\u00e3o empregados pelo homem. No inicio do s\u00e9culo&#8230;<\/p>\n","protected":false},"author":8,"featured_media":0,"parent":0,"menu_order":0,"comment_status":"closed","ping_status":"closed","template":"","meta":{"footnotes":""},"class_list":["post-813","page","type-page","status-publish","hentry"],"_links":{"self":[{"href":"https:\/\/uenf.br\/posgraduacao\/engenharia-civil\/wp-json\/wp\/v2\/pages\/813","targetHints":{"allow":["GET"]}}],"collection":[{"href":"https:\/\/uenf.br\/posgraduacao\/engenharia-civil\/wp-json\/wp\/v2\/pages"}],"about":[{"href":"https:\/\/uenf.br\/posgraduacao\/engenharia-civil\/wp-json\/wp\/v2\/types\/page"}],"author":[{"embeddable":true,"href":"https:\/\/uenf.br\/posgraduacao\/engenharia-civil\/wp-json\/wp\/v2\/users\/8"}],"replies":[{"embeddable":true,"href":"https:\/\/uenf.br\/posgraduacao\/engenharia-civil\/wp-json\/wp\/v2\/comments?post=813"}],"version-history":[{"count":0,"href":"https:\/\/uenf.br\/posgraduacao\/engenharia-civil\/wp-json\/wp\/v2\/pages\/813\/revisions"}],"wp:attachment":[{"href":"https:\/\/uenf.br\/posgraduacao\/engenharia-civil\/wp-json\/wp\/v2\/media?parent=813"}],"curies":[{"name":"wp","href":"https:\/\/api.w.org\/{rel}","templated":true}]}}