{"id":876,"date":"2015-09-11T20:18:45","date_gmt":"2015-09-11T20:18:45","guid":{"rendered":"http:\/\/uenf.br\/posgraduacao\/engenharia-civil\/?page_id=876"},"modified":"2015-09-11T20:19:55","modified_gmt":"2015-09-11T20:19:55","slug":"dissertacoes-de-mestrado-2006-oscar-oseias-de-oliveira","status":"publish","type":"page","link":"https:\/\/uenf.br\/posgraduacao\/engenharia-civil\/dissertacoes-de-mestrado-2006-oscar-oseias-de-oliveira\/","title":{"rendered":"Disserta\u00e7\u00f5es de Mestrado 2006 &#8211; OSCAR OS\u00c9IAS DE OLIVEIRA"},"content":{"rendered":"<p><strong>Resumo<\/strong><\/p>\n<p style=\"text-align: justify\">Em raz\u00e3o do acelerado crescimento urbano, temas como expans\u00e3o urbana e planejamento territorial t\u00eam, a cada dia, import\u00e2ncia maior, principalmente para profissionais e institui\u00e7\u00f5es ligadas ao meio ambiente.<br \/>\nNeste trabalho, contou-se com o aux\u00edlio de ferramentas de Geoprocessamento, Sistema de Posicionamento Global (GPS), Sensoriamento Remoto e Sistemas de Informa\u00e7\u00e3o Geogr\u00e1fica (SIG) para aquisi\u00e7\u00e3o, composi\u00e7\u00e3o, gera\u00e7\u00e3o dos dados e analises das informa\u00e7\u00f5es que foram geradas.<\/p>\n<p style=\"text-align: justify\">Elaboraram-se mapas, para auxiliar o planejamento territorial do Munic\u00edpio de Itaperuna no Estado do Rio de Janeiro, como o Mapa Geol\u00f3gico-Geot\u00e9cnico que auxiliou a elabora\u00e7\u00e3o do Mapa de Potencial de Uso e Ocupa\u00e7\u00e3o do Solo, que classificou o espa\u00e7o f\u00edsico em \u00e1reas urbaniz\u00e1veis, urbaniz\u00e1veis com restri\u00e7\u00e3o, n\u00e3o urbaniz\u00e1veis e \u00e1reas de preserva\u00e7\u00e3o. Geraram-se, ainda, Mapas de Suscetibilidade a Escorregamento e Eros\u00e3o Laminar.\u00a0Detectou-se que o Munic\u00edpio apresenta diversos problemas, dos quais os principais s\u00e3o disposi\u00e7\u00e3o de lixo a c\u00e9u aberto, esgoto sem tratamento lan\u00e7ado nos corpos d\u2019\u00e1gua, ocupa\u00e7\u00f5es irregulares, diversas \u00e1reas com alta suscetibilidade a escorregamento e eros\u00e3o laminar.<\/p>\n<p style=\"text-align: justify\">Os planos de informa\u00e7\u00f5es gerados s\u00e3o imprescind\u00edveis para o planejamento territorial com boa utiliza\u00e7\u00e3o do meio f\u00edsico e para a cria\u00e7\u00e3o de um plano diretor para o Munic\u00edpio.<\/p>\n<p style=\"text-align: right\"><a href=\"http:\/\/uenf.br\/posgraduacao\/engenharia-civil\/wp-content\/uploads\/sites\/3\/2015\/09\/OSCAR-OS\u00c9IAS-DE-OLIVEIRA.pdf\">Download aqui.<\/a><\/p>\n","protected":false},"excerpt":{"rendered":"<p>Resumo Em raz\u00e3o do acelerado crescimento urbano, temas como expans\u00e3o urbana e planejamento territorial t\u00eam, a cada dia, import\u00e2ncia maior,&#8230;<\/p>\n","protected":false},"author":8,"featured_media":0,"parent":0,"menu_order":0,"comment_status":"closed","ping_status":"closed","template":"","meta":{"footnotes":""},"class_list":["post-876","page","type-page","status-publish","hentry"],"_links":{"self":[{"href":"https:\/\/uenf.br\/posgraduacao\/engenharia-civil\/wp-json\/wp\/v2\/pages\/876","targetHints":{"allow":["GET"]}}],"collection":[{"href":"https:\/\/uenf.br\/posgraduacao\/engenharia-civil\/wp-json\/wp\/v2\/pages"}],"about":[{"href":"https:\/\/uenf.br\/posgraduacao\/engenharia-civil\/wp-json\/wp\/v2\/types\/page"}],"author":[{"embeddable":true,"href":"https:\/\/uenf.br\/posgraduacao\/engenharia-civil\/wp-json\/wp\/v2\/users\/8"}],"replies":[{"embeddable":true,"href":"https:\/\/uenf.br\/posgraduacao\/engenharia-civil\/wp-json\/wp\/v2\/comments?post=876"}],"version-history":[{"count":0,"href":"https:\/\/uenf.br\/posgraduacao\/engenharia-civil\/wp-json\/wp\/v2\/pages\/876\/revisions"}],"wp:attachment":[{"href":"https:\/\/uenf.br\/posgraduacao\/engenharia-civil\/wp-json\/wp\/v2\/media?parent=876"}],"curies":[{"name":"wp","href":"https:\/\/api.w.org\/{rel}","templated":true}]}}