{"id":883,"date":"2015-09-11T20:25:14","date_gmt":"2015-09-11T20:25:14","guid":{"rendered":"http:\/\/uenf.br\/posgraduacao\/engenharia-civil\/?page_id=883"},"modified":"2015-09-11T20:25:56","modified_gmt":"2015-09-11T20:25:56","slug":"dissertacoes-de-mestrado-2006-raquel-ofrante-salles","status":"publish","type":"page","link":"https:\/\/uenf.br\/posgraduacao\/engenharia-civil\/dissertacoes-de-mestrado-2006-raquel-ofrante-salles\/","title":{"rendered":"Disserta\u00e7\u00f5es de Mestrado 2006 &#8211; RAQUEL OFRANTE SALLES"},"content":{"rendered":"<p><strong>Resumo<\/strong><\/p>\n<p style=\"text-align: justify\">Este trabalho apresenta uma avalia\u00e7\u00e3o do comportamento de Geot\u00eaxteis Tecidos constitu\u00eddos de polipropileno, com quantidades diferentes de aditivos antioxidantes, submetidos a processos de degrada\u00e7\u00e3o natural no campo e acelerada no laborat\u00f3rio. No laborat\u00f3rio, as amostras foram expostas em um equipamento de degrada\u00e7\u00e3o de grandes dimens\u00f5es, desenvolvido nesta pesquisa, capaz de submeter amostras de grandes volumes a combinados processos e mecanismos de degrada\u00e7\u00e3o, buscando representar de forma mais satisfat\u00f3ria a degrada\u00e7\u00e3o do material no campo. No equipamento, as amostras s\u00e3o submetidas a varia\u00e7\u00f5es de temperatura e umidade atrav\u00e9s de dois processos de lixivia\u00e7\u00e3o com \u00e1gua destilada e posterior secagem parcial. Dois n\u00edveis de temperatura da \u00e1gua de lixivia\u00e7\u00e3o foram escolhidos de acordo com o gradiente de temperatura desejado. O programa experimental, desenvolvido para verificar a funcionalidade do equipamento, constituiu-se de an\u00e1lises por microscopia \u00f3tica, espectrometria dispersiva de raios-X (EDX), resist\u00eancia \u00e0 tra\u00e7\u00e3o n\u00e3o-confinada e resist\u00eancia ao puncionamento est\u00e1tico. A avalia\u00e7\u00e3o da efici\u00eancia do equipamento de degrada\u00e7\u00e3o foi feita atrav\u00e9s da compara\u00e7\u00e3o dos resultados desta pesquisa com os obtidos por Cunha Pinto (2006) para a degrada\u00e7\u00e3o de geot\u00eaxteis no campo e no laborat\u00f3rio por lixivia\u00e7\u00e3o cont\u00ednua e ciclos de umedecimento e secagem. Os resultados mostram que os materiais s\u00e3o afetados pela degrada\u00e7\u00e3o no equipamento. Al\u00e9m de modifica\u00e7\u00f5es nas propriedades mec\u00e2nicas foram observadas mudan\u00e7as na textura e no aspecto do entrela\u00e7amento das fibras do material. Os resultados obtidos indicam que a degrada\u00e7\u00e3o provocada pelo equipamento reproduz satisfatoriamente as condi\u00e7\u00f5es de degrada\u00e7\u00e3o natural no campo.<\/p>\n<p style=\"text-align: right\"><a href=\"http:\/\/uenf.br\/posgraduacao\/engenharia-civil\/wp-content\/uploads\/sites\/3\/2015\/09\/RAQUEL-OFRANTE-SALLES.pdf\">Download aqui.<\/a><\/p>\n","protected":false},"excerpt":{"rendered":"<p>Resumo Este trabalho apresenta uma avalia\u00e7\u00e3o do comportamento de Geot\u00eaxteis Tecidos constitu\u00eddos de polipropileno, com quantidades diferentes de aditivos antioxidantes,&#8230;<\/p>\n","protected":false},"author":8,"featured_media":0,"parent":0,"menu_order":0,"comment_status":"closed","ping_status":"closed","template":"","meta":{"footnotes":""},"class_list":["post-883","page","type-page","status-publish","hentry"],"_links":{"self":[{"href":"https:\/\/uenf.br\/posgraduacao\/engenharia-civil\/wp-json\/wp\/v2\/pages\/883","targetHints":{"allow":["GET"]}}],"collection":[{"href":"https:\/\/uenf.br\/posgraduacao\/engenharia-civil\/wp-json\/wp\/v2\/pages"}],"about":[{"href":"https:\/\/uenf.br\/posgraduacao\/engenharia-civil\/wp-json\/wp\/v2\/types\/page"}],"author":[{"embeddable":true,"href":"https:\/\/uenf.br\/posgraduacao\/engenharia-civil\/wp-json\/wp\/v2\/users\/8"}],"replies":[{"embeddable":true,"href":"https:\/\/uenf.br\/posgraduacao\/engenharia-civil\/wp-json\/wp\/v2\/comments?post=883"}],"version-history":[{"count":0,"href":"https:\/\/uenf.br\/posgraduacao\/engenharia-civil\/wp-json\/wp\/v2\/pages\/883\/revisions"}],"wp:attachment":[{"href":"https:\/\/uenf.br\/posgraduacao\/engenharia-civil\/wp-json\/wp\/v2\/media?parent=883"}],"curies":[{"name":"wp","href":"https:\/\/api.w.org\/{rel}","templated":true}]}}