{"id":906,"date":"2015-09-11T20:55:06","date_gmt":"2015-09-11T20:55:06","guid":{"rendered":"http:\/\/uenf.br\/posgraduacao\/engenharia-civil\/?page_id=906"},"modified":"2015-09-11T20:55:06","modified_gmt":"2015-09-11T20:55:06","slug":"dissertacoes-de-mestrado-2007-caroline-espinosa-viana","status":"publish","type":"page","link":"https:\/\/uenf.br\/posgraduacao\/engenharia-civil\/dissertacoes-de-mestrado-2007-caroline-espinosa-viana\/","title":{"rendered":"Disserta\u00e7\u00f5es de Mestrado 2007 &#8211; CAROLINE ESPINOSA VIANA"},"content":{"rendered":"<p><strong>Resumo<\/strong><\/p>\n<p style=\"text-align: justify\">Essa disserta\u00e7\u00e3o teve como objetivo estudar a viabilidade da utiliza\u00e7\u00e3o dos tr\u00eas tipos (\u00c1cida, Semi-B\u00e1sica e B\u00e1sica) de EFS na produ\u00e7\u00e3o de argamassas de m\u00faltiplo uso, substituindo totalmente o agregado mi\u00fado (areia). A reciclagem da EFS na constru\u00e7\u00e3o civil visa \u00e0 diminui\u00e7\u00e3o do impacto ambiental causado pela extra\u00e7\u00e3o indiscriminada da areia, sendo tamb\u00e9m uma alternativa econ\u00f4mica e ecologicamente vi\u00e1vel para regi\u00f5es com d\u00e9ficit de areia natural; objetiva tamb\u00e9m a diminui\u00e7\u00e3o da disposi\u00e7\u00e3o sem controle da EFS em aterros sanit\u00e1rios.<\/p>\n<p style=\"text-align: justify\">De tal modo, o trabalho de reciclagem das EFS consistiu em sua adequa\u00e7\u00e3o \u00e0s dimens\u00f5es de um agregado mi\u00fado (areia), seguida da caracteriza\u00e7\u00e3o f\u00edsica, qu\u00edmica, mineral\u00f3gica e ambiental do res\u00edduo; e caracteriza\u00e7\u00e3o das diferentes propriedades f\u00edsicas e mec\u00e2nicas das argamassas de m\u00faltiplo uso produzidas com este; e estudo do comportamento destas argamassas perante condi\u00e7\u00f5es adversas a fim de avaliar sua durabilidade.<\/p>\n<p style=\"text-align: justify\">Os resultados obtidos no programa experimental mostraram que os tr\u00eas tipos de EFS alcan\u00e7aram resultados bastante significativos e podem substituir o agregado mi\u00fado na produ\u00e7\u00e3o de argamassas de m\u00faltiplo uso, aquelas empregadas no assentamento de alvenaria de veda\u00e7\u00e3o e de revestimento de paredes e tetos, e ainda para revestimento de pisos e contra-pisos.<\/p>\n<p style=\"text-align: right\"><a href=\"http:\/\/uenf.br\/posgraduacao\/engenharia-civil\/wp-content\/uploads\/sites\/3\/2015\/09\/CAROLINE-ESPINOSA-VIANA.pdf\">Download aqui.<\/a><\/p>\n","protected":false},"excerpt":{"rendered":"<p>Resumo Essa disserta\u00e7\u00e3o teve como objetivo estudar a viabilidade da utiliza\u00e7\u00e3o dos tr\u00eas tipos (\u00c1cida, Semi-B\u00e1sica e B\u00e1sica) de EFS&#8230;<\/p>\n","protected":false},"author":8,"featured_media":0,"parent":0,"menu_order":0,"comment_status":"closed","ping_status":"closed","template":"","meta":{"footnotes":""},"class_list":["post-906","page","type-page","status-publish","hentry"],"_links":{"self":[{"href":"https:\/\/uenf.br\/posgraduacao\/engenharia-civil\/wp-json\/wp\/v2\/pages\/906","targetHints":{"allow":["GET"]}}],"collection":[{"href":"https:\/\/uenf.br\/posgraduacao\/engenharia-civil\/wp-json\/wp\/v2\/pages"}],"about":[{"href":"https:\/\/uenf.br\/posgraduacao\/engenharia-civil\/wp-json\/wp\/v2\/types\/page"}],"author":[{"embeddable":true,"href":"https:\/\/uenf.br\/posgraduacao\/engenharia-civil\/wp-json\/wp\/v2\/users\/8"}],"replies":[{"embeddable":true,"href":"https:\/\/uenf.br\/posgraduacao\/engenharia-civil\/wp-json\/wp\/v2\/comments?post=906"}],"version-history":[{"count":0,"href":"https:\/\/uenf.br\/posgraduacao\/engenharia-civil\/wp-json\/wp\/v2\/pages\/906\/revisions"}],"wp:attachment":[{"href":"https:\/\/uenf.br\/posgraduacao\/engenharia-civil\/wp-json\/wp\/v2\/media?parent=906"}],"curies":[{"name":"wp","href":"https:\/\/api.w.org\/{rel}","templated":true}]}}