{"id":910,"date":"2015-09-11T21:00:39","date_gmt":"2015-09-11T21:00:39","guid":{"rendered":"http:\/\/uenf.br\/posgraduacao\/engenharia-civil\/?page_id=910"},"modified":"2015-09-11T21:01:10","modified_gmt":"2015-09-11T21:01:10","slug":"dissertacoes-de-mestrado-2007-franchel-pereira-fantinatti-neto","status":"publish","type":"page","link":"https:\/\/uenf.br\/posgraduacao\/engenharia-civil\/dissertacoes-de-mestrado-2007-franchel-pereira-fantinatti-neto\/","title":{"rendered":"Disserta\u00e7\u00f5es de Mestrado 2007 &#8211; FRANCHEL PEREIRA FANTINATTI NETO"},"content":{"rendered":"<p><strong>Resumo<\/strong><\/p>\n<p style=\"text-align: justify\">O presente estudo tem como principal objetivo avaliar a din\u00e2mica de fluxo e o transporte de contaminantes da \u00c1rea de Disposi\u00e7\u00e3o dos Res\u00edduos S\u00f3lidos Urbanos (ADRSU) denominada Lix\u00e3o da CODIN, para as \u00e1reas circunvizinhas. A \u00e1rea em estudo est\u00e1 localizada no Condom\u00ednio Industrial do munic\u00edpio de Campos dos Goytacazes no estado do Rio de Janeiro, e \u00e9 cercada por c\u00f3rregos e lagoas, um Centro de Integra\u00e7\u00e3o de Ensino P\u00fablico (CIEP 332), loteamentos e assentamentos, ocupando 200.000 m\u00b2, estando a mesma inserida em uma bacia de drenagem de aproximadamente 3.000 km\u00b2. A \u00e1rea possui precipita\u00e7\u00f5es m\u00e9dias anuais de 900 mm e relevo suavemente ondulado. A implanta\u00e7\u00e3o do mesmo ocorreu no in\u00edcio da d\u00e9cada de 80, e a disposi\u00e7\u00e3o di\u00e1ria de res\u00edduos sem qualquer preocupa\u00e7\u00e3o em preservar os recursos naturais existentes, principalmente as que ocorriam no setor de cotas mais baixas, na \u00e1rea de inunda\u00e7\u00e3o do sistema lacustre, possivelmente colaboraram para dissemina\u00e7\u00e3o dos contaminantes. A \u00e1rea em quest\u00e3o j\u00e1 foi objeto de estudo de diversos trabalhos realizados por Araruna et al. (2001), Santos Jr. (2002), Monteiro (2002), Tibana et al. (2003) e Almeida et al. (2004). A metodologia aplicada contou com a realiza\u00e7\u00e3o de atividades de campo: execu\u00e7\u00e3o de seis furos de sondagens a trado onde foram coletadas de vinte e seis amostras de solo, as quais foram submetidas a ensaios de caracteriza\u00e7\u00e3o t\u00e1til-visual, instala\u00e7\u00e3o e levantamento planialtim\u00e9trico da instrumenta\u00e7\u00e3o (piez\u00f4metros, n\u00edveis d\u00b4\u00e1gua e limn\u00edmetros) para o monitoramento das cargas hidr\u00e1ulicas e ensaios de permeabilidade in situ empregando perme\u00e2metros de carga vari\u00e1vel e de carga constante (Guelph); bem como realiza\u00e7\u00e3o de atividades de laborat\u00f3rio: ensaios de caracteriza\u00e7\u00e3o f\u00edsica (an\u00e1lise granulom\u00e9trica, limites de Atterberg, massa espec\u00edfica dos gr\u00e3os e umidade natural), caracteriza\u00e7\u00e3o qu\u00edmica (CTC, pH, MO, Cu e Zn) e de difra\u00e7\u00e3o por raios-X (EDX) das referidas amostras de solo. Para as simula\u00e7\u00f5es de din\u00e2mica de fluxo e de transporte do contaminante, foram utilizados os aplicativos SEEP\/W e CTRAN\/W ambos da GEO-SLOPE International.<\/p>\n<p style=\"text-align: right\"><a href=\"http:\/\/uenf.br\/posgraduacao\/engenharia-civil\/wp-content\/uploads\/sites\/3\/2015\/09\/FRANCHEL-PEREIRA-FANTINATTI-NETO.pdf\">Download aqui.<\/a><\/p>\n","protected":false},"excerpt":{"rendered":"<p>Resumo O presente estudo tem como principal objetivo avaliar a din\u00e2mica de fluxo e o transporte de contaminantes da \u00c1rea&#8230;<\/p>\n","protected":false},"author":8,"featured_media":0,"parent":0,"menu_order":0,"comment_status":"closed","ping_status":"closed","template":"","meta":{"footnotes":""},"class_list":["post-910","page","type-page","status-publish","hentry"],"_links":{"self":[{"href":"https:\/\/uenf.br\/posgraduacao\/engenharia-civil\/wp-json\/wp\/v2\/pages\/910","targetHints":{"allow":["GET"]}}],"collection":[{"href":"https:\/\/uenf.br\/posgraduacao\/engenharia-civil\/wp-json\/wp\/v2\/pages"}],"about":[{"href":"https:\/\/uenf.br\/posgraduacao\/engenharia-civil\/wp-json\/wp\/v2\/types\/page"}],"author":[{"embeddable":true,"href":"https:\/\/uenf.br\/posgraduacao\/engenharia-civil\/wp-json\/wp\/v2\/users\/8"}],"replies":[{"embeddable":true,"href":"https:\/\/uenf.br\/posgraduacao\/engenharia-civil\/wp-json\/wp\/v2\/comments?post=910"}],"version-history":[{"count":0,"href":"https:\/\/uenf.br\/posgraduacao\/engenharia-civil\/wp-json\/wp\/v2\/pages\/910\/revisions"}],"wp:attachment":[{"href":"https:\/\/uenf.br\/posgraduacao\/engenharia-civil\/wp-json\/wp\/v2\/media?parent=910"}],"curies":[{"name":"wp","href":"https:\/\/api.w.org\/{rel}","templated":true}]}}