{"id":92,"date":"2015-09-04T00:00:22","date_gmt":"2015-09-04T00:00:22","guid":{"rendered":"http:\/\/uenf.br\/posgraduacao\/engenharia-civil\/?page_id=92"},"modified":"2024-03-06T19:32:41","modified_gmt":"2024-03-06T19:32:41","slug":"exame-de-proficiencia","status":"publish","type":"page","link":"https:\/\/uenf.br\/posgraduacao\/engenharia-civil\/exame-de-proficiencia\/","title":{"rendered":"Exame de profici\u00eancia em l\u00edngua inglesa"},"content":{"rendered":"<p><\/p>\n<div><strong>DATA<\/strong>: 14\/12\/2023<\/div>\n<div><strong>HOR\u00c1RIO:<\/strong> \u00a014 horas<\/div>\n<div><strong>LOCAL: <\/strong>Sala de semin\u00e1rios &#8211; LECIV<\/div>\n<div><strong>INSCRI\u00c7\u00c3O:<\/strong> Enviar o formul\u00e1rio de inscri\u00e7\u00e3o preenchido e assinado para ppgec@uenf.br ou entregar na secretaria do curso at\u00e9 11\/12\/2023<\/div>\n<p><a href=\"http:\/\/uenf.br\/posgraduacao\/engenharia-civil\/wp-content\/uploads\/sites\/3\/2020\/07\/Formulario7_Proficiencia-1.pdf\">Formul\u00e1rio de inscri\u00e7\u00e3o (PDF)<\/a><\/p>\n<p><a href=\"https:\/\/uenf.br\/posgraduacao\/engenharia-civil\/wp-content\/uploads\/sites\/3\/2021\/05\/Exame-de-Proficiencia-em-lingua-estrangeira.doc\">Formul\u00e1rio de inscri\u00e7\u00e3o (DOC)<\/a><\/p>\n<div><\/div>\n<div><\/div>\n<div>\n<table width=\"358\">\n<tbody>\n<tr>\n<td width=\"169\"><strong>MATR\u00cdCULA<\/strong><\/td>\n<td width=\"189\"><strong>RESULTADO<\/strong><\/td>\n<\/tr>\n<tr>\n<td width=\"169\">2023211200 09<\/td>\n<td width=\"189\">Aprovado<\/td>\n<\/tr>\n<tr>\n<td width=\"169\">2023111200 52<\/td>\n<td width=\"189\">Aprovado<\/td>\n<\/tr>\n<tr>\n<td width=\"169\">2023111200 60<\/td>\n<td width=\"189\"><span style=\"color: #ff0000\">Reprovado<\/span><\/td>\n<\/tr>\n<tr>\n<td width=\"169\">2023111200 47<\/td>\n<td width=\"189\"><span style=\"color: #ff0000\">Reprovado<\/span><\/td>\n<\/tr>\n<tr>\n<td width=\"169\">2023111200 32<\/td>\n<td width=\"189\">Aprovado<\/td>\n<\/tr>\n<tr>\n<td width=\"169\">2022211200 06<\/td>\n<td width=\"189\"><span style=\"color: #ff0000\">Reprovado<\/span><\/td>\n<\/tr>\n<tr>\n<td width=\"169\">2023111200 53<\/td>\n<td width=\"189\"><span style=\"color: #ff0000\">Reprovado<\/span><\/td>\n<\/tr>\n<tr>\n<td width=\"169\">2022211200 01<\/td>\n<td width=\"189\"><span style=\"color: #ff0000\">Reprovado<\/span><\/td>\n<\/tr>\n<tr>\n<td width=\"169\">202321120010<\/td>\n<td width=\"189\">Aprovado<\/td>\n<\/tr>\n<tr>\n<td width=\"169\">2023111200 48<\/td>\n<td width=\"189\">Aprovado<\/td>\n<\/tr>\n<tr>\n<td width=\"169\">2022211200 04<\/td>\n<td width=\"189\"><span style=\"color: #ff0000\">Reprovado<\/span><\/td>\n<\/tr>\n<tr>\n<td width=\"169\">2023111200 59<\/td>\n<td width=\"189\">Aprovado<\/td>\n<\/tr>\n<tr>\n<td width=\"169\">2022211200 05<\/td>\n<td width=\"189\">Aprovado<\/td>\n<\/tr>\n<tr>\n<td width=\"169\">2022211200 02<\/td>\n<td width=\"189\">Aprovado<\/td>\n<\/tr>\n<tr>\n<td width=\"169\">202321120012<\/td>\n<td width=\"189\"><span style=\"color: #ff0000\">Reprovado<\/span><\/td>\n<\/tr>\n<\/tbody>\n<\/table>\n<\/div>\n<div><\/div>\n<div><\/div>\n<div><\/div>\n<div>\n<hr \/>\n<\/div>\n<p><\/p>","protected":false},"excerpt":{"rendered":"<p>DATA: 14\/12\/2023 HOR\u00c1RIO: \u00a014 horas LOCAL: Sala de semin\u00e1rios &#8211; LECIV INSCRI\u00c7\u00c3O: Enviar o formul\u00e1rio de inscri\u00e7\u00e3o preenchido e assinado&#8230;<\/p>\n","protected":false},"author":8,"featured_media":0,"parent":0,"menu_order":14,"comment_status":"closed","ping_status":"closed","template":"","meta":{"footnotes":""},"class_list":["post-92","page","type-page","status-publish","hentry"],"_links":{"self":[{"href":"https:\/\/uenf.br\/posgraduacao\/engenharia-civil\/wp-json\/wp\/v2\/pages\/92","targetHints":{"allow":["GET"]}}],"collection":[{"href":"https:\/\/uenf.br\/posgraduacao\/engenharia-civil\/wp-json\/wp\/v2\/pages"}],"about":[{"href":"https:\/\/uenf.br\/posgraduacao\/engenharia-civil\/wp-json\/wp\/v2\/types\/page"}],"author":[{"embeddable":true,"href":"https:\/\/uenf.br\/posgraduacao\/engenharia-civil\/wp-json\/wp\/v2\/users\/8"}],"replies":[{"embeddable":true,"href":"https:\/\/uenf.br\/posgraduacao\/engenharia-civil\/wp-json\/wp\/v2\/comments?post=92"}],"version-history":[{"count":0,"href":"https:\/\/uenf.br\/posgraduacao\/engenharia-civil\/wp-json\/wp\/v2\/pages\/92\/revisions"}],"wp:attachment":[{"href":"https:\/\/uenf.br\/posgraduacao\/engenharia-civil\/wp-json\/wp\/v2\/media?parent=92"}],"curies":[{"name":"wp","href":"https:\/\/api.w.org\/{rel}","templated":true}]}}