{"id":958,"date":"2015-09-11T21:59:58","date_gmt":"2015-09-11T21:59:58","guid":{"rendered":"http:\/\/uenf.br\/posgraduacao\/engenharia-civil\/?page_id=958"},"modified":"2015-09-11T22:00:37","modified_gmt":"2015-09-11T22:00:37","slug":"dissertacoes-de-mestrado-2008-fabricia-benda","status":"publish","type":"page","link":"https:\/\/uenf.br\/posgraduacao\/engenharia-civil\/dissertacoes-de-mestrado-2008-fabricia-benda\/","title":{"rendered":"Disserta\u00e7\u00f5es de Mestrado 2008 &#8211; FABRICIA BENDA"},"content":{"rendered":"<p><strong>Resumo<\/strong><\/p>\n<p style=\"text-align: justify\">Este trabalho apresenta a metodologia utilizada na avalia\u00e7\u00e3o e sele\u00e7\u00e3o de \u00e1reas\u00a0para implanta\u00e7\u00e3o de aterros controlados no munic\u00edpio de Campos dos\u00a0Goytacazes\/RJ, Brasil, com o uso de an\u00e1lise multicrit\u00e9rio e sistemas de informa\u00e7\u00e3o\u00a0geogr\u00e1fica. Fez-se uma compara\u00e7\u00e3o utilizando-se diversas combina\u00e7\u00f5es de crit\u00e9rios,\u00a0a fim de observar as mudan\u00e7as impostas em conseq\u00fc\u00eancia dos crit\u00e9rios adotados e\u00a0uma an\u00e1lise final onde utilizou-se todos os crit\u00e9rios. Na an\u00e1lise final foram\u00a0encontradas 21 \u00e1reas maiores que 20ha, que apresentam adequabilidade alta,\u00a0superior a 220, na escala de 0 a 255. O dep\u00f3sito atual de lixo encontra-se sobre\u00a0uma \u00e1rea de aptid\u00e3o nula, distante aproximadamente 1km de regi\u00f5es que possuem\u00a0aptid\u00e3o superior a 220. Os resultados obtidos revelam que o m\u00e9todo da an\u00e1lise\u00a0estrat\u00e9gica de decis\u00e3o, viabilizada pela potencialidade do SIG, permite a integra\u00e7\u00e3o\u00a0de informa\u00e7\u00f5es espaciais para tomada de decis\u00e3o no processo de avalia\u00e7\u00e3o e\u00a0sele\u00e7\u00e3o de \u00e1reas para a implanta\u00e7\u00e3o de empreendimentos impactantes.<\/p>\n<p>&nbsp;<\/p>\n<p style=\"text-align: right\"><a href=\"http:\/\/uenf.br\/posgraduacao\/engenharia-civil\/wp-content\/uploads\/sites\/3\/2015\/09\/FABRICIA-BENDA.pdf\">Download aqui.<\/a><\/p>\n","protected":false},"excerpt":{"rendered":"<p>Resumo Este trabalho apresenta a metodologia utilizada na avalia\u00e7\u00e3o e sele\u00e7\u00e3o de \u00e1reas\u00a0para implanta\u00e7\u00e3o de aterros controlados no munic\u00edpio de&#8230;<\/p>\n","protected":false},"author":8,"featured_media":0,"parent":0,"menu_order":0,"comment_status":"closed","ping_status":"closed","template":"","meta":{"footnotes":""},"class_list":["post-958","page","type-page","status-publish","hentry"],"_links":{"self":[{"href":"https:\/\/uenf.br\/posgraduacao\/engenharia-civil\/wp-json\/wp\/v2\/pages\/958","targetHints":{"allow":["GET"]}}],"collection":[{"href":"https:\/\/uenf.br\/posgraduacao\/engenharia-civil\/wp-json\/wp\/v2\/pages"}],"about":[{"href":"https:\/\/uenf.br\/posgraduacao\/engenharia-civil\/wp-json\/wp\/v2\/types\/page"}],"author":[{"embeddable":true,"href":"https:\/\/uenf.br\/posgraduacao\/engenharia-civil\/wp-json\/wp\/v2\/users\/8"}],"replies":[{"embeddable":true,"href":"https:\/\/uenf.br\/posgraduacao\/engenharia-civil\/wp-json\/wp\/v2\/comments?post=958"}],"version-history":[{"count":0,"href":"https:\/\/uenf.br\/posgraduacao\/engenharia-civil\/wp-json\/wp\/v2\/pages\/958\/revisions"}],"wp:attachment":[{"href":"https:\/\/uenf.br\/posgraduacao\/engenharia-civil\/wp-json\/wp\/v2\/media?parent=958"}],"curies":[{"name":"wp","href":"https:\/\/api.w.org\/{rel}","templated":true}]}}