{"id":967,"date":"2015-09-11T22:10:22","date_gmt":"2015-09-11T22:10:22","guid":{"rendered":"http:\/\/uenf.br\/posgraduacao\/engenharia-civil\/?page_id=967"},"modified":"2015-09-11T22:10:22","modified_gmt":"2015-09-11T22:10:22","slug":"dissertacoes-de-mestrado-2008-gustavo-savaris","status":"publish","type":"page","link":"https:\/\/uenf.br\/posgraduacao\/engenharia-civil\/dissertacoes-de-mestrado-2008-gustavo-savaris\/","title":{"rendered":"Disserta\u00e7\u00f5es de Mestrado 2008 &#8211; GUSTAVO SAVARIS"},"content":{"rendered":"<p><strong>Resumo<\/strong><\/p>\n<p style=\"text-align: justify\">\nO objetivo geral deste trabalho \u00e9 estudar a intera\u00e7\u00e3o entre o comportamento da estrutura e os deslocamentos das funda\u00e7\u00f5es e verificar a influ\u00eancia na redistribui\u00e7\u00e3o das cargas entre os pilares.<\/p>\n<p style=\"text-align: justify\">O estudo foi dividido em duas etapas, sendo a primeira a monitora\u00e7\u00e3o dos recalques de um edif\u00edcio residencial, desde o in\u00edcio da constru\u00e7\u00e3o. Para isto foi projetado e desenvolvido um sistema de monitora\u00e7\u00e3o de recalques de edif\u00edcios com leitura de dados atrav\u00e9s de fotografias digitais, o qual permite o acompanhamentoda evolu\u00e7\u00e3o dos recalques, atrav\u00e9s de leituras freq\u00fcentes ao longo do processo construtivo.<\/p>\n<p style=\"text-align: justify\">A segunda etapa consta de uma an\u00e1lise num\u00e9rica tridimensional e linear da estrutura, pelo m\u00e9todo dos elementos finitos. Esta an\u00e1lise constitui-se de modelos num\u00e9ricos correspondentes \u00e0 execu\u00e7\u00e3o de cada pavimento, sendo consideradas duas condi\u00e7\u00f5es de apoio: uma considerando os apoios indesloc\u00e1veis e outra admitindo a exist\u00eancia dos recalques totais medidos em cada apoio.<\/p>\n<p style=\"text-align: justify\">Os dados obtidos s\u00e3o conclusivos a respeito da influ\u00eancia da rigidez da estrutura nos recalques ocorridos na edifica\u00e7\u00e3o a partir de dados de velocidade dos recalques, distor\u00e7\u00f5es angulares e recalques diferenciais nos diversos pontos monitorados. Comparando os resultados obtidos na an\u00e1lise num\u00e9rica para cada condi\u00e7\u00e3o de apoio foi poss\u00edvel avaliar a influ\u00eancia da rigidez da estrutura na transfer\u00eancia de cargas entre os pilares, ocorrida devido \u00e0 intera\u00e7\u00e3o solo estrutura.<\/p>\n<p style=\"text-align: justify\">\n<p style=\"text-align: right\"><a href=\"http:\/\/uenf.br\/posgraduacao\/engenharia-civil\/wp-content\/uploads\/sites\/3\/2015\/09\/GUSTAVO-SAVARIS.pdf\">Download aqui.<\/a><\/p>\n","protected":false},"excerpt":{"rendered":"<p>Resumo O objetivo geral deste trabalho \u00e9 estudar a intera\u00e7\u00e3o entre o comportamento da estrutura e os deslocamentos das funda\u00e7\u00f5es&#8230;<\/p>\n","protected":false},"author":8,"featured_media":0,"parent":0,"menu_order":0,"comment_status":"closed","ping_status":"closed","template":"","meta":{"footnotes":""},"class_list":["post-967","page","type-page","status-publish","hentry"],"_links":{"self":[{"href":"https:\/\/uenf.br\/posgraduacao\/engenharia-civil\/wp-json\/wp\/v2\/pages\/967","targetHints":{"allow":["GET"]}}],"collection":[{"href":"https:\/\/uenf.br\/posgraduacao\/engenharia-civil\/wp-json\/wp\/v2\/pages"}],"about":[{"href":"https:\/\/uenf.br\/posgraduacao\/engenharia-civil\/wp-json\/wp\/v2\/types\/page"}],"author":[{"embeddable":true,"href":"https:\/\/uenf.br\/posgraduacao\/engenharia-civil\/wp-json\/wp\/v2\/users\/8"}],"replies":[{"embeddable":true,"href":"https:\/\/uenf.br\/posgraduacao\/engenharia-civil\/wp-json\/wp\/v2\/comments?post=967"}],"version-history":[{"count":0,"href":"https:\/\/uenf.br\/posgraduacao\/engenharia-civil\/wp-json\/wp\/v2\/pages\/967\/revisions"}],"wp:attachment":[{"href":"https:\/\/uenf.br\/posgraduacao\/engenharia-civil\/wp-json\/wp\/v2\/media?parent=967"}],"curies":[{"name":"wp","href":"https:\/\/api.w.org\/{rel}","templated":true}]}}