{"id":991,"date":"2015-09-11T22:33:39","date_gmt":"2015-09-11T22:33:39","guid":{"rendered":"http:\/\/uenf.br\/posgraduacao\/engenharia-civil\/?page_id=991"},"modified":"2015-09-11T22:37:44","modified_gmt":"2015-09-11T22:37:44","slug":"dissertacoes-de-mestrado-2008-sandro-colonese","status":"publish","type":"page","link":"https:\/\/uenf.br\/posgraduacao\/engenharia-civil\/dissertacoes-de-mestrado-2008-sandro-colonese\/","title":{"rendered":"Disserta\u00e7\u00f5es de Mestrado 2008 &#8211; SANDRO COLONESE"},"content":{"rendered":"<p><strong>Resumo<\/strong><\/p>\n<p style=\"text-align: justify\">A protens\u00e3o \u00e9 um artif\u00edcio empregado em pe\u00e7as de concreto, fazendo-o trabalhar predominantemente \u00e0 compress\u00e3o e em regime el\u00e1stico, controlando as tens\u00f5es de tra\u00e7\u00e3o e por conseq\u00fc\u00eancia as fissuras que nelas se manifestam. A\u00a0protens\u00e3o com monocordoalhas n\u00e3o aderentes trouxe para as pequenas e m\u00e9dias edifica\u00e7\u00f5es o estado da arte antes aplicado somente em obras de grande porte, com a vantagem de sua f\u00e1cil manipula\u00e7\u00e3o e aplica\u00e7\u00e3o. Dentre os diversos sistemas de protens\u00e3o em pisos de edif\u00edcios destacam-se as lajes lisas protendidas com monocordoalhas engraxadas, n\u00e3o s\u00f3 pela beleza e esbeltez de sua estrutura, como tamb\u00e9m, pela flexibilidade arquitet\u00f4nica, agilidade de execu\u00e7\u00e3o e custos competitivos. O presente trabalho destina-se ao estudo e compara\u00e7\u00e3o dos dois m\u00e9todos mais utilizados para a determina\u00e7\u00e3o de esfor\u00e7os em pisos de edif\u00edcios com a aplica\u00e7\u00e3o da protens\u00e3o que s\u00e3o: o M\u00e9todo dos P\u00f3rticos Equivalentes e o M\u00e9todo dos Elementos Finitos. Admitindo-se os mesmos crit\u00e9rios de projeto, para ambos os\u00a0m\u00e9todos de an\u00e1lise, s\u00e3o apresentados e comparados os esfor\u00e7os \u00faltimos de projeto devido \u00e0 flex\u00e3o das lajes em estudo e o consumo de armaduras passivas. Na conclus\u00e3o deste trabalho apresentam-se as caracter\u00edsticas necess\u00e1rias das lajes lisas analisadas para que ocorram a converg\u00eancia ou diverg\u00eancia entre os dois m\u00e9todos.<\/p>\n<p style=\"text-align: right\"><a href=\"http:\/\/uenf.br\/posgraduacao\/engenharia-civil\/wp-content\/uploads\/sites\/3\/2015\/09\/SANDRO-COLONESE.pdf\">Downlaod aqui.<\/a><\/p>\n","protected":false},"excerpt":{"rendered":"<p>Resumo A protens\u00e3o \u00e9 um artif\u00edcio empregado em pe\u00e7as de concreto, fazendo-o trabalhar predominantemente \u00e0 compress\u00e3o e em regime el\u00e1stico,&#8230;<\/p>\n","protected":false},"author":8,"featured_media":0,"parent":0,"menu_order":0,"comment_status":"closed","ping_status":"closed","template":"","meta":{"footnotes":""},"class_list":["post-991","page","type-page","status-publish","hentry"],"_links":{"self":[{"href":"https:\/\/uenf.br\/posgraduacao\/engenharia-civil\/wp-json\/wp\/v2\/pages\/991","targetHints":{"allow":["GET"]}}],"collection":[{"href":"https:\/\/uenf.br\/posgraduacao\/engenharia-civil\/wp-json\/wp\/v2\/pages"}],"about":[{"href":"https:\/\/uenf.br\/posgraduacao\/engenharia-civil\/wp-json\/wp\/v2\/types\/page"}],"author":[{"embeddable":true,"href":"https:\/\/uenf.br\/posgraduacao\/engenharia-civil\/wp-json\/wp\/v2\/users\/8"}],"replies":[{"embeddable":true,"href":"https:\/\/uenf.br\/posgraduacao\/engenharia-civil\/wp-json\/wp\/v2\/comments?post=991"}],"version-history":[{"count":0,"href":"https:\/\/uenf.br\/posgraduacao\/engenharia-civil\/wp-json\/wp\/v2\/pages\/991\/revisions"}],"wp:attachment":[{"href":"https:\/\/uenf.br\/posgraduacao\/engenharia-civil\/wp-json\/wp\/v2\/media?parent=991"}],"curies":[{"name":"wp","href":"https:\/\/api.w.org\/{rel}","templated":true}]}}