{"id":106,"date":"2013-04-03T19:59:13","date_gmt":"2013-04-03T19:59:13","guid":{"rendered":"http:\/\/uenf.br\/pos-graduacao\/engenharia-de-producao\/?page_id=106"},"modified":"2013-04-03T19:59:13","modified_gmt":"2013-04-03T19:59:13","slug":"uenf","status":"publish","type":"page","link":"https:\/\/uenf.br\/posgraduacao\/engenharia-de-producao\/normas-da-pos-graduacao\/uenf\/","title":{"rendered":"UENF"},"content":{"rendered":"<ol>\n<li><strong>Regimento Geral da P\u00f3s-Gradua\u00e7\u00e3o<\/strong>\u00a0(UENF):\u00a0<a href=\"https:\/\/uenf.br\/posgraduacao\/engenharia-de-producao\/wp-content\/uploads\/sites\/13\/2013\/04\/Regimento-da-PG-2011.pdf\">Regimento da PG 2011<\/a><\/li>\n<li><strong>Norma para elabora\u00e7\u00e3o de disserta\u00e7\u00e3o <\/strong>(UENF)<strong>:\u00a0<a href=\"https:\/\/uenf.br\/posgraduacao\/engenharia-de-producao\/wp-content\/uploads\/sites\/13\/2013\/04\/Normas-Para-Elabora\u00e7\u00e3o-de-Teses-UENF.pdf\">Normas Para Elabora\u00e7\u00e3o de Teses &#8211; UENF<\/a>\u00a0<\/strong><\/li>\n<\/ol>\n","protected":false},"excerpt":{"rendered":"<p>Regimento Geral da P\u00f3s-Gradua\u00e7\u00e3o\u00a0(UENF):\u00a0Regimento da PG 2011 Norma para elabora\u00e7\u00e3o de disserta\u00e7\u00e3o (UENF):\u00a0Normas Para Elabora\u00e7\u00e3o de Teses &#8211; UENF\u00a0<\/p>\n","protected":false},"author":27,"featured_media":0,"parent":63,"menu_order":2,"comment_status":"open","ping_status":"open","template":"","meta":{"footnotes":""},"class_list":["post-106","page","type-page","status-publish","hentry"],"_links":{"self":[{"href":"https:\/\/uenf.br\/posgraduacao\/engenharia-de-producao\/wp-json\/wp\/v2\/pages\/106","targetHints":{"allow":["GET"]}}],"collection":[{"href":"https:\/\/uenf.br\/posgraduacao\/engenharia-de-producao\/wp-json\/wp\/v2\/pages"}],"about":[{"href":"https:\/\/uenf.br\/posgraduacao\/engenharia-de-producao\/wp-json\/wp\/v2\/types\/page"}],"author":[{"embeddable":true,"href":"https:\/\/uenf.br\/posgraduacao\/engenharia-de-producao\/wp-json\/wp\/v2\/users\/27"}],"replies":[{"embeddable":true,"href":"https:\/\/uenf.br\/posgraduacao\/engenharia-de-producao\/wp-json\/wp\/v2\/comments?post=106"}],"version-history":[{"count":0,"href":"https:\/\/uenf.br\/posgraduacao\/engenharia-de-producao\/wp-json\/wp\/v2\/pages\/106\/revisions"}],"up":[{"embeddable":true,"href":"https:\/\/uenf.br\/posgraduacao\/engenharia-de-producao\/wp-json\/wp\/v2\/pages\/63"}],"wp:attachment":[{"href":"https:\/\/uenf.br\/posgraduacao\/engenharia-de-producao\/wp-json\/wp\/v2\/media?parent=106"}],"curies":[{"name":"wp","href":"https:\/\/api.w.org\/{rel}","templated":true}]}}