{"id":114,"date":"2013-04-04T13:56:15","date_gmt":"2013-04-04T13:56:15","guid":{"rendered":"http:\/\/uenf.br\/pos-graduacao\/engenharia-de-producao\/?page_id=114"},"modified":"2019-11-11T10:34:01","modified_gmt":"2019-11-11T13:34:01","slug":"docentes","status":"publish","type":"page","link":"https:\/\/uenf.br\/posgraduacao\/engenharia-de-producao\/docentes\/","title":{"rendered":"Docentes"},"content":{"rendered":"<p><strong>Ailton da Silva Ferreira\u00a0<\/strong>&#8211; UFF\/Maca\u00e9<\/p>\n<ul>\n<li>Doutorado em Engenharia Metal\u00fargica e de Materiais, UENF, Brasil, 2009.<\/li>\n<li>\u00c1reas de Atua\u00e7\u00e3o: Administra\u00e7\u00e3o da Produ\u00e7\u00e3o; Modelagem; Planejamento e Controle da Produ\u00e7\u00e3o; ERP.<\/li>\n<li>E-mail:\u00a0<a href=\"mailto:ailtonsilvaferreira@yahoo.com.br\">ailtonsilvaferreira@yahoo.com.br<\/a><\/li>\n<li><a title=\"Curr\u00edculo Ailton\" href=\"http:\/\/buscatextual.cnpq.br\/buscatextual\/visualizacv.do?id=K4596975J0\">Curr\u00edculo Lattes<\/a><\/li>\n<\/ul>\n<p><strong>Alcimar das Chagas Ribeiro\u00a0<\/strong>&#8211; LEPROD \/ CCT \/ UENF<\/p>\n<ul>\n<li>Doutorado em Ci\u00eancias de Engenharia, UENF, Brasil, 2002.<\/li>\n<li>\u00c1reas de Atua\u00e7\u00e3o: economia de aglomera\u00e7\u00e3o; competitividade; desenvolvimento local; organiza\u00e7\u00e3o produtiva em redes de pequenas firmas.<\/li>\n<li>E-mail:\u00a0<a href=\"mailto:alcimar@uenf.br\">alcimar@uenf.br<\/a><\/li>\n<li><a title=\"Curr\u00edculo Alcimar\" href=\"http:\/\/buscatextual.cnpq.br\/buscatextual\/visualizacv.do?id=K4701709U3\">Curr\u00edculo Lattes<\/a><\/li>\n<\/ul>\n<p><strong>Andr\u00e9 Lu\u00eds Policani Freitas<\/strong>\u00a0&#8211; LEPROD \/ CCT \/ UENF<\/p>\n<ul>\n<li>Doutorado em Ci\u00eancias de Engenharia, UENF, Brasil, 2001.<\/li>\n<li>\u00c1reas de Atua\u00e7\u00e3o: gest\u00e3o da qualidade; qualidade em servi\u00e7os; modelagem de problemas de decis\u00e3o no contexto organizacional; problemas decis\u00f3rios envolvendo m\u00faltiplos avaliadores\/decisores.<\/li>\n<li>E-mail:\u00a0<a href=\"mailto:policani@uenf.br\">policani@uenf.br<\/a><\/li>\n<li><a href=\"http:\/\/buscatextual.cnpq.br\/buscatextual\/visualizacv.do?id=K4765251H7\">Curr\u00edculo Lattes\u00a0<\/a><\/li>\n<\/ul>\n<p><strong>Geraldo Galdino de Paula Junior<\/strong>\u00a0&#8211; LEPROD \/ CCT \/ UENF<\/p>\n<ul>\n<li>Doutorado em Engenharia de Sistemas e Computa\u00e7\u00e3o, UFRJ, Brasil, 1986.<\/li>\n<li>\u00c1reas de Atua\u00e7\u00e3o: otimiza\u00e7\u00e3o; metaheur\u00edsticas; redes neurais; log\u00edstica da cadeia de suprimentos; ger\u00eancia de produ\u00e7\u00e3o e economia florestal.<\/li>\n<li>E-mail:\u00a0<a href=\"mailto:galdino@uenf.br\">galdino@uenf.br<\/a><\/li>\n<li><a href=\"http:\/\/buscatextual.cnpq.br\/buscatextual\/visualizacv.do?id=K4787936J5\">Curr\u00edculo Lattes<\/a><\/li>\n<\/ul>\n<p><strong>Gudelia Guillermina Morales de Arica<\/strong>\u00a0&#8211; LEPROD \/ CCT \/ UENF<\/p>\n<ul>\n<li>Doutorado em Engenharia de Sistemas e Computa\u00e7\u00e3o, UFRJ, Brasil, 1997.<\/li>\n<li>\u00c1reas de Atua\u00e7\u00e3o: dois n\u00edveis generalizado; restri\u00e7\u00f5es de equil\u00edbrio; n\u00e3o diferenciabilidade.<\/li>\n<li>E-mail:\u00a0<a href=\"mailto:gudelia@uenf.br\">gudelia@uenf.br<\/a><\/li>\n<li><a href=\"http:\/\/buscatextual.cnpq.br\/buscatextual\/visualizacv.do?id=K4708921E6\">Curr\u00edculo Lattes<\/a><\/li>\n<\/ul>\n<p><strong>Jacqueline Magalh\u00e3es Rangel Cortes Barbirato<\/strong>\u00a0&#8211; LEPROD \/ CCT \/ UENF<\/p>\n<ul>\n<li>Doutorado em Ci\u00eancias de Engenharia, UENF, Brasil, 2003.<\/li>\n<li>\u00c1reas de Atua\u00e7\u00e3o:\u00a0otimiza\u00e7\u00e3o multiobjetivo; metaheur\u00edstica; pesquisa operacional aplicada a problemas de simula\u00e7\u00e3o, arranjo f\u00edsico e distribui\u00e7\u00e3o.<\/li>\n<li>E-mail:\u00a0<a href=\"mailto:jmrc@uenf.br\">jmrc@uenf.br<\/a><\/li>\n<li><a href=\"http:\/\/lattes.cnpq.br\/8297390751229684\">Curr\u00edculo Lattes<\/a><\/li>\n<\/ul>\n<p><strong>Manuel Antonio Molina Palma<\/strong>\u00a0&#8211; LEPROD \/ CCT \/ UENF<\/p>\n<ul>\n<li>Doutorado em Administra\u00e7\u00e3o, USP, Brasil, 2004.<\/li>\n<li>\u00c1reas de Atua\u00e7\u00e3o: estudo da contribui\u00e7\u00e3o das universidades\/centros de pesquisas para o desenvolvimento regional (Modelo da Triple H\u00e9lice); a gest\u00e3o da inova\u00e7\u00e3o tecnol\u00f3gica no\u00a0\u00e2mbito\u00a0empresarial; an\u00e1lise da capacidade de inova\u00e7\u00e3o em setores economicamente maduros envolvendo PMEs, gest\u00e3o estrat\u00e9gica, pol\u00edtica tecnol\u00f3gica e industrial; an\u00e1lise da forma\u00e7\u00e3o de valor e elabora\u00e7\u00e3o de mapas cognitivos.<\/li>\n<li>E-mail:\u00a0<a href=\"mailto:mmolina@uenf.br\">mmolina@uenf.br<\/a><\/li>\n<li><a href=\"http:\/\/lattes.cnpq.br\/6034302026767691\">Curr\u00edculo Lattes<\/a><\/li>\n<\/ul>\n<p><strong>Rodrigo Tavares Nogueira<\/strong>\u00a0&#8211;\u00a0LEPROD \/ CCT \/ UENF<\/p>\n<ul>\n<li>Doutorado em Ci\u00eancias de Engenharia, UENF, Brasil, 2002.<\/li>\n<li>\u00c1reas de Atua\u00e7\u00e3o: m\u00e9todos heur\u00edsticos de solu\u00e7\u00e3o em problemas de otimiza\u00e7\u00e3o em sele\u00e7\u00e3o de portf\u00f3lios; roteamento de ve\u00edculos; corte uni-dimensional e corte bidimensional; log\u00edstica; planejamento, controle,\u00a0simula\u00e7\u00e3o\u00a0da produ\u00e7\u00e3o.<\/li>\n<li>E-mail:\u00a0nogueirart@bol.com.br<\/li>\n<li><a href=\"http:\/\/buscatextual.cnpq.br\/buscatextual\/visualizacv.do?id=K4717909H9\">Curr\u00edculo Lattes<\/a><\/li>\n<\/ul>\n","protected":false},"excerpt":{"rendered":"<p>Ailton da Silva Ferreira\u00a0&#8211; UFF\/Maca\u00e9 Doutorado em Engenharia Metal\u00fargica e de Materiais, UENF, Brasil, 2009. \u00c1reas de Atua\u00e7\u00e3o: Administra\u00e7\u00e3o da&#8230;<\/p>\n","protected":false},"author":27,"featured_media":0,"parent":0,"menu_order":3,"comment_status":"open","ping_status":"closed","template":"","meta":{"footnotes":""},"class_list":["post-114","page","type-page","status-publish","hentry"],"_links":{"self":[{"href":"https:\/\/uenf.br\/posgraduacao\/engenharia-de-producao\/wp-json\/wp\/v2\/pages\/114","targetHints":{"allow":["GET"]}}],"collection":[{"href":"https:\/\/uenf.br\/posgraduacao\/engenharia-de-producao\/wp-json\/wp\/v2\/pages"}],"about":[{"href":"https:\/\/uenf.br\/posgraduacao\/engenharia-de-producao\/wp-json\/wp\/v2\/types\/page"}],"author":[{"embeddable":true,"href":"https:\/\/uenf.br\/posgraduacao\/engenharia-de-producao\/wp-json\/wp\/v2\/users\/27"}],"replies":[{"embeddable":true,"href":"https:\/\/uenf.br\/posgraduacao\/engenharia-de-producao\/wp-json\/wp\/v2\/comments?post=114"}],"version-history":[{"count":0,"href":"https:\/\/uenf.br\/posgraduacao\/engenharia-de-producao\/wp-json\/wp\/v2\/pages\/114\/revisions"}],"wp:attachment":[{"href":"https:\/\/uenf.br\/posgraduacao\/engenharia-de-producao\/wp-json\/wp\/v2\/media?parent=114"}],"curies":[{"name":"wp","href":"https:\/\/api.w.org\/{rel}","templated":true}]}}