{"id":125,"date":"2013-04-04T17:46:06","date_gmt":"2013-04-04T17:46:06","guid":{"rendered":"http:\/\/uenf.br\/pos-graduacao\/engenharia-de-producao\/?page_id=125"},"modified":"2013-04-04T17:46:06","modified_gmt":"2013-04-04T17:46:06","slug":"gerencia-da-producao","status":"publish","type":"page","link":"https:\/\/uenf.br\/posgraduacao\/engenharia-de-producao\/areas-de-concentracao\/gerencia-da-producao\/","title":{"rendered":"Ger\u00eancia da Produ\u00e7\u00e3o"},"content":{"rendered":"<p><strong>1-Gest\u00e3o de Organiza\u00e7\u00f5es<\/strong><\/p>\n<ul>\n<li>Descri\u00e7\u00e3o:\u00a0S\u00e3o pesquisadas t\u00e9cnicas relacionadas \u00e0 Produ\u00e7\u00e3o e ao Trabalho, poss\u00edveis de serem aplicadas em organiza\u00e7\u00f5es p\u00fablicas e privadas, visando o aumento da competitividade das empresas.<\/li>\n<li>Projetos:i)An\u00e1lise e Melhoria de Processos de Produ\u00e7\u00e3o. ii)Aux\u00edlio Multicrit\u00e9rio \u00e0 Decis\u00e3o e An\u00e1lise Multivariada de Dados Aplicados a Problemas Decis\u00f3rios Coorporativos. iii)Canada-Brazil partnership: sustainability among micro and small enterprises. iv)Estrat\u00e9gia Produtiva e Desenvolvimento Local.v)Fatores de sucesso em aglomerados produtivos. vi)Levantamento georeferenciado da ind\u00fastria cer\u00e2mica no Norte\/Noroeste Fluminense. vii)Levantamento, sistematiza\u00e7\u00e3o e an\u00e1lise de dados da conjuntura econ\u00f4mica do Estado do Rio de Janeiro. viii)Mapeamento do Processo de Desenvolvimento do Aglomerado Produtivo &#8220;Complexo Portu\u00e1rio do A\u00e7u&#8221;. ix)Resgate e dissemina\u00e7\u00e3o da hist\u00f3ria local: uma estrat\u00e9gia para a mudan\u00e7a s\u00f3cio-cultural e econ\u00f4mica. x)Sistemas Integrados de Gest\u00e3o.<\/li>\n<\/ul>\n<p><strong>2-Inova\u00e7\u00e3o Tecnol\u00f3gica<\/strong><\/p>\n<ul>\n<li>Descri\u00e7\u00e3o:Investiga-se o papel da inova\u00e7\u00e3o tecnol\u00f3gica, entre outras quest\u00f5es, para o aumento da competitividade de empresas e o desenvolvimento da regi\u00e3o.<\/li>\n<li>Projetos:i)A forma\u00e7\u00e3o e divulga\u00e7\u00e3o do conhecimento &#8211; a virtude e o pecado: a percep\u00e7\u00e3o de pl\u00e1gio entre professores e alunos da UENF. ii)Desenvolvimento de produtos de cer\u00e2mica vermelha com res\u00edduos sider\u00fargicos. iii)Inova\u00e7\u00e3o Tecnol\u00f3gica e Competitividade: An\u00e1lise das Organiza\u00e7\u00f5es e suas Rela\u00e7\u00f5es. iv)Inova\u00e7\u00e3o Tecnol\u00f3gica e Desempenho Empresarial: Estudo Explorat\u00f3rio no Setor Produtivo de Campos dos Goytacazes, Rio de Janeiro. v)Programa Capacitar para Transformar Sistema Produtivo Local.<\/li>\n<\/ul>\n","protected":false},"excerpt":{"rendered":"<p>1-Gest\u00e3o de Organiza\u00e7\u00f5es Descri\u00e7\u00e3o:\u00a0S\u00e3o pesquisadas t\u00e9cnicas relacionadas \u00e0 Produ\u00e7\u00e3o e ao Trabalho, poss\u00edveis de serem aplicadas em organiza\u00e7\u00f5es p\u00fablicas e&#8230;<\/p>\n","protected":false},"author":27,"featured_media":0,"parent":123,"menu_order":0,"comment_status":"open","ping_status":"open","template":"","meta":{"footnotes":""},"class_list":["post-125","page","type-page","status-publish","hentry"],"_links":{"self":[{"href":"https:\/\/uenf.br\/posgraduacao\/engenharia-de-producao\/wp-json\/wp\/v2\/pages\/125","targetHints":{"allow":["GET"]}}],"collection":[{"href":"https:\/\/uenf.br\/posgraduacao\/engenharia-de-producao\/wp-json\/wp\/v2\/pages"}],"about":[{"href":"https:\/\/uenf.br\/posgraduacao\/engenharia-de-producao\/wp-json\/wp\/v2\/types\/page"}],"author":[{"embeddable":true,"href":"https:\/\/uenf.br\/posgraduacao\/engenharia-de-producao\/wp-json\/wp\/v2\/users\/27"}],"replies":[{"embeddable":true,"href":"https:\/\/uenf.br\/posgraduacao\/engenharia-de-producao\/wp-json\/wp\/v2\/comments?post=125"}],"version-history":[{"count":0,"href":"https:\/\/uenf.br\/posgraduacao\/engenharia-de-producao\/wp-json\/wp\/v2\/pages\/125\/revisions"}],"up":[{"embeddable":true,"href":"https:\/\/uenf.br\/posgraduacao\/engenharia-de-producao\/wp-json\/wp\/v2\/pages\/123"}],"wp:attachment":[{"href":"https:\/\/uenf.br\/posgraduacao\/engenharia-de-producao\/wp-json\/wp\/v2\/media?parent=125"}],"curies":[{"name":"wp","href":"https:\/\/api.w.org\/{rel}","templated":true}]}}