{"id":127,"date":"2013-04-04T17:46:25","date_gmt":"2013-04-04T17:46:25","guid":{"rendered":"http:\/\/uenf.br\/pos-graduacao\/engenharia-de-producao\/?page_id=127"},"modified":"2013-04-04T17:46:25","modified_gmt":"2013-04-04T17:46:25","slug":"pesquisa-operacional","status":"publish","type":"page","link":"https:\/\/uenf.br\/posgraduacao\/engenharia-de-producao\/areas-de-concentracao\/pesquisa-operacional\/","title":{"rendered":"Pesquisa Operacional"},"content":{"rendered":"<p><strong>LINHAS DE PESQUISA<\/strong><\/p>\n<p><strong><span style=\"line-height: 13px\">1-Otimiza\u00e7\u00e3o<\/span><\/strong><span style=\"line-height: 13px\"><strong> Cont\u00ednua<\/strong>\u00a0<\/span><\/p>\n<ul>\n<li>Descri\u00e7\u00e3o: Pesquisa e desenvolvimento de m\u00e9todos, modelos e ferramentas computacionais para a otimiza\u00e7\u00e3o cont\u00ednua, abordando temas como Programa\u00e7\u00e3o Convexa, Linear, e N\u00e3o Diferenci\u00e1vel.<\/li>\n<li>Projetos: i) Aprimoramento e Aplica\u00e7\u00e3o de Um Modelo Para Planejamento de Movimenta\u00e7\u00e3o de G\u00e1s Natural na Bacia de Campos. ii) Aspectos Geom\u00e9tricos da Programa\u00e7\u00e3o Matem\u00e1tica N\u00e3o Diferenci\u00e1vel.<\/li>\n<\/ul>\n<p><strong>2-Otimiza\u00e7\u00e3o Discreta<\/strong><\/p>\n<ul>\n<li><span style=\"line-height: 13px\">Descri\u00e7\u00e3o:Pesquisa e desenvolvimento de m\u00e9todos, modelos e ferramentas computacionais para a otimiza\u00e7\u00e3o cont\u00ednua, abordando temas como Programa\u00e7\u00e3o Combinat\u00f3ria, Programa\u00e7\u00e3o Linear, An\u00e1lise Multicrit\u00e9rio, Grafos e Redes.<\/span><\/li>\n<li>Projetos: i)Aplica\u00e7\u00f5es da Pesquisa Operacional para a Gest\u00e3o de Res\u00edduos S\u00f3lidos. ii)Aplica\u00e7\u00f5es de Redes Neurais. iii)Aplica\u00e7\u00f5es dos M\u00e9todos de Otimiza\u00e7\u00e3o em Problemas Ambientais. iv)Contribui\u00e7\u00e3o para a tomada de decis\u00e3o em log\u00edstica. v)Desenvolvimento de Aplicativo para Auxiliar o Planejamento da Localiza\u00e7\u00e3o de Plataformas de Produ\u00e7\u00e3o de Petr\u00f3leo. vi)Metaheur\u00edsticas \u00a0Aplicadas a Problemas de Engenharia de Produ\u00e7\u00e3o.<\/li>\n<\/ul>\n","protected":false},"excerpt":{"rendered":"<p>LINHAS DE PESQUISA 1-Otimiza\u00e7\u00e3o Cont\u00ednua\u00a0 Descri\u00e7\u00e3o: Pesquisa e desenvolvimento de m\u00e9todos, modelos e ferramentas computacionais para a otimiza\u00e7\u00e3o cont\u00ednua, abordando&#8230;<\/p>\n","protected":false},"author":27,"featured_media":0,"parent":123,"menu_order":0,"comment_status":"open","ping_status":"open","template":"","meta":{"footnotes":""},"class_list":["post-127","page","type-page","status-publish","hentry"],"_links":{"self":[{"href":"https:\/\/uenf.br\/posgraduacao\/engenharia-de-producao\/wp-json\/wp\/v2\/pages\/127","targetHints":{"allow":["GET"]}}],"collection":[{"href":"https:\/\/uenf.br\/posgraduacao\/engenharia-de-producao\/wp-json\/wp\/v2\/pages"}],"about":[{"href":"https:\/\/uenf.br\/posgraduacao\/engenharia-de-producao\/wp-json\/wp\/v2\/types\/page"}],"author":[{"embeddable":true,"href":"https:\/\/uenf.br\/posgraduacao\/engenharia-de-producao\/wp-json\/wp\/v2\/users\/27"}],"replies":[{"embeddable":true,"href":"https:\/\/uenf.br\/posgraduacao\/engenharia-de-producao\/wp-json\/wp\/v2\/comments?post=127"}],"version-history":[{"count":0,"href":"https:\/\/uenf.br\/posgraduacao\/engenharia-de-producao\/wp-json\/wp\/v2\/pages\/127\/revisions"}],"up":[{"embeddable":true,"href":"https:\/\/uenf.br\/posgraduacao\/engenharia-de-producao\/wp-json\/wp\/v2\/pages\/123"}],"wp:attachment":[{"href":"https:\/\/uenf.br\/posgraduacao\/engenharia-de-producao\/wp-json\/wp\/v2\/media?parent=127"}],"curies":[{"name":"wp","href":"https:\/\/api.w.org\/{rel}","templated":true}]}}