{"id":141,"date":"2013-04-04T18:59:29","date_gmt":"2013-04-04T18:59:29","guid":{"rendered":"http:\/\/uenf.br\/pos-graduacao\/engenharia-de-producao\/?page_id=141"},"modified":"2013-04-04T18:59:29","modified_gmt":"2013-04-04T18:59:29","slug":"disciplinas-e-ementas","status":"publish","type":"page","link":"https:\/\/uenf.br\/posgraduacao\/engenharia-de-producao\/disciplinas-e-ementas\/","title":{"rendered":"Disciplinas e Ementas"},"content":{"rendered":"<ul>\n<li><em><strong>DISCIPLINAS OBRIGAT\u00d3RIAS \u00a0PARA TODAS AS \u00c1REAS<\/strong><\/em><\/li>\n<\/ul>\n<p><strong>PRO 1778 &#8211; SEMIN\u00c1RIO EM ENGENHARIA DE PRODU\u00c7\u00c3O I \u2013 01 CR<br \/>\n<\/strong><em>Coordenador: professores do Programa<br \/>\n<\/em>Ementa: Palestras abordando temas relacionados \u00e0 Engenharia de Produ\u00e7\u00e3o.<\/p>\n<p><strong>PRO 1758 &#8211; SEMIN\u00c1RIO EM ENGENHARIA DE PRODU\u00c7\u00c3O II \u2013 01 CR<br \/>\n<\/strong><em>Coordenador: professores do Programa<br \/>\n<\/em>Ementa: Palestras abordando temas relacionados \u00e0 Engenharia de Produ\u00e7\u00e3o.<\/p>\n<p><strong>PRO 1757 &#8211; METODOLOGIA DA PESQUISA E PUBLICA\u00c7\u00c3O \u2013 00 CR<br \/>\n<\/strong><em>Coordenadores:\u00a0<em>professores do Programa<\/em><\/em><br \/>\nEmenta: Introdu\u00e7\u00e3o e vis\u00e3o geral da pesquisa cient\u00edfica. Metodologia da pesquisa cient\u00edfica. A ci\u00eancia como forma de constru\u00e7\u00e3o do conhecimento. Produ\u00e7\u00e3o e transmiss\u00e3o do conhecimento atrav\u00e9s da pesquisa cient\u00edfica. Referencial te\u00f3rico e referencial metodol\u00f3gico. Tipos gerais de projetos de pesquisa. Dissemina\u00e7\u00e3o ou publica\u00e7\u00e3o dos resultados da pesquisa.<\/p>\n<ul>\n<li><em><strong>DISCIPLINAS OBRIGAT\u00d3RIAS \u00a0PARA \u00c1REA DE GER\u00caNCIA DA PRODU\u00c7\u00c3O<\/strong><\/em><\/li>\n<\/ul>\n<p><strong>PRO 1766 &#8211; QUALIDADE E PRODUTIVIDADE \u2013 04 CR<br \/>\n<\/strong><em>Coordenador: prof. Andr\u00e9 Lu\u00eds Policani Freitas, D.Sc.<br \/>\n<\/em>Ementa: Conceito de Qualidade. T\u00e9cnicas modernas para gerenciamento de qualidade. Programas de qualidade, medi\u00e7\u00e3o, avalia\u00e7\u00e3o e melhoramento na produtividade, tanto no setor de manufatura como de servi\u00e7os. Implanta\u00e7\u00e3o de planos e programas de produtividade. As normas ISO 9000 Princ\u00edpios do controle estat\u00edstico de qualidade.<\/p>\n<p><strong>PRO 1760 &#8211; PLANEJAMENTO E CONTROLE DA PRODU\u00c7\u00c3O<\/strong>\u00a0&#8211;\u00a0<strong>04 CR\u00a0<\/strong><br \/>\n<em>Coordenador:<br \/>\n<\/em>Ementa: Introdu\u00e7\u00e3o, Princ\u00edpios de Previs\u00e3o de Demanda, Princ\u00edpios de Gerenciamento de Estoques, Principais filosofias de PCP, Planejamento Agregado, Planejamento da Necessidade de Materiais (MRP), Programa\u00e7\u00e3o da Produ\u00e7\u00e3o, Controle da Produ\u00e7\u00e3o, Planejamento da Capacidade, Introdu\u00e7\u00e3o a ERP, Laborat\u00f3rio de ERP.<\/p>\n<ul>\n<li><em><strong>DISCIPLINAS OBRIGAT\u00d3RIAS \u00a0PARA \u00c1REA DE PESQUISA OPERACIONAL<\/strong><\/em><\/li>\n<\/ul>\n<p><strong>PRO 1620 &#8211; TRATAMENTO ANAL\u00cdTICO DA IMPRECIS\u00c3O \u2013 04 CR<br \/>\n<\/strong><em>Coordenador: prof. Rodrigo Tavares Nogueira, D.Sc.<br \/>\n<\/em>Ementa: Elementos de Estat\u00edstica e probabilidade: Estat\u00edstica descritiva (popula\u00e7\u00e3o, amostra, representa\u00e7\u00e3o gr\u00e1fica de dados; m\u00e9dia, mediana, moda; vari\u00e2ncia desvio padr\u00e3o). Distribui\u00e7\u00e3o de probabilidade. Amostragem e estima\u00e7\u00e3o. Testes de hip\u00f3tese. Correla\u00e7\u00e3o e regress\u00e3o.<\/p>\n<p><strong>PRO 1621 &#8211; OTIMIZA\u00c7\u00c3O LINEAR \u2013 04 CR<br \/>\n<\/strong><em>Coordenadores: prof. Geraldo Galdino de Paula Junior, D.Sc.<br \/>\n<\/em>Ementa: Apresenta\u00e7\u00e3o da Programa\u00e7\u00e3o Matem\u00e1tica: defini\u00e7\u00f5es. Modelagem em Programa\u00e7\u00e3o Linear. Revis\u00e3o de T\u00f3picos de An\u00e1lise Convexa, Poliedros e \u00c1lgebra Linear. O M\u00e9todo Simplex. O M\u00e9todo Simplex Revisado. Dualidade e An\u00e1lise de Sensibilidade. Programa\u00e7\u00e3o Linear Param\u00e9trica. O Problema de Fluxos em Redes: Transporte e Aloca\u00e7\u00e3o.<\/p>\n<ul>\n<li><em><strong>DEMAIS DISCIPLINAS<\/strong><\/em><\/li>\n<\/ul>\n<p><strong>PRO 1773 &#8211; CONFIABILIDADE INDUSTRIAL\u00a0<\/strong><strong>&#8211; 04 CR<br \/>\n<\/strong><em>Coordenador: Daniel Ign\u00e1cio de Souza J\u00fanior, Ph.D.<br \/>\n<\/em>Ementa: Revis\u00e3o de Probabilidade e Estat\u00edstica Aplicada \u00e0 Qualidade. Testes de Vida. Curva da banheira. Testes de Hip\u00f3teses.Intervalos de Confian\u00e7a. Distribui\u00e7\u00f5es Qui-Quadrado e Exponencial. Exemplos e Aplica\u00e7\u00f5es.<\/p>\n<p><strong>PRO 1774 &#8211; REDES NEURAIS ARTIFICIAIS &#8211; 04 CR<\/strong><br \/>\n<em>Coordenador: Geraldo Galdino de Paula Junior, D.Sc.<br \/>\n<\/em>Ementa: Os Processos de aprendizado, supervisionado e n\u00e3o-suprevisionado, em redes neurais. O processo de treinamento de redes neurais. Perceptrons de camada simples. Perceptrons de camadas m\u00faltiplas. Fun\u00e7\u00e3o de base radial e redes de fun\u00e7\u00f5es de base radial. Neurodin\u00e2mica e programa\u00e7\u00e3o neurodin\u00e2mica. Redes neurais recorrentes, dinamicamente orientadas. Redes neurais \u2018feedforward\u2019 ou redes neurais \u2018backpropagation\u2019. Redes e \u2018mapas auto-organizados\u2019 de Kohonen. Aplica\u00e7\u00f5es.<\/p>\n<p><strong>PRO 1775 &#8211; SISTEMAS INTEGRADOS DE GEST\u00c3O (ERP) &#8211; 04 CR<\/strong><br \/>\n<em>Coordenador: prof. Rog\u00e9rio Atem de Carvalho, D.Sc.<\/em><br \/>\nEmenta: O Ambiente Corporativo de Aplica\u00e7\u00f5es; Conceitos de Gest\u00e3o Integrada da Produ\u00e7\u00e3o; Arquiteturas de Refer\u00eancia; Metodologias de An\u00e1lise de Empresas; Modelagem de Processos de Neg\u00f3cio; Implanta\u00e7\u00e3o de ERP; Estudo de Caso.<\/p>\n<p><strong>PRO 1751 &#8211; OTIMIZA\u00c7\u00c3O LINEAR II \u2013 04 CR<br \/>\n<\/strong><em>Coordenadores: prof. Geraldo Galdino de Paula Junior, D.Sc.<br \/>\n<\/em>Ementa:\u00a0M\u00e9todo de decomposi\u00e7\u00e3o para programas de grande porte (algoritmos e aplica\u00e7\u00f5es de grande porte).\u00a0Algoritmos de pontos interiores. Introdu\u00e7\u00e3o \u00e0 otimiza\u00e7\u00e3o com vari\u00e1veis inteiras. Uso de software computacional para solu\u00e7\u00e3o de programas lineares com vari\u00e1veis mistas (cont\u00ednuas e inteiras).<\/p>\n<p><strong>PRO 1752 &#8211; MODELAGEM DE PROCESSOS DE NEG\u00d3CIOS &#8211; 04 CR<br \/>\n<\/strong><em>Coordenador: prof. Rog\u00e9rio Atem de Carvalho, D.Sc.<\/em><br \/>\nEmenta:\u00a0O Ambiente Corporativo de Aplica\u00e7\u00f5es; Introdu\u00e7\u00e3o ao Business Process Modeling (BPM); Redes\u00a0de Petri; Business Process Modeling Notation (BPMN); Unified Modeling Language (UML); BPM e\u00a0Modelagem de Sistemas de Informa\u00e7\u00e3o; Estudos de Caso.<\/p>\n<p><strong>PRO 1759 &#8211; PROGRAMA\u00c7\u00c3O LINEAR MULTIOBJETIVO &#8211; 04 CR<br \/>\n<\/strong><em>Coordenador: prof\u00aa. Jacqueline Magalh\u00e3es Rangel Cortes, D.Sc.<\/em><br \/>\nEmenta: Conceitos fundamentais e formula\u00e7\u00e3o da programa\u00e7\u00e3o linear multiobjetivo. Solu\u00e7\u00e3o ideal, anti-ideal e eficiente. C\u00e1lculo de solu\u00e7\u00f5es eficientes. Par\u00e2metros de representa\u00e7\u00e3o de prefer\u00eancias. M\u00e9todos de resolu\u00e7\u00e3o. Estudos de caso.<\/p>\n<p><strong>PRO 1762 &#8211; AN\u00c1LISE MULTICRIT\u00c9RIO NO AUX\u00cdLIO \u00c0 DECIS\u00c3O \u2013 04 CR<br \/>\n<\/strong><em>Coordenador: prof. Andr\u00e9 Lu\u00eds Policani Freitas, D.Sc.<br \/>\n<\/em>M\u00e9todos para auxiliar processos de tomada de decis\u00e3o relativos \u00e0 sistemas de engenharia. Abordagens discretas e cont\u00ednua. Complexidades. M\u00e9todos das escolas francesas e norte-americana. An\u00e1lise de problemas de ordena\u00e7\u00e3o, sele\u00e7\u00e3o e classifica\u00e7\u00e3o. Sistemas de apoio \u00e0 decis\u00e3o e \u00e0 resolu\u00e7\u00e3o de conflitos.<\/p>\n<p><strong>PRO 1765 &#8211; COMPUTA\u00c7\u00c3O APLICADA \u00c0 ENGENHARIA DE PRODU\u00c7\u00c3O \u2013 04 CR<\/strong><br \/>\n<em>Coordenador: prof. Geraldo Galdino de Paula Junior, D.Sc.<br \/>\n<\/em>Ementa: Algoritmos e linguagens de programa\u00e7\u00e3o\/desenvolvimento; conceitos de modelagem usando orienta\u00e7\u00e3o por objeto; no\u00e7\u00f5es de banco de dados e aplica\u00e7\u00f5es em engenharia de produ\u00e7\u00e3o.<\/p>\n<p><strong>PRO 1772 &#8211; MELHORIA DA QUALIDADE\u00a0<\/strong><strong>&#8211; 03 CR<br \/>\n<\/strong><em>Coordenador: Daniel Ign\u00e1cio de Souza J\u00fanior, Ph.D.<br \/>\n<\/em>Ementa: Conceitos e Import\u00e2ncia da Qualidade. Organiza\u00e7\u00e3o da Atividade de Qualidade. . Grupos Utilizados na An\u00e1lise de Problemas de Qualidade. Exemplos do Plano de Melhoria da Qualidade.<\/p>\n<p><strong>PRO 1773 &#8211; CONFIABILIDADE INDUSTRIAL\u00a0<\/strong><strong>&#8211; 04 CR<br \/>\n<\/strong><em>Coordenador: Daniel Ign\u00e1cio de Souza J\u00fanior, Ph.D.<br \/>\n<\/em>Ementa: Revis\u00e3o de Probabilidade e Estat\u00edstica Aplicada \u00e0 Qualidade. Testes de Vida. Curva da banheira. Testes de Hip\u00f3teses.Intervalos de Confian\u00e7a. Distribui\u00e7\u00f5es Qui-Quadrado e Exponencial. Exemplos e Aplica\u00e7\u00f5es.<\/p>\n<p><strong>PRO 1774 &#8211; REDES NEURAIS ARTIFICIAIS &#8211; 04 CR<\/strong><br \/>\n<em>Coordenador: prof. Geraldo Galdino de Paula Junior, D.Sc.<br \/>\n<\/em>Ementa: Os Processos de aprendizado, supervisionado e n\u00e3o-suprevisionado, em redes neurais. O processo de treinamento de redes neurais. Perceptrons de camada simples. Perceptrons de camadas m\u00faltiplas. Fun\u00e7\u00e3o de base radial e redes de fun\u00e7\u00f5es de base radial. Neurodin\u00e2mica e programa\u00e7\u00e3o neurodin\u00e2mica. Redes neurais recorrentes, dinamicamente orientadas. Redes neurais \u2018feedforward\u2019 ou redes neurais \u2018backpropagation\u2019. Redes e \u2018mapas auto-organizados\u2019 de Kohonen. Aplica\u00e7\u00f5es.<\/p>\n<p><strong>PRO 1788 &#8211; OTIMIZA\u00c7\u00c3O EM GRAFOS II &#8211; 04 CR<\/strong><br \/>\n<strong><\/strong><em>Coordenador: prof\u00aa. Gudelia Guillermina Morales de Arica, D.Sc.<\/em><br \/>\n<em id=\"__mceDel\">Ementa:\u00a0<em id=\"__mceDel\">Desenho e an\u00e1lise de algoritmos. Algoritmos de rotula\u00e7\u00e3o e corre\u00e7\u00e3o para calcular caminho de distancia m\u00ednima. Algoritmo polinomial do caminho de aumento de menor distancia no calculo do fluxo m\u00e1ximo num grafo. Fluxo m\u00e1ximo em redes capacitadas. Algoritmos polinomiais para o problema de fluxo de custo m\u00ednimo. Algoritmo Simplex para redes na solu\u00e7\u00e3o do problema de fluxo de custo m\u00ednimo. \u00c1rvore abrangente de custo m\u00ednimo e programa\u00e7\u00e3o linear. Fluxos de m\u00faltiplas mercadorias.<\/em><\/em><\/p>\n<p><strong>PRO 1831 &#8211; OTIMIZA\u00c7\u00c3O EM GRAFOS I \u2013 04 CR<br \/>\n<\/strong><em>Coordenadora: prof\u00aa. Gudelia Guillermina Morales de Arica, D.Sc.<br \/>\n<\/em>Princ\u00edpios de Indu\u00e7\u00e3o Matem\u00e1tica. Rela\u00e7\u00f5es de recorr\u00eancia. An\u00e1lise de algoritmos: prova de corre\u00e7\u00e3o. Contagem. Principio de inclus\u00e3o e exclus\u00e3o. Terminologia de grafos e \u00e1rvores. Grafos conexos simples e planares. Aplica\u00e7\u00f5es de grafos. Problema dos quatro cores. Representa\u00e7\u00e3o Computacional dos Grafos: Matriz e lista de adjac\u00eancia, matriz de Incid\u00eancia. Matriz de alcan\u00e7abilidade. \u00c1rvores de decis\u00e3o. Algoritmos de caminho M\u00ednimo: Dijkstra e Floyd-Warshall. Algoritmos para o problema de \u00c1rvore Geradora (Abrangente) M\u00ednima: Kruskal e Prim. Algoritmos de busca. O problema de Fluxos em Redes. O problema de Emparelhamento de cardinalidade m\u00e1xima (Matching em grafos gerais). O problema do Caixeiro Viagente.<\/p>\n<p><strong>PRO 1830 \u2013 OTIMIZA\u00c7\u00c3O EM LOG\u00cdSTICA\u2013 04 CR<br \/>\n<\/strong><em>Coordenador: prof\u00aa. Jacqueline Magalh\u00e3es Rangel Cortes, D.Sc.<\/em><br \/>\nO sistema log\u00edstico e a pesquisa operacional. Problemas de distribui\u00e7\u00e3o. Problema de transporte, problema do transbordo e problema de designa\u00e7\u00e3o. Problemas de localiza\u00e7\u00e3o. Problema do caixeiro viajante. Problema de roteamento. Defini\u00e7\u00f5es, propriedades, algoritmos, m\u00e9todos heur\u00edsticos e metaheur\u00edsticas. Sistemas de informa\u00e7\u00e3o geogr\u00e1fica. Estudo de caso.<\/p>\n<p><strong>PRO 1831 &#8211; OTIMIZA\u00c7\u00c3O EM GRAFOS I \u2013 04 CR<br \/>\n<\/strong><em>Coordenadora: prof\u00aa. Gudelia Guillermina Morales de Arica, D.Sc.<br \/>\n<\/em>Princ\u00edpios de Indu\u00e7\u00e3o Matem\u00e1tica. Rela\u00e7\u00f5es de recorr\u00eancia. An\u00e1lise de algoritmos: prova de corre\u00e7\u00e3o. Contagem. Principio de inclus\u00e3o e exclus\u00e3o. Terminologia de grafos e \u00e1rvores. Grafos conexos simples e planares. Aplica\u00e7\u00f5es de grafos. Problema dos quatro cores. Representa\u00e7\u00e3o Computacional dos Grafos: Matriz e lista de adjac\u00eancia, matriz de Incid\u00eancia. Matriz de alcan\u00e7abilidade. \u00c1rvores de decis\u00e3o. Algoritmos de caminho M\u00ednimo: Dijkstra e Floyd-Warshall. Algoritmos para o problema de \u00c1rvore Geradora (Abrangente) M\u00ednima: Kruskal e Prim. Algoritmos de busca. O problema de Fluxos em Redes. O problema de Emparelhamento de cardinalidade m\u00e1xima (Matching em grafos gerais). O problema do Caixeiro Viagente.<\/p>\n<p><strong>PRO 1832 &#8211; INTRODU\u00c7\u00c3O A ECONOMETRIA \u2013 04 CR<br \/>\n<\/strong><em>Coordenador: prof. Lacir Jorge Soares, D.Sc.<br \/>\n<\/em>Ementa: Introdu\u00e7\u00e3o; Revis\u00e3o de estat\u00edstica; Regress\u00e3o simples para dados seccionais; Regress\u00e3o m\u00faltipla para dados seccionais; Estima\u00e7\u00e3o; Infer\u00eancia; Teoria Assint\u00f3tica; T\u00f3picos especiais: Heterocedasticidade, Vers\u00e3o matricial.<\/p>\n<p><strong>PRO 1833 &#8211; GEST\u00c3O DA INOVA\u00c7\u00c3O TECNOL\u00d3GICA NO \u00c2MBITO EMPRESARIAL \u2013 04 CR<\/strong><br \/>\n<em>Coordenador: prof. Manuel Antonio Molina Palma, D.Sc.<br \/>\n<\/em>Ementa: O curso procura facilitar a intera\u00e7\u00e3o e troca de id\u00e9ias e experi\u00eancias entre os participantes nesta \u00e1rea do conhecimento e desta forma desenvolver nos alunos:<br \/>\na)Um entendimento sobre o processo de inova\u00e7\u00e3o tecnol\u00f3gica em empresas e sobre a import\u00e2ncia de sua administra\u00e7\u00e3o;\u00a0b)Uma capacidade para internalizar e discutir as principais abordagens, conceitos e t\u00e9cnicas relacionadas com a administra\u00e7\u00e3o da fun\u00e7\u00e3o tecnol\u00f3gica em empresas industriais;\u00a0c)Um est\u00edmulo e condi\u00e7\u00f5es apropriadas para o desenvolvimento de estudos, compet\u00eancias e pesquisas nesta \u00e1rea;\u00a0d)Uma habilidade cr\u00edtica para apreciar a aplicabilidade do material apresentado na situa\u00e7\u00e3o atual das empresas brasileiras.<\/p>\n<p><strong>PRO 1834 &#8211; ORGANIZA\u00c7\u00c3O PRODUTIVA E DESENVOLVIMENTO REGIONAL \u2013 04 CR<\/strong><br \/>\n<em>Coordenador: prof. Alcimar das Chagas Ribeiro, D.Sc.<br \/>\n<\/em>Ementa: Possibilitar ao aluno um entendimento sist\u00eamico do processo evolutivo do sistema de acumula\u00e7\u00e3o econ\u00f4mica, seus desdobramentos na \u00f3tica da organiza\u00e7\u00e3o produtiva, assim como, a inser\u00e7\u00e3o dos novos paradigmas relacionados \u00e0 produ\u00e7\u00e3o flex\u00edvel e o foco local \/ regional do contexto relativo ao tema desenvolvimento econ\u00f4mico.<\/p>\n<p><strong>PRO 1836 &#8211; MODELOS ECONOM\u00c9TRICOS \u2013 04 CR<br \/>\n<\/strong><em>Coordenador: prof. Lacir Jorge Soares, D.Sc.<br \/>\n<\/em>Ementa:\u00a0Utilizando m\u00e9todos estat\u00edsticos associados a conceitos econom\u00e9tricos ser\u00e3o apresentadas t\u00e9cnicas e m\u00e9todos para an\u00e1lise de dados temporais. Ser\u00e3o abordados tanto modelos univariados quanto multivariados.<\/p>\n","protected":false},"excerpt":{"rendered":"<p>DISCIPLINAS OBRIGAT\u00d3RIAS \u00a0PARA TODAS AS \u00c1REAS PRO 1778 &#8211; SEMIN\u00c1RIO EM ENGENHARIA DE PRODU\u00c7\u00c3O I \u2013 01 CR Coordenador: professores&#8230;<\/p>\n","protected":false},"author":27,"featured_media":0,"parent":0,"menu_order":4,"comment_status":"open","ping_status":"closed","template":"","meta":{"footnotes":""},"class_list":["post-141","page","type-page","status-publish","hentry"],"_links":{"self":[{"href":"https:\/\/uenf.br\/posgraduacao\/engenharia-de-producao\/wp-json\/wp\/v2\/pages\/141","targetHints":{"allow":["GET"]}}],"collection":[{"href":"https:\/\/uenf.br\/posgraduacao\/engenharia-de-producao\/wp-json\/wp\/v2\/pages"}],"about":[{"href":"https:\/\/uenf.br\/posgraduacao\/engenharia-de-producao\/wp-json\/wp\/v2\/types\/page"}],"author":[{"embeddable":true,"href":"https:\/\/uenf.br\/posgraduacao\/engenharia-de-producao\/wp-json\/wp\/v2\/users\/27"}],"replies":[{"embeddable":true,"href":"https:\/\/uenf.br\/posgraduacao\/engenharia-de-producao\/wp-json\/wp\/v2\/comments?post=141"}],"version-history":[{"count":0,"href":"https:\/\/uenf.br\/posgraduacao\/engenharia-de-producao\/wp-json\/wp\/v2\/pages\/141\/revisions"}],"wp:attachment":[{"href":"https:\/\/uenf.br\/posgraduacao\/engenharia-de-producao\/wp-json\/wp\/v2\/media?parent=141"}],"curies":[{"name":"wp","href":"https:\/\/api.w.org\/{rel}","templated":true}]}}