{"id":167,"date":"2013-04-04T20:21:18","date_gmt":"2013-04-04T20:21:18","guid":{"rendered":"http:\/\/uenf.br\/pos-graduacao\/engenharia-de-producao\/?page_id=167"},"modified":"2013-04-04T20:21:18","modified_gmt":"2013-04-04T20:21:18","slug":"links-importantes","status":"publish","type":"page","link":"https:\/\/uenf.br\/posgraduacao\/engenharia-de-producao\/links-importantes\/","title":{"rendered":"Links Importantes"},"content":{"rendered":"<ul>\n<li><a title=\"Laborat\u00f3rio de Engenharia de Produ\u00e7\u00e3o - LEPROD\" href=\"http:\/\/www.uenf.br\/Uenf\/Pages\/CCT\/Leprod\/\">LEPROD<\/a><\/li>\n<li><a title=\"Biblioteca do CCT\" href=\"http:\/\/uenf.br\/cct\/biblioteca\/\">Biblioteca do CCT<\/a><\/li>\n<li><a href=\"http:\/\/uenf.br\/reitoria\/secacad\/\">Secretaria Acad\u00eamica da Reitoria<\/a><\/li>\n<li><a href=\"http:\/\/www.abepro.org.br\/\">ABEPRO<\/a><\/li>\n<li><a title=\"Portal peri\u00f3dicos da CAPES\" href=\"http:\/\/www.periodicos.capes.gov.br.ez81.periodicos.capes.gov.br\/index.php?option=com_phome\">Peri\u00f3dicos CAPES<\/a><\/li>\n<li><a title=\"CAPES\" href=\"http:\/\/www.capes.gov.br\/\">CAPES<\/a><\/li>\n<li><a title=\"FAPERJ\" href=\"http:\/\/www.faperj.br\/\">FAPERJ<\/a><\/li>\n<li><a title=\"CNPQ\" href=\"www.cnpq.br\/\">CNPq<\/a><\/li>\n<li><a title=\"Dom\u00ednio P\u00fablico\" href=\"http:\/\/www.dominiopublico.gov.br\/pesquisa\/PesquisaObraForm.jsp\">Dom\u00ednio P\u00fablico<\/a><\/li>\n<\/ul>\n","protected":false},"excerpt":{"rendered":"<p>LEPROD Biblioteca do CCT Secretaria Acad\u00eamica da Reitoria ABEPRO Peri\u00f3dicos CAPES CAPES FAPERJ CNPq Dom\u00ednio P\u00fablico<\/p>\n","protected":false},"author":27,"featured_media":0,"parent":0,"menu_order":13,"comment_status":"open","ping_status":"open","template":"","meta":{"footnotes":""},"class_list":["post-167","page","type-page","status-publish","hentry"],"_links":{"self":[{"href":"https:\/\/uenf.br\/posgraduacao\/engenharia-de-producao\/wp-json\/wp\/v2\/pages\/167","targetHints":{"allow":["GET"]}}],"collection":[{"href":"https:\/\/uenf.br\/posgraduacao\/engenharia-de-producao\/wp-json\/wp\/v2\/pages"}],"about":[{"href":"https:\/\/uenf.br\/posgraduacao\/engenharia-de-producao\/wp-json\/wp\/v2\/types\/page"}],"author":[{"embeddable":true,"href":"https:\/\/uenf.br\/posgraduacao\/engenharia-de-producao\/wp-json\/wp\/v2\/users\/27"}],"replies":[{"embeddable":true,"href":"https:\/\/uenf.br\/posgraduacao\/engenharia-de-producao\/wp-json\/wp\/v2\/comments?post=167"}],"version-history":[{"count":0,"href":"https:\/\/uenf.br\/posgraduacao\/engenharia-de-producao\/wp-json\/wp\/v2\/pages\/167\/revisions"}],"wp:attachment":[{"href":"https:\/\/uenf.br\/posgraduacao\/engenharia-de-producao\/wp-json\/wp\/v2\/media?parent=167"}],"curies":[{"name":"wp","href":"https:\/\/api.w.org\/{rel}","templated":true}]}}