{"id":172,"date":"2013-04-08T13:39:26","date_gmt":"2013-04-08T13:39:26","guid":{"rendered":"http:\/\/uenf.br\/pos-graduacao\/engenharia-de-producao\/?page_id=172"},"modified":"2013-04-08T13:39:26","modified_gmt":"2013-04-08T13:39:26","slug":"coordenacao-do-ppgep","status":"publish","type":"page","link":"https:\/\/uenf.br\/posgraduacao\/engenharia-de-producao\/coordenacao-do-ppgep\/","title":{"rendered":"Coordena\u00e7\u00e3o do PPGEP"},"content":{"rendered":"<p><strong>Comiss\u00e3o Coordenadora do Programa<\/strong><\/p>\n<ul>\n<li><span style=\"line-height: 13px\"><strong>Andr\u00e9 Lu\u00eds Policani Freitas <\/strong> &#8211; Coordenador do Programa<br \/>\n<\/span><\/li>\n<li><strong> Manuel Antonio Molina Palma<\/strong>&#8211; Representante da \u00c1rea de Ger\u00eancia da Produ\u00e7\u00e3o<\/li>\n<li><strong>Jacqueline Magalh\u00e3es Rangel Cortes Barbirato <\/strong>&#8211;\u00a0Representante da \u00c1rea de Pesquisa Operacional<\/li>\n<li><strong>Priscila Manh\u00e3es da Silva<\/strong> &#8211;\u00a0Representante dos Alunos de Mestrado<\/li>\n<\/ul>\n<p>&nbsp;<\/p>\n<p><strong>Secretaria do Programa<\/strong><\/p>\n<ul>\n<li><span style=\"line-height: 13px\">Sala 101 do P5, CCT. Av. Alberto Lamego, 2000, Horto, Campos dos Goytacazes\/RJ, 28013602. Telefone: (22)27486038. E-mail: pgprod@uenf.br<\/span><\/li>\n<\/ul>\n","protected":false},"excerpt":{"rendered":"<p>Comiss\u00e3o Coordenadora do Programa Andr\u00e9 Lu\u00eds Policani Freitas &#8211; Coordenador do Programa Manuel Antonio Molina Palma&#8211; Representante da \u00c1rea de&#8230;<\/p>\n","protected":false},"author":27,"featured_media":0,"parent":0,"menu_order":14,"comment_status":"open","ping_status":"open","template":"","meta":{"footnotes":""},"class_list":["post-172","page","type-page","status-publish","hentry"],"_links":{"self":[{"href":"https:\/\/uenf.br\/posgraduacao\/engenharia-de-producao\/wp-json\/wp\/v2\/pages\/172","targetHints":{"allow":["GET"]}}],"collection":[{"href":"https:\/\/uenf.br\/posgraduacao\/engenharia-de-producao\/wp-json\/wp\/v2\/pages"}],"about":[{"href":"https:\/\/uenf.br\/posgraduacao\/engenharia-de-producao\/wp-json\/wp\/v2\/types\/page"}],"author":[{"embeddable":true,"href":"https:\/\/uenf.br\/posgraduacao\/engenharia-de-producao\/wp-json\/wp\/v2\/users\/27"}],"replies":[{"embeddable":true,"href":"https:\/\/uenf.br\/posgraduacao\/engenharia-de-producao\/wp-json\/wp\/v2\/comments?post=172"}],"version-history":[{"count":0,"href":"https:\/\/uenf.br\/posgraduacao\/engenharia-de-producao\/wp-json\/wp\/v2\/pages\/172\/revisions"}],"wp:attachment":[{"href":"https:\/\/uenf.br\/posgraduacao\/engenharia-de-producao\/wp-json\/wp\/v2\/media?parent=172"}],"curies":[{"name":"wp","href":"https:\/\/api.w.org\/{rel}","templated":true}]}}