{"id":18,"date":"2013-03-19T17:25:05","date_gmt":"2013-03-19T17:25:05","guid":{"rendered":"http:\/\/uenf.br\/pos-graduacao\/engenharia-de-producao\/?page_id=18"},"modified":"2018-03-02T15:58:58","modified_gmt":"2018-03-02T18:58:58","slug":"calendario-academico","status":"publish","type":"page","link":"https:\/\/uenf.br\/posgraduacao\/engenharia-de-producao\/calendario-academico\/","title":{"rendered":"Calend\u00e1rio Acad\u00eamico"},"content":{"rendered":"<p>&nbsp;<\/p>\n<p>Calend\u00e1rio da P\u00f3s-Gradua\u00e7\u00e3o da UENF &#8211; 1_2018 (<strong>Em vig\u00eancia)<\/strong>:\u00a0<a href=\"https:\/\/uenf.br\/posgraduacao\/engenharia-de-producao\/wp-content\/uploads\/sites\/13\/2013\/03\/CALENDARIO-ACADEMICO-2018-em-Vig\u00eancia.pdf\">CALENDARIO-ACADEMICO-2018 em Vig\u00eancia<\/a><\/p>\n<p>&nbsp;<\/p>\n<p>Calend\u00e1rio da P\u00f3s-Gradua\u00e7\u00e3o da UENF &#8211; 2\u00ba Semestre de 2017:\u00a0<a href=\"https:\/\/uenf.br\/posgraduacao\/engenharia-de-producao\/wp-content\/uploads\/sites\/13\/2013\/03\/CALENDARIO-ACADEMICO-2017-2.pdf\">CALENDARIO ACADEMICO 2017 2<\/a><\/p>\n<p>Calend\u00e1rio da P\u00f3s-Gradua\u00e7\u00e3o da UENF &#8211; 1\u00ba Semestre de 2017:\u00a0<a href=\"https:\/\/uenf.br\/posgraduacao\/engenharia-de-producao\/wp-content\/uploads\/sites\/13\/2013\/03\/CALEND\u00c1RIO-ACAD\u00caMICO-PG-2016.2.pdf\">Download aqui.<\/a><\/p>\n<p>Calend\u00e1rio da P\u00f3s-Gradua\u00e7\u00e3o da UENF &#8211; 2\u00ba Semestre de 2016: <a href=\"https:\/\/uenf.br\/posgraduacao\/engenharia-de-producao\/wp-content\/uploads\/sites\/13\/2013\/03\/CALEND\u00c1RIO-ACAD\u00caMICO-PG-2016.2.pdf\">Download aqui.<\/a><\/p>\n<p>Calend\u00e1rio da P\u00f3s-Gradua\u00e7\u00e3o da UENF &#8211; 2\u00ba Semestre de 2015:\u00a0<a href=\"https:\/\/uenf.br\/posgraduacao\/engenharia-de-producao\/wp-content\/uploads\/sites\/13\/2013\/03\/Calend\u00e1rio_Acad\u00eamico_PG_do_2\u00ba_Semestre_de_2015-ate-inicio-1\u00ba-sem-2016.pdf\">Download Aqui.<\/a><\/p>\n","protected":false},"excerpt":{"rendered":"<p>&nbsp; Calend\u00e1rio da P\u00f3s-Gradua\u00e7\u00e3o da UENF &#8211; 1_2018 (Em vig\u00eancia):\u00a0CALENDARIO-ACADEMICO-2018 em Vig\u00eancia &nbsp; Calend\u00e1rio da P\u00f3s-Gradua\u00e7\u00e3o da UENF &#8211; 2\u00ba&#8230;<\/p>\n","protected":false},"author":27,"featured_media":0,"parent":0,"menu_order":5,"comment_status":"open","ping_status":"closed","template":"","meta":{"footnotes":""},"class_list":["post-18","page","type-page","status-publish","hentry"],"_links":{"self":[{"href":"https:\/\/uenf.br\/posgraduacao\/engenharia-de-producao\/wp-json\/wp\/v2\/pages\/18","targetHints":{"allow":["GET"]}}],"collection":[{"href":"https:\/\/uenf.br\/posgraduacao\/engenharia-de-producao\/wp-json\/wp\/v2\/pages"}],"about":[{"href":"https:\/\/uenf.br\/posgraduacao\/engenharia-de-producao\/wp-json\/wp\/v2\/types\/page"}],"author":[{"embeddable":true,"href":"https:\/\/uenf.br\/posgraduacao\/engenharia-de-producao\/wp-json\/wp\/v2\/users\/27"}],"replies":[{"embeddable":true,"href":"https:\/\/uenf.br\/posgraduacao\/engenharia-de-producao\/wp-json\/wp\/v2\/comments?post=18"}],"version-history":[{"count":0,"href":"https:\/\/uenf.br\/posgraduacao\/engenharia-de-producao\/wp-json\/wp\/v2\/pages\/18\/revisions"}],"wp:attachment":[{"href":"https:\/\/uenf.br\/posgraduacao\/engenharia-de-producao\/wp-json\/wp\/v2\/media?parent=18"}],"curies":[{"name":"wp","href":"https:\/\/api.w.org\/{rel}","templated":true}]}}