{"id":49,"date":"2013-04-01T18:25:14","date_gmt":"2013-04-01T18:25:14","guid":{"rendered":"http:\/\/uenf.br\/pos-graduacao\/engenharia-de-producao\/?page_id=49"},"modified":"2013-04-01T18:25:14","modified_gmt":"2013-04-01T18:25:14","slug":"formularios","status":"publish","type":"page","link":"https:\/\/uenf.br\/posgraduacao\/engenharia-de-producao\/formularios\/","title":{"rendered":"Formul\u00e1rios"},"content":{"rendered":"<ol>\n<li><strong>Pedido de Defesa (Projeto e Disserta\u00e7\u00e3o):\u00a0<a href=\"https:\/\/uenf.br\/posgraduacao\/engenharia-de-producao\/wp-content\/uploads\/sites\/13\/2013\/04\/Formul\u00e1rio-para-pedido-de-defesa-2015.doc\">Download aqui<\/a><\/strong><\/li>\n<li><strong>Prorroga\u00e7\u00e3o de Prazo de Defesa &#8211; Projeto<\/strong>: \u00a0\u00a0<strong><a href=\"https:\/\/uenf.br\/posgraduacao\/engenharia-de-producao\/wp-content\/uploads\/sites\/13\/2013\/04\/Formul\u00e1rio-de-prorroga\u00e7\u00e3o-de-defesa-de-projeto.doc\">Download aqui<\/a><\/strong><\/li>\n<li><strong>Prorroga\u00e7\u00e3o de Prazo de Defesa &#8211;\u00a0Disserta\u00e7\u00e3o:\u00a0<a href=\"https:\/\/uenf.br\/posgraduacao\/engenharia-de-producao\/wp-content\/uploads\/sites\/13\/2013\/04\/PRORROGA\u00c7\u00c3O-DE-DEFESA-PROPPG-6.docx\">Download aqui<\/a><\/strong><\/li>\n<li><strong>Mudan\u00e7a de Orienta\u00e7\u00e3o<\/strong>:\u00a0<strong><a href=\"https:\/\/uenf.br\/posgraduacao\/engenharia-de-producao\/wp-content\/uploads\/sites\/13\/2013\/04\/Formul\u00e1rio-para-Mudan\u00e7a-de-Orienta\u00e7\u00e3o.doc\">Download aqui<\/a><\/strong><\/li>\n<li><strong>Aux\u00edlio Financeiro para Congresso<\/strong>:\u00a0<strong><a href=\"https:\/\/uenf.br\/posgraduacao\/engenharia-de-producao\/wp-content\/uploads\/sites\/13\/2013\/04\/Formul\u00e1rio-para-pedido-Aux\u00edlio.doc\">Download aqui<\/a><\/strong><\/li>\n<\/ol>\n","protected":false},"excerpt":{"rendered":"<p>Pedido de Defesa (Projeto e Disserta\u00e7\u00e3o):\u00a0Download aqui Prorroga\u00e7\u00e3o de Prazo de Defesa &#8211; Projeto: \u00a0\u00a0Download aqui Prorroga\u00e7\u00e3o de Prazo de&#8230;<\/p>\n","protected":false},"author":27,"featured_media":0,"parent":0,"menu_order":11,"comment_status":"open","ping_status":"closed","template":"","meta":{"footnotes":""},"class_list":["post-49","page","type-page","status-publish","hentry"],"_links":{"self":[{"href":"https:\/\/uenf.br\/posgraduacao\/engenharia-de-producao\/wp-json\/wp\/v2\/pages\/49","targetHints":{"allow":["GET"]}}],"collection":[{"href":"https:\/\/uenf.br\/posgraduacao\/engenharia-de-producao\/wp-json\/wp\/v2\/pages"}],"about":[{"href":"https:\/\/uenf.br\/posgraduacao\/engenharia-de-producao\/wp-json\/wp\/v2\/types\/page"}],"author":[{"embeddable":true,"href":"https:\/\/uenf.br\/posgraduacao\/engenharia-de-producao\/wp-json\/wp\/v2\/users\/27"}],"replies":[{"embeddable":true,"href":"https:\/\/uenf.br\/posgraduacao\/engenharia-de-producao\/wp-json\/wp\/v2\/comments?post=49"}],"version-history":[{"count":0,"href":"https:\/\/uenf.br\/posgraduacao\/engenharia-de-producao\/wp-json\/wp\/v2\/pages\/49\/revisions"}],"wp:attachment":[{"href":"https:\/\/uenf.br\/posgraduacao\/engenharia-de-producao\/wp-json\/wp\/v2\/media?parent=49"}],"curies":[{"name":"wp","href":"https:\/\/api.w.org\/{rel}","templated":true}]}}