{"id":562,"date":"2013-03-11T19:24:08","date_gmt":"2013-03-11T19:24:08","guid":{"rendered":"http:\/\/uenf.br\/pos-graduacao\/engenharia-de-producao\/?page_id=2"},"modified":"2017-05-08T12:48:24","modified_gmt":"2017-05-08T15:48:24","slug":"pagina-exemplo-2","status":"publish","type":"page","link":"https:\/\/uenf.br\/posgraduacao\/engenharia-de-producao\/","title":{"rendered":"Apresenta\u00e7\u00e3o"},"content":{"rendered":"<div id=\"materiaPrincipal\">\n<p align=\"justify\"><img loading=\"lazy\" decoding=\"async\" class=\"size-medium wp-image-11 alignleft\" src=\"https:\/\/uenf.br\/posgraduacao\/engenharia-de-producao\/wp-content\/uploads\/sites\/13\/2013\/03\/engp.jpg\" alt=\"engp\" width=\"300\" height=\"225\" \/>O Programa de P\u00f3s-Gradua\u00e7\u00e3o\u00a0<em>stricto sensu<\/em>\u00a0em Engenharia de Produ\u00e7\u00e3o \u2013 PPGEP foi criado com o objetivo de promover a forma\u00e7\u00e3o de recursos humanos qualificados em engenharia de produ\u00e7\u00e3o, capazes de investigar, criar e aprimorar solu\u00e7\u00f5es e tecnologias adequadas \u00e0 regi\u00e3o e ao pa\u00eds. O Programa criado em 1994 e credenciado pela CAPES em 1997 atua nas \u00e1reas de Ger\u00eancia da Produ\u00e7\u00e3o e Pesquisa Operacional. A produ\u00e7\u00e3o cient\u00edfica \u00e9 gerada atrav\u00e9s das linhas de pesquisa: Gest\u00e3o de Organiza\u00e7\u00f5es, Inova\u00e7\u00e3o\u00a0Tecnol\u00f3gica, Otimiza\u00e7\u00e3o Discreta e Otimiza\u00e7\u00e3o Cont\u00ednua. O corpo docente e de pesquisa vinculado ao Programa pertence ao Laborat\u00f3rio\u00a0de Engenharia de Produ\u00e7\u00e3o da UENF e \u00e9 formado exclusivamente por doutores. At\u00e9 mar\u00e7o de 2013 foram conclu\u00eddos 188 trabalhos entre Teses e Disserta\u00e7\u00f5es. Os egressos do PPGEP atuam em empresas e universidades da regi\u00e3o e, a cada dia, amplia-se o elenco de casos bem sucedidos de solu\u00e7\u00f5es obtidas pelo esfor\u00e7o de pesquisa conduzido no \u00e2mbito do Programa, na produ\u00e7\u00e3o de teses e disserta\u00e7\u00f5es e na busca de treinamento e capacita\u00e7\u00e3o de pessoal especializado nas \u00e1reas de atua\u00e7\u00e3o do Programa. O ingresso no PPGEP ocorre por processo de sele\u00e7\u00e3o constitu\u00eddo de provas e entrevista. O Programa \u00e9 reavaliado pela CAPES a cada tr\u00eas anos. Os estudantes podem receber bolsa de mestrado da CAPES, UENF\/FAPERJ e FAPERJ, dispondo de laborat\u00f3rio computacional onde conduzem simula\u00e7\u00e3o e an\u00e1lise de sistemas produtivos e de gest\u00e3o da produ\u00e7\u00e3o, al\u00e9m de praticarem modelagem computacional de apoio \u00e0 decis\u00e3o. Disp\u00f5em de biblioteca e t\u00eam acesso ao Portal de Peri\u00f3dicos da CAPES para uso do que h\u00e1 de relevante na produ\u00e7\u00e3o cient\u00edfica mundial. Publicam em co-autoria com professores e orientadores em peri\u00f3dicos e eventos cient\u00edficos, nacionais e internacionais.<\/p>\n<p>&nbsp;<\/p>\n<\/div>\n","protected":false},"excerpt":{"rendered":"<p>O Programa de P\u00f3s-Gradua\u00e7\u00e3o\u00a0stricto sensu\u00a0em Engenharia de Produ\u00e7\u00e3o \u2013 PPGEP foi criado com o objetivo de promover a forma\u00e7\u00e3o de&#8230;<\/p>\n","protected":false},"author":1,"featured_media":0,"parent":0,"menu_order":1,"comment_status":"open","ping_status":"closed","template":"","meta":{"footnotes":""},"class_list":["post-562","page","type-page","status-publish","hentry"],"_links":{"self":[{"href":"https:\/\/uenf.br\/posgraduacao\/engenharia-de-producao\/wp-json\/wp\/v2\/pages\/562","targetHints":{"allow":["GET"]}}],"collection":[{"href":"https:\/\/uenf.br\/posgraduacao\/engenharia-de-producao\/wp-json\/wp\/v2\/pages"}],"about":[{"href":"https:\/\/uenf.br\/posgraduacao\/engenharia-de-producao\/wp-json\/wp\/v2\/types\/page"}],"author":[{"embeddable":true,"href":"https:\/\/uenf.br\/posgraduacao\/engenharia-de-producao\/wp-json\/wp\/v2\/users\/1"}],"replies":[{"embeddable":true,"href":"https:\/\/uenf.br\/posgraduacao\/engenharia-de-producao\/wp-json\/wp\/v2\/comments?post=562"}],"version-history":[{"count":0,"href":"https:\/\/uenf.br\/posgraduacao\/engenharia-de-producao\/wp-json\/wp\/v2\/pages\/562\/revisions"}],"wp:attachment":[{"href":"https:\/\/uenf.br\/posgraduacao\/engenharia-de-producao\/wp-json\/wp\/v2\/media?parent=562"}],"curies":[{"name":"wp","href":"https:\/\/api.w.org\/{rel}","templated":true}]}}