{"id":638,"date":"2018-05-09T09:08:01","date_gmt":"2018-05-09T12:08:01","guid":{"rendered":"http:\/\/uenf.br\/posgraduacao\/engenharia-de-producao\/?page_id=638"},"modified":"2018-05-09T09:14:13","modified_gmt":"2018-05-09T12:14:13","slug":"procedimentos-pos-defesa","status":"publish","type":"page","link":"https:\/\/uenf.br\/posgraduacao\/engenharia-de-producao\/formularios\/procedimentos-pos-defesa\/","title":{"rendered":"Procedimentos P\u00f3s-Defesa"},"content":{"rendered":"<h3>Material P\u00f3s-Defesa<\/h3>\n<ul>\n<li><a href=\"https:\/\/uenf.br\/posgraduacao\/engenharia-de-producao\/wp-content\/uploads\/sites\/13\/2018\/05\/Procedimentos-P\u00f3s-defesa-em-Branco-Produ\u00e7\u00e3o.doc\">Procedimentos P\u00f3s-Defesa de Disserta\u00e7\u00e3o<\/a><\/li>\n<li><a href=\"https:\/\/uenf.br\/posgraduacao\/engenharia-civil\/wp-content\/uploads\/sites\/3\/2015\/09\/Ficha-Catalogr\u00e1fica-LECIV_7483_1332770037.doc\" target=\"_blank\" rel=\"noopener\">Ficha Catalogr\u00e1fica<\/a><\/li>\n<li><a href=\"https:\/\/uenf.br\/posgraduacao\/engenharia-civil\/wp-content\/uploads\/sites\/3\/2015\/09\/Modelo-do-Requerimento-da-Biblioteca-Nacional-LECIV_7483_1261144062.pdf\" target=\"_blank\" rel=\"noopener\">Modelo do Requerimento da Biblioteca Nacional<\/a><\/li>\n<li><a href=\"https:\/\/uenf.br\/posgraduacao\/engenharia-civil\/wp-content\/uploads\/sites\/3\/2015\/09\/Requerimento-para-Registro-na-Biblioteca-Nacional-LECIV_7483_1261143908.doc\" target=\"_blank\" rel=\"noopener\">Requerimento para Registro na Biblioteca Nacional<\/a><\/li>\n<\/ul>\n<p>&nbsp;<\/p>\n","protected":false},"excerpt":{"rendered":"<p>Material P\u00f3s-Defesa Procedimentos P\u00f3s-Defesa de Disserta\u00e7\u00e3o Ficha Catalogr\u00e1fica Modelo do Requerimento da Biblioteca Nacional Requerimento para Registro na Biblioteca Nacional&#8230;<\/p>\n","protected":false},"author":7,"featured_media":0,"parent":49,"menu_order":0,"comment_status":"closed","ping_status":"closed","template":"","meta":{"footnotes":""},"class_list":["post-638","page","type-page","status-publish","hentry"],"_links":{"self":[{"href":"https:\/\/uenf.br\/posgraduacao\/engenharia-de-producao\/wp-json\/wp\/v2\/pages\/638","targetHints":{"allow":["GET"]}}],"collection":[{"href":"https:\/\/uenf.br\/posgraduacao\/engenharia-de-producao\/wp-json\/wp\/v2\/pages"}],"about":[{"href":"https:\/\/uenf.br\/posgraduacao\/engenharia-de-producao\/wp-json\/wp\/v2\/types\/page"}],"author":[{"embeddable":true,"href":"https:\/\/uenf.br\/posgraduacao\/engenharia-de-producao\/wp-json\/wp\/v2\/users\/7"}],"replies":[{"embeddable":true,"href":"https:\/\/uenf.br\/posgraduacao\/engenharia-de-producao\/wp-json\/wp\/v2\/comments?post=638"}],"version-history":[{"count":0,"href":"https:\/\/uenf.br\/posgraduacao\/engenharia-de-producao\/wp-json\/wp\/v2\/pages\/638\/revisions"}],"up":[{"embeddable":true,"href":"https:\/\/uenf.br\/posgraduacao\/engenharia-de-producao\/wp-json\/wp\/v2\/pages\/49"}],"wp:attachment":[{"href":"https:\/\/uenf.br\/posgraduacao\/engenharia-de-producao\/wp-json\/wp\/v2\/media?parent=638"}],"curies":[{"name":"wp","href":"https:\/\/api.w.org\/{rel}","templated":true}]}}