{"id":77,"date":"2013-04-03T19:16:06","date_gmt":"2013-04-03T19:16:06","guid":{"rendered":"http:\/\/uenf.br\/pos-graduacao\/engenharia-de-producao\/?page_id=77"},"modified":"2017-08-08T11:49:47","modified_gmt":"2017-08-08T14:49:47","slug":"renovacao-de-matricula","status":"publish","type":"page","link":"https:\/\/uenf.br\/posgraduacao\/engenharia-de-producao\/matricula-e-renovacao\/renovacao-de-matricula\/","title":{"rendered":"Renova\u00e7\u00e3o de Matr\u00edcula"},"content":{"rendered":"<p><b>RENOVA\u00c7\u00c3O DE MATR\u00cdCULA\u00a0<\/b>(alunos regulares)<\/p>\n<p>Data renova\u00e7\u00e3o de matr\u00edcula do <strong>segundo\u00a0semestre de 2017<\/strong>: 14\u00a0(segunda) e 15 (ter\u00e7a)\/08\/2017.<\/p>\n<p>A renova\u00e7\u00e3o de matr\u00edcula ser\u00e1 realizada pelo pr\u00f3prio aluno por meio do <strong>Sistema Acad\u00eamico <\/strong>(http:\/\/academico.uenf.br\/usuarios\/sign_in#), com seu login\/senha.<\/p>\n<p><strong>Antes de fazer a matr\u00edcula o aluno dever\u00e1 conferir o c\u00e1lculo do CR<\/strong>, em observ\u00e2ncia aos artigos 38 e 42 do Regimento Geral da P\u00f3s-Gradua\u00e7\u00e3o.<\/p>\n<p>Preenchimento do requerimento por meio do Sistema Acad\u00eamico: colocar as disciplinas obrigat\u00f3rias e as sugeridas pelo orientador. Consulte o\u00a0Hor\u00e1rio das Disciplinas: <a href=\"https:\/\/uenf.br\/posgraduacao\/engenharia-de-producao\/wp-content\/uploads\/sites\/13\/2013\/03\/Hor\u00e1rio-Segundo-Semestre-de-2017.pdf\">Hor\u00e1rio Segundo Semestre de 2017<\/a><\/p>\n<p>O aluno que j\u00e1 cumpriu todos os cr\u00e9ditos e n\u00e3o pretende cursar outras disciplinas, dever\u00e1 se inscrever apenas em PRO 1756 \u2013 Pesquisa para Disserta\u00e7\u00e3o para de Mestrado (Aten\u00e7\u00e3o! Confira o c\u00e1lculo do CR).<strong>\u00a0<\/strong><\/p>\n<p><span style=\"color: #000000\">Ap\u00f3s o per\u00edodo de renova\u00e7\u00e3o da\u00a0matr\u00edcula, o aluno poder\u00e1 incluir ou excluir uma ou mais disciplinas durante o per\u00edodo especificado no <strong>Calend\u00e1rio Acad\u00eamico<\/strong> (<a href=\"https:\/\/uenf.br\/posgraduacao\/engenharia-de-producao\/wp-content\/uploads\/sites\/13\/2013\/03\/CALENDARIO-ACADEMICO-2017-2.pdf\">CALENDARIO ACADEMICO 2017 2<\/a>).<\/span><\/p>\n","protected":false},"excerpt":{"rendered":"<p>RENOVA\u00c7\u00c3O DE MATR\u00cdCULA\u00a0(alunos regulares) Data renova\u00e7\u00e3o de matr\u00edcula do segundo\u00a0semestre de 2017: 14\u00a0(segunda) e 15 (ter\u00e7a)\/08\/2017. A renova\u00e7\u00e3o de matr\u00edcula&#8230;<\/p>\n","protected":false},"author":27,"featured_media":0,"parent":69,"menu_order":0,"comment_status":"open","ping_status":"open","template":"","meta":{"footnotes":""},"class_list":["post-77","page","type-page","status-publish","hentry"],"_links":{"self":[{"href":"https:\/\/uenf.br\/posgraduacao\/engenharia-de-producao\/wp-json\/wp\/v2\/pages\/77","targetHints":{"allow":["GET"]}}],"collection":[{"href":"https:\/\/uenf.br\/posgraduacao\/engenharia-de-producao\/wp-json\/wp\/v2\/pages"}],"about":[{"href":"https:\/\/uenf.br\/posgraduacao\/engenharia-de-producao\/wp-json\/wp\/v2\/types\/page"}],"author":[{"embeddable":true,"href":"https:\/\/uenf.br\/posgraduacao\/engenharia-de-producao\/wp-json\/wp\/v2\/users\/27"}],"replies":[{"embeddable":true,"href":"https:\/\/uenf.br\/posgraduacao\/engenharia-de-producao\/wp-json\/wp\/v2\/comments?post=77"}],"version-history":[{"count":0,"href":"https:\/\/uenf.br\/posgraduacao\/engenharia-de-producao\/wp-json\/wp\/v2\/pages\/77\/revisions"}],"up":[{"embeddable":true,"href":"https:\/\/uenf.br\/posgraduacao\/engenharia-de-producao\/wp-json\/wp\/v2\/pages\/69"}],"wp:attachment":[{"href":"https:\/\/uenf.br\/posgraduacao\/engenharia-de-producao\/wp-json\/wp\/v2\/media?parent=77"}],"curies":[{"name":"wp","href":"https:\/\/api.w.org\/{rel}","templated":true}]}}