{"id":93,"date":"2013-04-03T19:46:34","date_gmt":"2013-04-03T19:46:34","guid":{"rendered":"http:\/\/uenf.br\/pos-graduacao\/engenharia-de-producao\/?page_id=93"},"modified":"2013-04-03T19:46:34","modified_gmt":"2013-04-03T19:46:34","slug":"defesas","status":"publish","type":"page","link":"https:\/\/uenf.br\/posgraduacao\/engenharia-de-producao\/formularios\/defesas\/","title":{"rendered":"Defesas"},"content":{"rendered":"<p><strong>Pedido de Defesa<\/strong>\u00a0(Projeto e Disserta\u00e7\u00e3o): <a href=\"https:\/\/uenf.br\/posgraduacao\/engenharia-de-producao\/wp-content\/uploads\/sites\/13\/2013\/04\/Formul\u00e1rio-para-pedido-de-defesa-2015.doc\">Formul\u00e1rio-para-pedido-de-defesa-2015<\/a><\/p>\n","protected":false},"excerpt":{"rendered":"<p>Pedido de Defesa\u00a0(Projeto e Disserta\u00e7\u00e3o): Formul\u00e1rio-para-pedido-de-defesa-2015<\/p>\n","protected":false},"author":27,"featured_media":0,"parent":49,"menu_order":1,"comment_status":"open","ping_status":"open","template":"","meta":{"footnotes":""},"class_list":["post-93","page","type-page","status-publish","hentry"],"_links":{"self":[{"href":"https:\/\/uenf.br\/posgraduacao\/engenharia-de-producao\/wp-json\/wp\/v2\/pages\/93","targetHints":{"allow":["GET"]}}],"collection":[{"href":"https:\/\/uenf.br\/posgraduacao\/engenharia-de-producao\/wp-json\/wp\/v2\/pages"}],"about":[{"href":"https:\/\/uenf.br\/posgraduacao\/engenharia-de-producao\/wp-json\/wp\/v2\/types\/page"}],"author":[{"embeddable":true,"href":"https:\/\/uenf.br\/posgraduacao\/engenharia-de-producao\/wp-json\/wp\/v2\/users\/27"}],"replies":[{"embeddable":true,"href":"https:\/\/uenf.br\/posgraduacao\/engenharia-de-producao\/wp-json\/wp\/v2\/comments?post=93"}],"version-history":[{"count":0,"href":"https:\/\/uenf.br\/posgraduacao\/engenharia-de-producao\/wp-json\/wp\/v2\/pages\/93\/revisions"}],"up":[{"embeddable":true,"href":"https:\/\/uenf.br\/posgraduacao\/engenharia-de-producao\/wp-json\/wp\/v2\/pages\/49"}],"wp:attachment":[{"href":"https:\/\/uenf.br\/posgraduacao\/engenharia-de-producao\/wp-json\/wp\/v2\/media?parent=93"}],"curies":[{"name":"wp","href":"https:\/\/api.w.org\/{rel}","templated":true}]}}