{"id":95,"date":"2013-04-03T19:48:06","date_gmt":"2013-04-03T19:48:06","guid":{"rendered":"http:\/\/uenf.br\/pos-graduacao\/engenharia-de-producao\/?page_id=95"},"modified":"2013-04-03T19:48:06","modified_gmt":"2013-04-03T19:48:06","slug":"prorrogacao","status":"publish","type":"page","link":"https:\/\/uenf.br\/posgraduacao\/engenharia-de-producao\/formularios\/prorrogacao\/","title":{"rendered":"Prorroga\u00e7\u00e3o"},"content":{"rendered":"<ol>\n<li><strong>Prorroga\u00e7\u00e3o de Prazo de Defesa &#8211; Projeto<\/strong>: \u00a0\u00a0<strong><a href=\"https:\/\/uenf.br\/posgraduacao\/engenharia-de-producao\/wp-content\/uploads\/sites\/13\/2013\/04\/Formul\u00e1rio-de-prorroga\u00e7\u00e3o-de-defesa-de-projeto.doc\">Download aqui<\/a><\/strong><\/li>\n<li><strong>Prorroga\u00e7\u00e3o de Prazo de Defesa &#8211;\u00a0Disserta\u00e7\u00e3o:\u00a0<a href=\"https:\/\/uenf.br\/posgraduacao\/engenharia-de-producao\/wp-content\/uploads\/sites\/13\/2013\/04\/PRORROGA\u00c7\u00c3O-DE-DEFESA-PROPPG-6.docx\">Download aqui<\/a><\/strong><\/li>\n<\/ol>\n","protected":false},"excerpt":{"rendered":"<p>Prorroga\u00e7\u00e3o de Prazo de Defesa &#8211; Projeto: \u00a0\u00a0Download aqui Prorroga\u00e7\u00e3o de Prazo de Defesa &#8211;\u00a0Disserta\u00e7\u00e3o:\u00a0Download aqui<\/p>\n","protected":false},"author":27,"featured_media":0,"parent":49,"menu_order":2,"comment_status":"open","ping_status":"open","template":"","meta":{"footnotes":""},"class_list":["post-95","page","type-page","status-publish","hentry"],"_links":{"self":[{"href":"https:\/\/uenf.br\/posgraduacao\/engenharia-de-producao\/wp-json\/wp\/v2\/pages\/95","targetHints":{"allow":["GET"]}}],"collection":[{"href":"https:\/\/uenf.br\/posgraduacao\/engenharia-de-producao\/wp-json\/wp\/v2\/pages"}],"about":[{"href":"https:\/\/uenf.br\/posgraduacao\/engenharia-de-producao\/wp-json\/wp\/v2\/types\/page"}],"author":[{"embeddable":true,"href":"https:\/\/uenf.br\/posgraduacao\/engenharia-de-producao\/wp-json\/wp\/v2\/users\/27"}],"replies":[{"embeddable":true,"href":"https:\/\/uenf.br\/posgraduacao\/engenharia-de-producao\/wp-json\/wp\/v2\/comments?post=95"}],"version-history":[{"count":0,"href":"https:\/\/uenf.br\/posgraduacao\/engenharia-de-producao\/wp-json\/wp\/v2\/pages\/95\/revisions"}],"up":[{"embeddable":true,"href":"https:\/\/uenf.br\/posgraduacao\/engenharia-de-producao\/wp-json\/wp\/v2\/pages\/49"}],"wp:attachment":[{"href":"https:\/\/uenf.br\/posgraduacao\/engenharia-de-producao\/wp-json\/wp\/v2\/media?parent=95"}],"curies":[{"name":"wp","href":"https:\/\/api.w.org\/{rel}","templated":true}]}}