{"id":99,"date":"2013-04-03T19:50:19","date_gmt":"2013-04-03T19:50:19","guid":{"rendered":"http:\/\/uenf.br\/pos-graduacao\/engenharia-de-producao\/?page_id=99"},"modified":"2013-04-03T19:50:19","modified_gmt":"2013-04-03T19:50:19","slug":"mudanca-orientacao","status":"publish","type":"page","link":"https:\/\/uenf.br\/posgraduacao\/engenharia-de-producao\/formularios\/mudanca-orientacao\/","title":{"rendered":"Mudan\u00e7a Orienta\u00e7\u00e3o"},"content":{"rendered":"<p><strong>Mudan\u00e7a de Orienta\u00e7\u00e3o<\/strong>:\u00a0<a href=\"http:\/\/uenf.br\/pos-graduacao\/engenharia-de-producao\/files\/2013\/04\/Formul%C3%A1rio-para-Mudan%C3%A7a-de-Orienta%C3%A7%C3%A3o.doc\">Formul\u00e1rio para Mudan\u00e7a de Orienta\u00e7\u00e3o<\/a><\/p>\n","protected":false},"excerpt":{"rendered":"<p>Mudan\u00e7a de Orienta\u00e7\u00e3o:\u00a0Formul\u00e1rio para Mudan\u00e7a de Orienta\u00e7\u00e3o<\/p>\n","protected":false},"author":27,"featured_media":0,"parent":49,"menu_order":4,"comment_status":"open","ping_status":"open","template":"","meta":{"footnotes":""},"class_list":["post-99","page","type-page","status-publish","hentry"],"_links":{"self":[{"href":"https:\/\/uenf.br\/posgraduacao\/engenharia-de-producao\/wp-json\/wp\/v2\/pages\/99","targetHints":{"allow":["GET"]}}],"collection":[{"href":"https:\/\/uenf.br\/posgraduacao\/engenharia-de-producao\/wp-json\/wp\/v2\/pages"}],"about":[{"href":"https:\/\/uenf.br\/posgraduacao\/engenharia-de-producao\/wp-json\/wp\/v2\/types\/page"}],"author":[{"embeddable":true,"href":"https:\/\/uenf.br\/posgraduacao\/engenharia-de-producao\/wp-json\/wp\/v2\/users\/27"}],"replies":[{"embeddable":true,"href":"https:\/\/uenf.br\/posgraduacao\/engenharia-de-producao\/wp-json\/wp\/v2\/comments?post=99"}],"version-history":[{"count":0,"href":"https:\/\/uenf.br\/posgraduacao\/engenharia-de-producao\/wp-json\/wp\/v2\/pages\/99\/revisions"}],"up":[{"embeddable":true,"href":"https:\/\/uenf.br\/posgraduacao\/engenharia-de-producao\/wp-json\/wp\/v2\/pages\/49"}],"wp:attachment":[{"href":"https:\/\/uenf.br\/posgraduacao\/engenharia-de-producao\/wp-json\/wp\/v2\/media?parent=99"}],"curies":[{"name":"wp","href":"https:\/\/api.w.org\/{rel}","templated":true}]}}