{"id":1262,"date":"2025-02-17T14:51:52","date_gmt":"2025-02-17T17:51:52","guid":{"rendered":"https:\/\/uenf.br\/posgraduacao\/engenharia-exploracao-de-petroleo\/?page_id=1262"},"modified":"2025-07-04T15:18:27","modified_gmt":"2025-07-04T18:18:27","slug":"avaliacao-do-programa","status":"publish","type":"page","link":"https:\/\/uenf.br\/posgraduacao\/engenharia-exploracao-de-petroleo\/apresentacao\/avaliacao-do-programa\/","title":{"rendered":"Avalia\u00e7\u00e3o do Programa"},"content":{"rendered":"<p>A avalia\u00e7\u00e3o anual do Programa de P\u00f3s-Gradua\u00e7\u00e3o em Engenharia de Reservat\u00f3rio e de Explora\u00e7\u00e3o &#8211; PPGERE foi institu\u00edda com o intuito de aferir n\u00e3o s\u00f3 a qualidade de sua atua\u00e7\u00e3o em ensino, pesquisa e extens\u00e3o na p\u00f3s gradua\u00e7\u00e3o, mas tamb\u00e9m o impacto sobre a carreira dos nossos discentes e, com esses dados, pensar em a\u00e7\u00f5es de melhoria e inova\u00e7\u00e3o no \u00e2mbito do programa. Para conhecer detalhadamente os crit\u00e9rios avaliativos, clique nos links abaixo com os respectivos formul\u00e1rios de avalia\u00e7\u00e3o do PPGERE por docentes, discentes e egressos do programa.<\/p>\n<ul>\n<li><a href=\"http:\/\/uenf.br\/posgraduacao\/engenharia-exploracao-de-petroleo\/wp-content\/uploads\/sites\/15\/2025\/02\/Autoavaliacao-PPGERE-discentes.pdf\">Avalia\u00e7\u00e3o por discentes<\/a><\/li>\n<li><a href=\"http:\/\/uenf.br\/posgraduacao\/engenharia-exploracao-de-petroleo\/wp-content\/uploads\/sites\/15\/2025\/02\/Autoavaliacao-PPGERE-docentes.pdf\">Avalia\u00e7\u00e3o por docentes<\/a><\/li>\n<li><a href=\"http:\/\/uenf.br\/posgraduacao\/engenharia-exploracao-de-petroleo\/wp-content\/uploads\/sites\/15\/2025\/02\/Autoavaliacao-PPGERE-egressos.pdf\">Avalia\u00e7\u00e3o por egressos<\/a><\/li>\n<\/ul>\n","protected":false},"excerpt":{"rendered":"<p>A avalia\u00e7\u00e3o anual do Programa de P\u00f3s-Gradua\u00e7\u00e3o em Engenharia de Reservat\u00f3rio e de Explora\u00e7\u00e3o &#8211; PPGERE foi institu\u00edda com o&#8230;<\/p>\n","protected":false},"author":35,"featured_media":0,"parent":2,"menu_order":4,"comment_status":"closed","ping_status":"closed","template":"","meta":{"footnotes":""},"class_list":["post-1262","page","type-page","status-publish","hentry"],"_links":{"self":[{"href":"https:\/\/uenf.br\/posgraduacao\/engenharia-exploracao-de-petroleo\/wp-json\/wp\/v2\/pages\/1262","targetHints":{"allow":["GET"]}}],"collection":[{"href":"https:\/\/uenf.br\/posgraduacao\/engenharia-exploracao-de-petroleo\/wp-json\/wp\/v2\/pages"}],"about":[{"href":"https:\/\/uenf.br\/posgraduacao\/engenharia-exploracao-de-petroleo\/wp-json\/wp\/v2\/types\/page"}],"author":[{"embeddable":true,"href":"https:\/\/uenf.br\/posgraduacao\/engenharia-exploracao-de-petroleo\/wp-json\/wp\/v2\/users\/35"}],"replies":[{"embeddable":true,"href":"https:\/\/uenf.br\/posgraduacao\/engenharia-exploracao-de-petroleo\/wp-json\/wp\/v2\/comments?post=1262"}],"version-history":[{"count":0,"href":"https:\/\/uenf.br\/posgraduacao\/engenharia-exploracao-de-petroleo\/wp-json\/wp\/v2\/pages\/1262\/revisions"}],"up":[{"embeddable":true,"href":"https:\/\/uenf.br\/posgraduacao\/engenharia-exploracao-de-petroleo\/wp-json\/wp\/v2\/pages\/2"}],"wp:attachment":[{"href":"https:\/\/uenf.br\/posgraduacao\/engenharia-exploracao-de-petroleo\/wp-json\/wp\/v2\/media?parent=1262"}],"curies":[{"name":"wp","href":"https:\/\/api.w.org\/{rel}","templated":true}]}}