{"id":1275,"date":"2025-03-24T10:59:07","date_gmt":"2025-03-24T13:59:07","guid":{"rendered":"https:\/\/uenf.br\/posgraduacao\/engenharia-exploracao-de-petroleo\/?page_id=1275"},"modified":"2025-11-03T19:37:18","modified_gmt":"2025-11-03T22:37:18","slug":"presentation","status":"publish","type":"page","link":"https:\/\/uenf.br\/posgraduacao\/engenharia-exploracao-de-petroleo\/en\/presentation\/","title":{"rendered":"Presentation"},"content":{"rendered":"<h2>Graduate Course: Objectives, Concentration Area, and Research Lines<\/h2>\n<p align=\"justify\">The Graduate Program in Reservoir and Exploration Engineering at the State University of Northern Rio de Janeiro &#8211; Darcy Ribeiro (Universidade Estadual do Norte Fluminense Darcy Ribeiro &#8211; UENF) was established in 1995, offering master&#8217;s and doctoral programs. The course features an innovative design, integrating core disciplines in oil and gas exploration and production (E&amp;P), for professional and academic training, reflecting the nature of the project that established the Laboratory of Petroleum Engineering and Exploration (Laborat\u00f3rio de Engenharia e Explora\u00e7\u00e3o de Petr\u00f3leo \u2013 LENEP\/UENF).<br \/>\nThis project is guided by the principle of combining high academic standards, prioritizing applied research and technological development, with strong regional integration through collaboration with the industrial sector in the Campos Basin and Santos Basin a major oil-producing region. Our department is diverse and highly qualified, consisting exclusively of Ph.D. holders, with expertise in areas such as Geophysics, Geology and Geochemistry, Petrophysics, Petroleum Engineering, and Applied and Computational Mathematics.<\/p>\n<p><b>Concentration Area:<\/b><\/p>\n<ul>\n<li>PETROLEUM EXPLORATION AND PRODUCTION ENGINEERING<\/li>\n<\/ul>\n<p><b>Research lines:<\/b><\/p>\n<ul>\n<li>MATHEMATICAL AND COMPUTATIONAL MODELING<\/li>\n<li>PETROLEUM GEOLOGY AND GEOCHEMISTRY<\/li>\n<li>INTEGRATED RESERVOIR MODELING<\/li>\n<li>RESERVOIR AND WELL ENGINEERING<!-- No item Linha de Pesquisa: Geologia e Geoqu\u00edmica n\u00e3o cont\u00e9m o nome (de Petr\u00f3leo) nem no cadastro da UENF e nem na CAPES. --><\/li>\n<\/ul>\n<p style=\"text-align: left\" align=\"center\"><b>Contact Information:<\/b><\/p>\n<p style=\"font-family: Arial, sans-serif;font-size: small;text-align: left\">Coordination of the Graduate Program in Reservoir and Exploration Engineering<\/p>\n<p style=\"font-family: Arial, sans-serif;font-size: small;text-align: left\">Prof. Carlos Enrique Pico Ortiz (Coordinator)<br \/>\nEmail: coordpg@lenep.uenf.br<\/p>\n<p style=\"font-family: Arial, sans-serif;font-size: small;text-align: left\">Secretaries:<br \/>\nVerlaine de Oliveira and D\u00e9bora Borges<br \/>\nEmail: secpg@lenep.uenf.br<\/p>\n<p style=\"font-family: Arial, sans-serif;font-size: small;text-align: left\">Address: Hermenegildo Adolpho s\/n, Imboassica, Maca\u00e9, Rio de Janeiro, Brazil.<br \/>\nZIP Code: 27932-125<\/p>\n","protected":false},"excerpt":{"rendered":"<p>Graduate Course: Objectives, Concentration Area, and Research Lines The Graduate Program in Reservoir and Exploration Engineering at the State University&#8230;<\/p>\n","protected":false},"author":35,"featured_media":0,"parent":0,"menu_order":1,"comment_status":"closed","ping_status":"closed","template":"","meta":{"footnotes":""},"class_list":["post-1275","page","type-page","status-publish","hentry"],"_links":{"self":[{"href":"https:\/\/uenf.br\/posgraduacao\/engenharia-exploracao-de-petroleo\/wp-json\/wp\/v2\/pages\/1275","targetHints":{"allow":["GET"]}}],"collection":[{"href":"https:\/\/uenf.br\/posgraduacao\/engenharia-exploracao-de-petroleo\/wp-json\/wp\/v2\/pages"}],"about":[{"href":"https:\/\/uenf.br\/posgraduacao\/engenharia-exploracao-de-petroleo\/wp-json\/wp\/v2\/types\/page"}],"author":[{"embeddable":true,"href":"https:\/\/uenf.br\/posgraduacao\/engenharia-exploracao-de-petroleo\/wp-json\/wp\/v2\/users\/35"}],"replies":[{"embeddable":true,"href":"https:\/\/uenf.br\/posgraduacao\/engenharia-exploracao-de-petroleo\/wp-json\/wp\/v2\/comments?post=1275"}],"version-history":[{"count":0,"href":"https:\/\/uenf.br\/posgraduacao\/engenharia-exploracao-de-petroleo\/wp-json\/wp\/v2\/pages\/1275\/revisions"}],"wp:attachment":[{"href":"https:\/\/uenf.br\/posgraduacao\/engenharia-exploracao-de-petroleo\/wp-json\/wp\/v2\/media?parent=1275"}],"curies":[{"name":"wp","href":"https:\/\/api.w.org\/{rel}","templated":true}]}}