{"id":1406,"date":"2025-03-26T14:14:38","date_gmt":"2025-03-26T17:14:38","guid":{"rendered":"https:\/\/uenf.br\/posgraduacao\/engenharia-exploracao-de-petroleo\/?page_id=1406"},"modified":"2025-09-16T16:00:10","modified_gmt":"2025-09-16T19:00:10","slug":"regulations-resolutions-and-standards","status":"publish","type":"page","link":"https:\/\/uenf.br\/posgraduacao\/engenharia-exploracao-de-petroleo\/en\/program\/regulations-resolutions-and-standards\/","title":{"rendered":"Regulations, Resolutions, and Standards"},"content":{"rendered":"<ol>\n<li style=\"list-style-type: none\">\n<ol>\n<li>\n<h2 style=\"text-align: left\">Graduate School Regulations of UENF<\/h2>\n<\/li>\n<\/ol>\n<\/li>\n<\/ol>\n<p style=\"text-align: left\" align=\"center\">GENERAL GRADUATE REGULATIONS \u2013 STRICTO SENSU of University of Fluminese Northen Darcy Ribeiro (Universidade Estadual do Norte Fluminense- UENF) (currently in effect)<br \/>\nPublished in the Official State Gazette on 08\/09\/2011.<\/p>\n<p style=\"text-align: left\" align=\"center\"><u><a href=\"http:\/\/uenf.br\/posgraduacao\/gmp\/wp-content\/uploads\/sites\/6\/2012\/01\/Regimento-PG-2011.pdf\" target=\"_blank\" rel=\"noopener noreferrer\">In PDF format<\/a><\/u><\/p>\n<p style=\"text-align: left\" align=\"center\">Publication in the Official Gazette of the State of Rio de Janeiro<\/p>\n<p style=\"text-align: left\" align=\"center\"><u><a href=\"http:\/\/uenf.br\/posgraduacao\/gmp\/wp-content\/uploads\/sites\/6\/2012\/01\/Regimento-PG-DORJ-8-9-2011-pag-29_pdf.pdf\">Regulation PG DORJ 8-9-2011 page 29_pdf<\/a><\/u><\/p>\n<p style=\"text-align: left\" align=\"center\"><u><a href=\"http:\/\/uenf.br\/posgraduacao\/gmp\/wp-content\/uploads\/sites\/6\/2012\/01\/Regimento-PG-DORJ-8-9-2011-pag-30_pdf.pdf\">Regulation PG DORJ 8-9-2011 page 30_pdf<\/a><\/u><\/p>\n<p style=\"text-align: left\" align=\"center\"><u><a href=\"http:\/\/uenf.br\/posgraduacao\/gmp\/wp-content\/uploads\/sites\/6\/2012\/01\/Regimento-PG-DORJ-8-9-2011-pag-31_pdf.pdf\">Regulation PG DORJ 8-9-2011 page 31_pdf<\/a><\/u><\/p>\n<ol style=\"text-align: left\">\n<li style=\"list-style-type: none\">\n<ol start=\"2\">\n<li>\n<h2>Various Resolutions \u2013 University Graduate School<\/h2>\n<\/li>\n<\/ol>\n<\/li>\n<\/ol>\n<p style=\"text-align: left\"><u><a href=\"http:\/\/uenf.br\/posgraduacao\/gmp\/wp-content\/uploads\/sites\/6\/2012\/01\/Resolu\u00e7\u00e3o-COLAC-001-2008-credenciamento.pdf\" target=\"_blank\" rel=\"noopener noreferrer\">Resolution COLAC 001-2008<\/a><a href=\"http:\/\/uenf.br\/posgraduacao\/gmp\/regimentos-resolucoes-e-normas\/resolucao-colac-001-2008-credenciamento\/\"><br \/>\n(<\/a><\/u>Establishes minimum criteria for accrediting professors in the Graduate Programs of UENF, for levels I and II, according to the Graduate Regulations (Art. 49, Sole Paragraph))<\/p>\n<p style=\"text-align: left\"><u><a href=\"http:\/\/uenf.br\/posgraduacao\/gmp\/wp-content\/uploads\/sites\/6\/2012\/01\/Resolu\u00e7\u00e3o-COLAC-004-2008-concess\u00e3o-bolsas-rec\u00e9m-_doutor.pdf\" target=\"_blank\" rel=\"noopener noreferrer\">Resolution COLAC 004-2008<\/a><a href=\"http:\/\/uenf.br\/posgraduacao\/gmp\/regimentos-resolucoes-e-normas\/resolucao-colac-004-2008-concessao-bolsas-recem-_doutor\/\"><br \/>\n(<\/a><\/u>Establishes rules for granting recently graduated PhD scholarships at UENF and other provisions)<\/p>\n<p style=\"text-align: left\"><u><a href=\"http:\/\/uenf.br\/posgraduacao\/gmp\/wp-content\/uploads\/sites\/6\/2012\/01\/Resolu\u00e7ao-COLAC-01-2012-Revalida\u00e7\u00e3o-Diploma.pdf\" target=\"_blank\" rel=\"noopener noreferrer\">Resolution COLAC 001-2012<\/a><a href=\"http:\/\/uenf.br\/posgraduacao\/gmp\/regimentos-resolucoes-e-normas\/resolucao-colac-01-2012-revalidacao-diploma\/\"><br \/>\n(<\/a><\/u>Regulates the revalidation of Stricto Sensu Postgraduate Diplomas issued by Foreign Institutions, and other provisions)<\/p>\n<p style=\"text-align: left\"><u><a href=\"http:\/\/uenf.br\/posgraduacao\/gmp\/wp-content\/uploads\/sites\/6\/2012\/01\/Resolu\u00e7\u00e3o-CPPG-01-2016-Defesas-por-videconfer\u00eancia.pdf\" target=\"_blank\" rel=\"noopener noreferrer\">Resolution CPPG 01-2016<\/a><a href=\"http:\/\/uenf.br\/posgraduacao\/gmp\/regimentos-resolucoes-e-normas\/resolucao-cppg-01-2016-defesas-por-videconferencia\/\"><br \/>\n(<\/a><\/u>Regulates the participation of Members of Examination Committees and the format of presenting the Dissertation or Thesis)<\/p>\n<ol style=\"text-align: left\">\n<li style=\"list-style-type: none\">\n<ol start=\"3\">\n<li>\n<h1>Regulations and Standards of Graduate Program (PPGERE) &#8211; <img loading=\"lazy\" decoding=\"async\" class=\"alignnone size-full wp-image-1128\" src=\"https:\/\/uenf.br\/posgraduacao\/engenharia-exploracao-de-petroleo\/wp-content\/uploads\/sites\/15\/2024\/09\/NOVO.jpg\" alt=\"\" width=\"178\" height=\"30\" \/><\/h1>\n<\/li>\n<\/ol>\n<\/li>\n<\/ol>\n<p><a href=\"https:\/\/uenf.br\/posgraduacao\/engenharia-exploracao-de-petroleo\/wp-content\/uploads\/sites\/15\/2024\/09\/REGIMENTO-PPGERE-Aprovado-pela-CPPG-em-10-04-24.pdf\">Internal Regulations \u2013 (Approved by the CPPG on 10\/04\/24)<\/a><\/p>\n<p><a href=\"https:\/\/uenf.br\/posgraduacao\/engenharia-exploracao-de-petroleo\/wp-content\/uploads\/sites\/15\/2024\/09\/NORMAS-PPGERE-Aprovado-pela-CPPG-em-10-04-24.pdf\">Graduate Program Standards \u2013 (Approved by the CPPG on 10\/04\/24)<\/a><\/p>\n<p><a href=\"https:\/\/uenf.br\/posgraduacao\/engenharia-exploracao-de-petroleo\/wp-content\/uploads\/sites\/15\/2024\/09\/Normas-PPGERE-para-Elaboracao-de-Dissertacao-e-Tese-Aprovado-pela-CPPG-em-10-04-24.pdf\">Standards for the Preparation of Dissertations and Theses \u2013 (Approved by the CPPG on 10\/04\/24)<\/a><\/p>\n","protected":false},"excerpt":{"rendered":"<p>Graduate School Regulations of UENF GENERAL GRADUATE REGULATIONS \u2013 STRICTO SENSU of University of Fluminese Northen Darcy Ribeiro (Universidade Estadual&#8230;<\/p>\n","protected":false},"author":35,"featured_media":0,"parent":1994,"menu_order":5,"comment_status":"closed","ping_status":"closed","template":"","meta":{"footnotes":""},"class_list":["post-1406","page","type-page","status-publish","hentry"],"_links":{"self":[{"href":"https:\/\/uenf.br\/posgraduacao\/engenharia-exploracao-de-petroleo\/wp-json\/wp\/v2\/pages\/1406","targetHints":{"allow":["GET"]}}],"collection":[{"href":"https:\/\/uenf.br\/posgraduacao\/engenharia-exploracao-de-petroleo\/wp-json\/wp\/v2\/pages"}],"about":[{"href":"https:\/\/uenf.br\/posgraduacao\/engenharia-exploracao-de-petroleo\/wp-json\/wp\/v2\/types\/page"}],"author":[{"embeddable":true,"href":"https:\/\/uenf.br\/posgraduacao\/engenharia-exploracao-de-petroleo\/wp-json\/wp\/v2\/users\/35"}],"replies":[{"embeddable":true,"href":"https:\/\/uenf.br\/posgraduacao\/engenharia-exploracao-de-petroleo\/wp-json\/wp\/v2\/comments?post=1406"}],"version-history":[{"count":0,"href":"https:\/\/uenf.br\/posgraduacao\/engenharia-exploracao-de-petroleo\/wp-json\/wp\/v2\/pages\/1406\/revisions"}],"up":[{"embeddable":true,"href":"https:\/\/uenf.br\/posgraduacao\/engenharia-exploracao-de-petroleo\/wp-json\/wp\/v2\/pages\/1994"}],"wp:attachment":[{"href":"https:\/\/uenf.br\/posgraduacao\/engenharia-exploracao-de-petroleo\/wp-json\/wp\/v2\/media?parent=1406"}],"curies":[{"name":"wp","href":"https:\/\/api.w.org\/{rel}","templated":true}]}}