{"id":1477,"date":"2025-04-09T14:25:13","date_gmt":"2025-04-09T17:25:13","guid":{"rendered":"https:\/\/uenf.br\/posgraduacao\/engenharia-exploracao-de-petroleo\/?page_id=1477"},"modified":"2025-07-04T15:32:21","modified_gmt":"2025-07-04T18:32:21","slug":"dissertacoes-e-teses-de-destaque-no-quadrienio-2021-2024","status":"publish","type":"page","link":"https:\/\/uenf.br\/posgraduacao\/engenharia-exploracao-de-petroleo\/publicacoes\/dissertacoes-e-teses-de-destaque-no-quadrienio-2021-2024\/","title":{"rendered":"Disserta\u00e7\u00f5es e Teses de Destaque no Quadri\u00eanio 2021 &#8211; 2024"},"content":{"rendered":"<ul>\n<li><b>Disserta\u00e7\u00f5es de Destaque<\/b><\/li>\n<\/ul>\n<ol>\n<li>\n<p align=\"justify\"><b>Discente: <\/b>Ediane Batista da Silva<\/p>\n<\/li>\n<\/ol>\n<p align=\"justify\"><b>T\u00edtulo da disserta\u00e7\u00e3o<\/b>: <a href=\"http:\/\/uenf.br\/posgraduacao\/engenharia-exploracao-de-petroleo\/wp-content\/uploads\/sites\/15\/2025\/04\/Dissertacao-Ediane-Batista-da-Silva.pdf\"><i>Plays<\/i> explorat\u00f3rios em \u00e1guas profundas e ultra profundas da Bacia Potiguar, Margem Equatorial Brasileira.<\/a><\/p>\n<p align=\"justify\"><b>Orientador<\/b>: H\u00e9lio J. P. Severiano Ribeiro<\/p>\n<p align=\"justify\"><b>Linha de Pesquisa: Geologia e Geoqu\u00edmica do Petr\u00f3leo (<\/b><b>GGP)<\/b><\/p>\n<p align=\"justify\"><b>Data da defesa<\/b>: 12\/02\/2021<\/p>\n<p>&nbsp;<\/p>\n<ol start=\"2\">\n<li>\n<p align=\"justify\"><b>Discente: <\/b>Lucas C\u00e9sar de Oliveira<\/p>\n<\/li>\n<\/ol>\n<p align=\"justify\"><b>T\u00edtulo da disserta\u00e7\u00e3o<\/b>: <a href=\"http:\/\/uenf.br\/posgraduacao\/engenharia-exploracao-de-petroleo\/wp-content\/uploads\/sites\/15\/2025\/04\/Dissertacao-Lucas-Cesar-de-Oliveira.pdf\">Caracteriza\u00e7\u00e3o integrada de propriedades geomec\u00e2nicas e petrof\u00edsicas de carbonatos.<\/a><\/p>\n<p align=\"justify\"><b>Orientadora<\/b>: Roseane Marchezi Miss\u00e1gia<\/p>\n<p><b>Linha de Pesquisa: <\/b><b>Modelagem Integrada e Caracteriza\u00e7\u00e3o de Reservat\u00f3rio<\/b><b> (MIR)<\/b><\/p>\n<p align=\"justify\"><b>Data da defesa<\/b>: 16\/08\/2022<\/p>\n<p>&nbsp;<\/p>\n<ol start=\"3\">\n<li>\n<p align=\"justify\"><b>Discente: <\/b>Raon\u00ed de Carvalho Costa Alves<\/p>\n<\/li>\n<\/ol>\n<p align=\"justify\"><b>T\u00edtulo da disserta\u00e7\u00e3o<\/b>: <a href=\"http:\/\/uenf.br\/posgraduacao\/engenharia-exploracao-de-petroleo\/wp-content\/uploads\/sites\/15\/2025\/04\/Dissertacao-Raoni-de-Carvalho-Costa-Alves.pdf\">Decomposi\u00e7\u00e3o ac\u00fastica robusta unidimensional, em campos ascendente e descendente, para tratamento de fantasmas e <i>peglegs<\/i> em dados s\u00edsmicos com sensores de fundo marinho.<\/a><\/p>\n<p align=\"justify\"><b>Orientador<\/b>: S\u00e9rgio Adriano Moura Oliveira<\/p>\n<p><b>Linha de Pesquisa: <\/b><b>Modelagem Integrada e Caracteriza\u00e7\u00e3o de Reservat\u00f3rio<\/b><b> (MIR)<\/b><\/p>\n<p align=\"justify\"><b>Data da defesa<\/b>: 20\/07\/2021<\/p>\n<p>&nbsp;<\/p>\n<ul>\n<li><b>Teses de Destaque<\/b><\/li>\n<\/ul>\n<ol>\n<li>\n<p align=\"justify\"><b>Discente<\/b>: Alexandre Luz Campi<\/p>\n<\/li>\n<\/ol>\n<p align=\"justify\"><span lang=\"en-US\"><b>T\u00edtulo da tese<\/b><\/span><span lang=\"en-US\">: <\/span><a href=\"http:\/\/uenf.br\/posgraduacao\/engenharia-exploracao-de-petroleo\/wp-content\/uploads\/sites\/15\/2025\/04\/Tese-Alexandre-Campi.pdf\"><span lang=\"en-US\"><i>Deep learning in seismic data reconstruction: From irregular sampling to high-resolution reconstruction<\/i><\/span><span lang=\"en-US\">.<\/span><\/a><\/p>\n<p align=\"justify\"><b>Orientadora<\/b>: Roseane Marchezi Missagia<\/p>\n<p><b>Linha de Pesquisa: <\/b><b>Modelagem Integrada e Caracteriza\u00e7\u00e3o de Reservat\u00f3rio<\/b><b> (MIR)<\/b><\/p>\n<p align=\"justify\"><b>Data da defesa<\/b>: 08\/03\/2024<\/p>\n<p>&nbsp;<\/p>\n<ol start=\"2\">\n<li>\n<p align=\"justify\"><b>Discente: <\/b>Caroline Adolphsson do Nascimento<\/p>\n<\/li>\n<\/ol>\n<p align=\"justify\"><b>T\u00edtulo da tese<\/b>: <a href=\"http:\/\/uenf.br\/posgraduacao\/engenharia-exploracao-de-petroleo\/wp-content\/uploads\/sites\/15\/2025\/04\/Tese-Caroline-Adolphsson-do-Nascimento.pdf\">Avalia\u00e7\u00e3o das condi\u00e7\u00f5es fisico-qu\u00edmicas do paleoambiente deposicional da Forma\u00e7\u00e3o Irati nas regi\u00f5es nordeste e centro-leste da Bacia do Paran\u00e1, atrav\u00e9s do uso de par\u00e2metros geoqu\u00edmicos org\u00e2nicos e inorg\u00e2nicos.<\/a><\/p>\n<p align=\"justify\"><b>Orientador(es)<\/b>: Eliane Soares de Souza e H\u00e9lio J. P. Severiano Ribeiro (coorientador)<\/p>\n<p align=\"justify\"><b>Linha de Pesquisa: Geologia e Geoqu\u00edmica do Petr\u00f3leo (<\/b><b>GGP)<\/b><\/p>\n<p align=\"justify\"><b>Data da defesa<\/b>: 01\/04\/2021<\/p>\n<p>&nbsp;<\/p>\n<ol start=\"3\">\n<li>\n<p align=\"justify\"><b>Discente<\/b>: Felipe de Oliveira Apolin\u00e1rio<\/p>\n<\/li>\n<\/ol>\n<p align=\"justify\"><span lang=\"en-US\"><b>T\u00edtulo da tese<\/b><\/span><span lang=\"en-US\">: <\/span><a href=\"http:\/\/uenf.br\/posgraduacao\/engenharia-exploracao-de-petroleo\/wp-content\/uploads\/sites\/15\/2025\/04\/Tese-Felipe-de-Oliveira-Apolinario.pdf\"><span lang=\"en-US\"><i>Mathematical modeling of chemical slug injection driven by water enhanced oil recovery processes.<\/i><\/span><\/a><\/p>\n<p align=\"justify\"><b>Orientador<\/b>: Adolfo Puime Pires<\/p>\n<p align=\"justify\"><b>Linha de Pesquisa: <\/b><b>Modelagem Matem\u00e1tica, Computacional e Laboratorial em Geof\u00edsica e Engenharia de Reservat\u00f3rio (MMCLGER)<\/b><\/p>\n<p align=\"justify\"><b>Data da defesa<\/b>: 01\/04\/2022<\/p>\n<p>&nbsp;<\/p>\n<ol start=\"4\">\n<li>\n<p align=\"justify\"><b>Discente<\/b>: Luciana Gicovate Paes Sodr\u00e9<\/p>\n<\/li>\n<\/ol>\n<p align=\"justify\"><b>T\u00edtulo da tese<\/b>: <a href=\"http:\/\/uenf.br\/posgraduacao\/engenharia-exploracao-de-petroleo\/wp-content\/uploads\/sites\/15\/2025\/04\/Tese-Luciana-Gicovate-Paes-Sodre.pdf\">Avalia\u00e7\u00e3o qu\u00edmica abrangente de petr\u00f3leos recuperados por inje\u00e7\u00e3o de salmoura e amido cati\u00f4nico.<\/a><\/p>\n<p align=\"justify\"><b>Orientadora<\/b>: Georgiana Feitosa da Cruz<\/p>\n<p align=\"justify\"><b>Linha de Pesquisa: Geologia e Geoqu\u00edmica do Petr\u00f3leo (<\/b><b>GGP)<\/b><\/p>\n<p align=\"justify\"><b>Data da defesa<\/b>: 06\/05\/2024<\/p>\n<p>&nbsp;<\/p>\n<ol start=\"5\">\n<li>\n<p align=\"justify\"><b>Discente: <\/b>Luiza Rodrigues Rocha<\/p>\n<\/li>\n<\/ol>\n<p align=\"justify\"><b>T\u00edtulo da tese<\/b>: <a href=\"http:\/\/uenf.br\/posgraduacao\/engenharia-exploracao-de-petroleo\/wp-content\/uploads\/sites\/15\/2025\/04\/Tese-Luiza-Rodrigues-Rocha.pdf\">Caracteriza\u00e7\u00e3o geoqu\u00edmica das mudan\u00e7as f\u00edsico-qu\u00edmicas ocorridas no paleoambiente deposicional da Forma\u00e7\u00e3o Ponta Grossa do Eo ao Mesodevoniano: Implica\u00e7\u00f5es nas crises bi\u00f3ticas.<\/a><\/p>\n<p align=\"justify\"><b>Orientador(es)<\/b>: Eliane Soares de Souza e H\u00e9lio J. P. Severiano Ribeiro (coorientador)<\/p>\n<p align=\"justify\"><b>Linha de Pesquisa: <\/b><b>Geologia e Geoqu\u00edmica do Petr\u00f3leo (<\/b><b>GGP)<\/b><\/p>\n<p align=\"justify\"><b>Data da defesa<\/b>: 27\/02\/2023<\/p>\n<p>&nbsp;<\/p>\n<ol start=\"6\">\n<li>\n<p align=\"justify\"><b>Discente: Renzo Rigo Francia Mimbela<\/b><\/p>\n<\/li>\n<\/ol>\n<p align=\"justify\"><span lang=\"en-US\"><b>T\u00edtulo da tese: <\/b><\/span><a href=\"http:\/\/uenf.br\/posgraduacao\/engenharia-exploracao-de-petroleo\/wp-content\/uploads\/sites\/15\/2025\/04\/Tese-Renzo-Rigo-Francia-Mimbela.pdf\"><span lang=\"en-US\"><i>Pore pressure estimation for shaly sand formations using rock physics models for compressional and shear velocities: A 1D geomechanical approach.<\/i><\/span><\/a><\/p>\n<p align=\"justify\"><b>Orientador: Fernando S\u00e9rgio de Moraes<\/b><\/p>\n<p align=\"justify\"><b>Linha de Pesquisa: <\/b><b>Modelagem Integrada e Caracteriza\u00e7\u00e3o de Reservat\u00f3rio (MIR)<\/b><\/p>\n<p align=\"justify\"><b>Data da defesa: 22\/07\/2021<\/b><\/p>\n<p>&nbsp;<\/p>\n<ol start=\"7\">\n<li>\n<p align=\"justify\"><b>Discente<\/b>: Wagner Queiroz Barros<\/p>\n<\/li>\n<\/ol>\n<p align=\"justify\"><b>T\u00edtulo da tese<\/b>: <a href=\"http:\/\/uenf.br\/posgraduacao\/engenharia-exploracao-de-petroleo\/wp-content\/uploads\/sites\/15\/2025\/04\/Tese-Wagner-Queiroz-Barros.pdf\"><i>Mathematical modeling of water alternating gas processes<\/i><\/a><\/p>\n<p align=\"justify\"><b>Orientador(es)<\/b>: Adolfo Puime Pires e \u00c1lvaro M. Peres<\/p>\n<p align=\"justify\"><b>Linha de Pesquisa: <\/b><b>Modelagem Matem\u00e1tica, Computacional e Laboratorial em Geof\u00edsica e Engenharia de Reservat\u00f3rio (MMCLGER)<\/b><\/p>\n<p align=\"justify\"><b>Data da defesa<\/b>: 21\/12\/2022<\/p>\n","protected":false},"excerpt":{"rendered":"<p>Disserta\u00e7\u00f5es de Destaque Discente: Ediane Batista da Silva T\u00edtulo da disserta\u00e7\u00e3o: Plays explorat\u00f3rios em \u00e1guas profundas e ultra profundas da&#8230;<\/p>\n","protected":false},"author":35,"featured_media":0,"parent":1645,"menu_order":2,"comment_status":"closed","ping_status":"closed","template":"","meta":{"footnotes":""},"class_list":["post-1477","page","type-page","status-publish","hentry"],"_links":{"self":[{"href":"https:\/\/uenf.br\/posgraduacao\/engenharia-exploracao-de-petroleo\/wp-json\/wp\/v2\/pages\/1477","targetHints":{"allow":["GET"]}}],"collection":[{"href":"https:\/\/uenf.br\/posgraduacao\/engenharia-exploracao-de-petroleo\/wp-json\/wp\/v2\/pages"}],"about":[{"href":"https:\/\/uenf.br\/posgraduacao\/engenharia-exploracao-de-petroleo\/wp-json\/wp\/v2\/types\/page"}],"author":[{"embeddable":true,"href":"https:\/\/uenf.br\/posgraduacao\/engenharia-exploracao-de-petroleo\/wp-json\/wp\/v2\/users\/35"}],"replies":[{"embeddable":true,"href":"https:\/\/uenf.br\/posgraduacao\/engenharia-exploracao-de-petroleo\/wp-json\/wp\/v2\/comments?post=1477"}],"version-history":[{"count":0,"href":"https:\/\/uenf.br\/posgraduacao\/engenharia-exploracao-de-petroleo\/wp-json\/wp\/v2\/pages\/1477\/revisions"}],"up":[{"embeddable":true,"href":"https:\/\/uenf.br\/posgraduacao\/engenharia-exploracao-de-petroleo\/wp-json\/wp\/v2\/pages\/1645"}],"wp:attachment":[{"href":"https:\/\/uenf.br\/posgraduacao\/engenharia-exploracao-de-petroleo\/wp-json\/wp\/v2\/media?parent=1477"}],"curies":[{"name":"wp","href":"https:\/\/api.w.org\/{rel}","templated":true}]}}