{"id":1508,"date":"2025-04-30T11:37:37","date_gmt":"2025-04-30T14:37:37","guid":{"rendered":"https:\/\/uenf.br\/posgraduacao\/engenharia-exploracao-de-petroleo\/?page_id=1508"},"modified":"2025-04-30T11:37:37","modified_gmt":"2025-04-30T14:37:37","slug":"defesa-de-projeto-de-dissertacao-ou-tese","status":"publish","type":"page","link":"https:\/\/uenf.br\/posgraduacao\/engenharia-exploracao-de-petroleo\/formularios\/defesa-de-projeto-de-dissertacao-ou-tese\/","title":{"rendered":"Defesa de Projeto de Disserta\u00e7\u00e3o ou Tese"},"content":{"rendered":"<p><strong>Em at\u00e9 12 meses<\/strong> de curso (no m\u00e1ximo), a contar da matr\u00edcula no PPGERE, o mestrando\/ doutorando dever\u00e1 defender o <strong>Projeto de Disserta\u00e7\u00e3o ou Tese<\/strong>\u00a0<a href=\"https:\/\/uenf.br\/posgraduacao\/engenharia-exploracao-de-petroleo\/wp-content\/uploads\/sites\/15\/2025\/04\/25_02_25_p31_a_35_Resolucao_COLAC_no_43_2025_dispoe_sobre_normas_gerais_de_pos_graduacao_strictu_sensu_da_UENF.pdf\">(art. 48, Normas Gerais da P\u00f3s-Gradua\u00e7\u00e3o)<\/a>.<\/p>\n<p>O agendamento da\u00a0 Defesa do Projeto deve ser encaminhado pelo orientador \u00e0 Secretaria do PPGERE, com pelo menos 20 dias de anteced\u00eancia, atrav\u00e9s do e-mail secpg@lenep.uenf.br , com os seguintes documentos:<\/p>\n<ol>\n<li><a href=\"http:\/\/uenf.br\/posgraduacao\/engenharia-exploracao-de-petroleo\/wp-content\/uploads\/sites\/15\/2025\/04\/Formulario-de-Encaminhamento-de-PROJETO-de-Dissertacao-Tese-para-Defesa-Publica.doc\">Formul\u00e1rio de Encaminhamento de PROJETO de Disserta\u00e7\u00e3o Tese para Defesa P\u00fablica<\/a>;<\/li>\n<li>Uma via do Projeto em PDF.<\/li>\n<\/ol>\n<p>\u00c9 importante ressaltar que o Projeto deve ser elaborado em conformidade com as <a href=\"https:\/\/uenf.br\/posgraduacao\/engenharia-exploracao-de-petroleo\/wp-content\/uploads\/sites\/15\/2024\/09\/Normas-PPGERE-para-Elaboracao-de-Dissertacao-e-Tese-Aprovado-pela-CPPG-em-10-04-24.pdf\">Normas\u00a0 Para Elabora\u00e7\u00e3o da Disserta\u00e7\u00e3o ou Tese PPGERE<\/a> , observando o que determina <a href=\"https:\/\/uenf.br\/posgraduacao\/engenharia-exploracao-de-petroleo\/wp-content\/uploads\/sites\/15\/2024\/09\/NORMAS-PPGERE-Aprovado-pela-CPPG-em-10-04-24.pdf\">Resolu\u00e7\u00e3o CCPPGERE n\u00ba 02\/2023 (Normas do PPGERE)<\/a>, em especial os artigos 21 a 23.<\/p>\n","protected":false},"excerpt":{"rendered":"<p>Em at\u00e9 12 meses de curso (no m\u00e1ximo), a contar da matr\u00edcula no PPGERE, o mestrando\/ doutorando dever\u00e1 defender o&#8230;<\/p>\n","protected":false},"author":62,"featured_media":0,"parent":44,"menu_order":1,"comment_status":"closed","ping_status":"closed","template":"","meta":{"footnotes":""},"class_list":["post-1508","page","type-page","status-publish","hentry"],"_links":{"self":[{"href":"https:\/\/uenf.br\/posgraduacao\/engenharia-exploracao-de-petroleo\/wp-json\/wp\/v2\/pages\/1508","targetHints":{"allow":["GET"]}}],"collection":[{"href":"https:\/\/uenf.br\/posgraduacao\/engenharia-exploracao-de-petroleo\/wp-json\/wp\/v2\/pages"}],"about":[{"href":"https:\/\/uenf.br\/posgraduacao\/engenharia-exploracao-de-petroleo\/wp-json\/wp\/v2\/types\/page"}],"author":[{"embeddable":true,"href":"https:\/\/uenf.br\/posgraduacao\/engenharia-exploracao-de-petroleo\/wp-json\/wp\/v2\/users\/62"}],"replies":[{"embeddable":true,"href":"https:\/\/uenf.br\/posgraduacao\/engenharia-exploracao-de-petroleo\/wp-json\/wp\/v2\/comments?post=1508"}],"version-history":[{"count":0,"href":"https:\/\/uenf.br\/posgraduacao\/engenharia-exploracao-de-petroleo\/wp-json\/wp\/v2\/pages\/1508\/revisions"}],"up":[{"embeddable":true,"href":"https:\/\/uenf.br\/posgraduacao\/engenharia-exploracao-de-petroleo\/wp-json\/wp\/v2\/pages\/44"}],"wp:attachment":[{"href":"https:\/\/uenf.br\/posgraduacao\/engenharia-exploracao-de-petroleo\/wp-json\/wp\/v2\/media?parent=1508"}],"curies":[{"name":"wp","href":"https:\/\/api.w.org\/{rel}","templated":true}]}}