{"id":1551,"date":"2025-04-30T11:39:22","date_gmt":"2025-04-30T14:39:22","guid":{"rendered":"https:\/\/uenf.br\/posgraduacao\/engenharia-exploracao-de-petroleo\/?page_id=1551"},"modified":"2025-04-30T11:39:22","modified_gmt":"2025-04-30T14:39:22","slug":"defesa-de-tese","status":"publish","type":"page","link":"https:\/\/uenf.br\/posgraduacao\/engenharia-exploracao-de-petroleo\/formularios\/defesa-de-tese\/","title":{"rendered":"Defesa de Tese"},"content":{"rendered":"<p>O agendamento da\u00a0 Defesa de Tese deve ser encaminhado pelo orientador \u00e0 Secretaria do PPGERE, <strong>com pelo menos 30 dias de anteced\u00eancia<\/strong>, atrav\u00e9s do e-mail secpg@lenep.uenf.br , com os seguintes documentos:<\/p>\n<ol>\n<li><strong><a href=\"http:\/\/uenf.br\/posgraduacao\/engenharia-exploracao-de-petroleo\/wp-content\/uploads\/sites\/15\/2025\/04\/Formulario-de-Encaminhamento-de-Dissertacao-Tese-para-Defesa-Publica-MODELO-03-04-24-APOS-APROVACAO-REGIMENTO-PPGERE-8.doc\">Formul\u00e1rio de Encaminhamento de Tese para Defesa P\u00fablica<\/a>;<\/strong><\/li>\n<li><strong>Uma via da Disserta\u00e7\u00e3o em PDF;<\/strong><\/li>\n<li><strong>Declara\u00e7\u00e3o de Nada Consta (emitido no Sistema Acad\u00eamico);<\/strong><\/li>\n<li><strong>Hist\u00f3rico Escolar (emitido no Sistema Acad\u00eamico);<\/strong><\/li>\n<li><strong>Declara\u00e7\u00e3o de Conclus\u00e3o de Cr\u00e9ditos (emitido no Sistema Acad\u00eamico);<\/strong><\/li>\n<li><strong><a href=\"http:\/\/uenf.br\/posgraduacao\/engenharia-exploracao-de-petroleo\/wp-content\/uploads\/sites\/15\/2025\/04\/FORMULARIO-DE-CADASTRO-DE-PARTICIPANTE-EXTERNO-MODELO-17-10-24-1.pdf\">Formul\u00e1rio de Cadastro de Participante Externo<\/a>:<\/strong> o formul\u00e1rio deve ser preenchido e assinado (assinatura digital GOV.br) pelo\u00a0 Membro Externo da Banca Examinadora, sendo que os membros de banca de defesas de tese de doutorado dever\u00e3o ter \u00edndice H igual ou superior a 5, a base de dados SCOPUS (art. 28 da \u00a0<a href=\"https:\/\/uenf.br\/posgraduacao\/engenharia-exploracao-de-petroleo\/wp-content\/uploads\/sites\/15\/2024\/09\/NORMAS-PPGERE-Aprovado-pela-CPPG-em-10-04-24.pdf\">Resolu\u00e7\u00e3o CCPPGERE n\u00ba 02\/2023 (Normas do PPGERE)<\/a> . Quanto ao avaliador externo, somente ser\u00e1 permitida a participa\u00e7\u00e3o em uma defesa para aqueles que, por pelo menos um ano, n\u00e3o participaram de uma defesa no \u00e2mbito do PPGERE a convite de um mesmo orientador (art. 29, \u00a72\u00ba da <a href=\"https:\/\/uenf.br\/posgraduacao\/engenharia-exploracao-de-petroleo\/wp-content\/uploads\/sites\/15\/2024\/09\/NORMAS-PPGERE-Aprovado-pela-CPPG-em-10-04-24.pdf\">Resolu\u00e7\u00e3o CCPPGERE n\u00ba 02\/2023 &#8211; Normas do PPGERE<\/a>);<\/li>\n<li><strong>Comprovante de artigo aceito ou publicado em peri\u00f3dico de estrato CAPES n\u00e3o inferior ao \u201cA2\u201d (Base Scopus: A1 = 87,5% a 100% e A2 = 75% a 87,4 %),<\/strong> conforme artigo 24 da <a href=\"https:\/\/uenf.br\/posgraduacao\/engenharia-exploracao-de-petroleo\/wp-content\/uploads\/sites\/15\/2024\/09\/NORMAS-PPGERE-Aprovado-pela-CPPG-em-10-04-24.pdf\">Resolu\u00e7\u00e3o CCPPGERE n\u00ba 02\/2023 (Normas do PPGERE)<\/a>. <em>(Somente as produ\u00e7\u00f5es relacionadas ao tema da tese ou disserta\u00e7\u00e3o do discente com a coautoria do orientador, ser\u00e3o consideradas satisfat\u00f3rias. Observando que os discentes, sejam de doutorado e\/ou de mestrado, dever\u00e3o obrigatoriamente ser o autor principal \/ 1\u00ba Autor).<\/em><\/li>\n<\/ol>\n<p>\u00c9 importante ressaltar que <strong>a Tese deve ser elaborada em conformidade com as <a href=\"https:\/\/uenf.br\/posgraduacao\/engenharia-exploracao-de-petroleo\/wp-content\/uploads\/sites\/15\/2024\/09\/Normas-PPGERE-para-Elaboracao-de-Dissertacao-e-Tese-Aprovado-pela-CPPG-em-10-04-24.pdf\">Normas\u00a0 Para Elabora\u00e7\u00e3o da Disserta\u00e7\u00e3o ou Tese PPGERE<\/a><\/strong>\u00a0, observando o que determina\u00a0<a href=\"https:\/\/uenf.br\/posgraduacao\/engenharia-exploracao-de-petroleo\/wp-content\/uploads\/sites\/15\/2024\/09\/NORMAS-PPGERE-Aprovado-pela-CPPG-em-10-04-24.pdf\">Resolu\u00e7\u00e3o CCPPGERE n\u00ba 02\/2023 (Normas do PPGERE)<\/a>.<\/p>\n<p><strong>O prazo para conclus\u00e3o do curso de doutorado \u00e9 de 48 meses<\/strong> <a href=\"https:\/\/uenf.br\/posgraduacao\/engenharia-exploracao-de-petroleo\/wp-content\/uploads\/sites\/15\/2025\/04\/25_02_25_p31_a_35_Resolucao_COLAC_no_43_2025_dispoe_sobre_normas_gerais_de_pos_graduacao_strictu_sensu_da_UENF.pdf\">(art. 47, Normas Gerais da P\u00f3s-Gradua\u00e7\u00e3o)<\/a>.<\/p>\n","protected":false},"excerpt":{"rendered":"<p>O agendamento da\u00a0 Defesa de Tese deve ser encaminhado pelo orientador \u00e0 Secretaria do PPGERE, com pelo menos 30 dias&#8230;<\/p>\n","protected":false},"author":62,"featured_media":0,"parent":44,"menu_order":4,"comment_status":"closed","ping_status":"closed","template":"","meta":{"footnotes":""},"class_list":["post-1551","page","type-page","status-publish","hentry"],"_links":{"self":[{"href":"https:\/\/uenf.br\/posgraduacao\/engenharia-exploracao-de-petroleo\/wp-json\/wp\/v2\/pages\/1551","targetHints":{"allow":["GET"]}}],"collection":[{"href":"https:\/\/uenf.br\/posgraduacao\/engenharia-exploracao-de-petroleo\/wp-json\/wp\/v2\/pages"}],"about":[{"href":"https:\/\/uenf.br\/posgraduacao\/engenharia-exploracao-de-petroleo\/wp-json\/wp\/v2\/types\/page"}],"author":[{"embeddable":true,"href":"https:\/\/uenf.br\/posgraduacao\/engenharia-exploracao-de-petroleo\/wp-json\/wp\/v2\/users\/62"}],"replies":[{"embeddable":true,"href":"https:\/\/uenf.br\/posgraduacao\/engenharia-exploracao-de-petroleo\/wp-json\/wp\/v2\/comments?post=1551"}],"version-history":[{"count":0,"href":"https:\/\/uenf.br\/posgraduacao\/engenharia-exploracao-de-petroleo\/wp-json\/wp\/v2\/pages\/1551\/revisions"}],"up":[{"embeddable":true,"href":"https:\/\/uenf.br\/posgraduacao\/engenharia-exploracao-de-petroleo\/wp-json\/wp\/v2\/pages\/44"}],"wp:attachment":[{"href":"https:\/\/uenf.br\/posgraduacao\/engenharia-exploracao-de-petroleo\/wp-json\/wp\/v2\/media?parent=1551"}],"curies":[{"name":"wp","href":"https:\/\/api.w.org\/{rel}","templated":true}]}}