{"id":1560,"date":"2025-06-02T09:52:11","date_gmt":"2025-06-02T12:52:11","guid":{"rendered":"https:\/\/uenf.br\/posgraduacao\/engenharia-exploracao-de-petroleo\/?page_id=1560"},"modified":"2025-06-02T15:59:56","modified_gmt":"2025-06-02T18:59:56","slug":"prorrogacao","status":"publish","type":"page","link":"https:\/\/uenf.br\/posgraduacao\/engenharia-exploracao-de-petroleo\/formularios\/prorrogacao\/","title":{"rendered":"Prorroga\u00e7\u00f5es de Datas de Defesas"},"content":{"rendered":"<p>Todo pedido de prorroga\u00e7\u00e3o deve ser avaliado pela Comiss\u00e3o Coordenadora do PPGERE. Assim, <strong>com pelo menos 60 dias de anteced\u00eancia<\/strong>, o orientador que entender necess\u00e1rio o acr\u00e9scimo de prazo precisar\u00e1 encaminhar \u00e0 Secretaria do PPGERE, atrav\u00e9s do e-mail secpg@lenep.uenf.br , os seguintes documentos:<\/p>\n<ol>\n<li><a href=\"http:\/\/uenf.br\/posgraduacao\/engenharia-exploracao-de-petroleo\/wp-content\/uploads\/sites\/15\/2025\/04\/Formulario-PROPPG-de-Prorrogacao-de-Prazo-de-Defesa-Rev-PPGERE-08-01-24-6.doc\"><strong>Formul\u00e1rio de Prorroga\u00e7\u00e3o de Prazo de Defesa<\/strong><\/a>;<\/li>\n<li><a href=\"http:\/\/uenf.br\/posgraduacao\/engenharia-exploracao-de-petroleo\/wp-content\/uploads\/sites\/15\/2025\/04\/Parecer-do-Orientador-Anexo-Formulario-Prorrogacao-Prazo-Defesa-17-10-24.pdf\"><strong>Parecer do Orientador<\/strong><\/a>;<\/li>\n<li><a href=\"http:\/\/uenf.br\/posgraduacao\/engenharia-exploracao-de-petroleo\/wp-content\/uploads\/sites\/15\/2025\/04\/Modelo-PPGERE-Relatorio-de-Atividades-com-Cronograma-para-prorrogacao-de-prazo-1-1.docx\"><strong>Relat\u00f3rio de atividades com Cronograma<\/strong><\/a>;<\/li>\n<li><strong>Vers\u00e3o Preliminar da Disserta\u00e7\u00e3o ou Tese<\/strong>;<\/li>\n<li><strong>Hist\u00f3rico ou Extrato Escolar <\/strong>(emitido no Sistema Acad\u00eamico).<\/li>\n<\/ol>\n<p>&nbsp;<\/p>\n<p>&nbsp;<\/p>\n<p>&nbsp;<\/p>\n<p>&nbsp;<\/p>\n","protected":false},"excerpt":{"rendered":"<p>Todo pedido de prorroga\u00e7\u00e3o deve ser avaliado pela Comiss\u00e3o Coordenadora do PPGERE. Assim, com pelo menos 60 dias de anteced\u00eancia,&#8230;<\/p>\n","protected":false},"author":62,"featured_media":0,"parent":44,"menu_order":5,"comment_status":"closed","ping_status":"closed","template":"","meta":{"footnotes":""},"class_list":["post-1560","page","type-page","status-publish","hentry"],"_links":{"self":[{"href":"https:\/\/uenf.br\/posgraduacao\/engenharia-exploracao-de-petroleo\/wp-json\/wp\/v2\/pages\/1560","targetHints":{"allow":["GET"]}}],"collection":[{"href":"https:\/\/uenf.br\/posgraduacao\/engenharia-exploracao-de-petroleo\/wp-json\/wp\/v2\/pages"}],"about":[{"href":"https:\/\/uenf.br\/posgraduacao\/engenharia-exploracao-de-petroleo\/wp-json\/wp\/v2\/types\/page"}],"author":[{"embeddable":true,"href":"https:\/\/uenf.br\/posgraduacao\/engenharia-exploracao-de-petroleo\/wp-json\/wp\/v2\/users\/62"}],"replies":[{"embeddable":true,"href":"https:\/\/uenf.br\/posgraduacao\/engenharia-exploracao-de-petroleo\/wp-json\/wp\/v2\/comments?post=1560"}],"version-history":[{"count":0,"href":"https:\/\/uenf.br\/posgraduacao\/engenharia-exploracao-de-petroleo\/wp-json\/wp\/v2\/pages\/1560\/revisions"}],"up":[{"embeddable":true,"href":"https:\/\/uenf.br\/posgraduacao\/engenharia-exploracao-de-petroleo\/wp-json\/wp\/v2\/pages\/44"}],"wp:attachment":[{"href":"https:\/\/uenf.br\/posgraduacao\/engenharia-exploracao-de-petroleo\/wp-json\/wp\/v2\/media?parent=1560"}],"curies":[{"name":"wp","href":"https:\/\/api.w.org\/{rel}","templated":true}]}}