{"id":1603,"date":"2025-06-02T15:57:56","date_gmt":"2025-06-02T18:57:56","guid":{"rendered":"https:\/\/uenf.br\/posgraduacao\/engenharia-exploracao-de-petroleo\/?page_id=1603"},"modified":"2025-06-02T15:57:56","modified_gmt":"2025-06-02T18:57:56","slug":"proficiencia-em-lingua-estrangeira","status":"publish","type":"page","link":"https:\/\/uenf.br\/posgraduacao\/engenharia-exploracao-de-petroleo\/formularios\/proficiencia-em-lingua-estrangeira\/","title":{"rendered":"Profici\u00eancia em L\u00edngua Estrangeira"},"content":{"rendered":"<p>Todos os Discentes do PPGERE devem obter profici\u00eancia em l\u00edngua estrangeira no prazo m\u00e1ximo de 12 meses de seu ingresso no programa (<a href=\"https:\/\/uenf.br\/posgraduacao\/engenharia-exploracao-de-petroleo\/wp-content\/uploads\/sites\/15\/2024\/09\/REGIMENTO-PPGERE-Aprovado-pela-CPPG-em-10-04-24.pdf\">art. 11 e seguintes do Regimento Interno do PPGERE<\/a>), uma vez que ser aprovado em Exame de Profici\u00eancia em<strong> l\u00edngua inglesa<\/strong> \u00e9 requisito m\u00ednimo para a obten\u00e7\u00e3o do t\u00edtulo de Mestre\/Doutor (<a href=\"https:\/\/uenf.br\/posgraduacao\/engenharia-exploracao-de-petroleo\/wp-content\/uploads\/sites\/15\/2025\/04\/25_02_25_p31_a_35_Resolucao_COLAC_no_43_2025_dispoe_sobre_normas_gerais_de_pos_graduacao_strictu_sensu_da_UENF.pdf\">art. 65, II e art. 66, III das Normas Gerais da P\u00f3s-Gradua\u00e7\u00e3o da UENF<\/a>).<\/p>\n<div>\u00a0Para a obten\u00e7\u00e3o da <span class=\"il\">Profici\u00eancia,<\/span> o p\u00f3s-graduando do PPGERE ter\u00e1 2 chances:<\/div>\n<ol>\n<li>Na prova de ingl\u00eas do processo seletivo que prestou para admiss\u00e3o no programa, o discente obter nota igual ou superior a 8 (oito);<\/li>\n<li>Em caso de n\u00e3o obten\u00e7\u00e3o da nota m\u00ednima de 8 (oito) pontos na primeira tentativa, o discente deve realizar nova tentativa no pr\u00f3ximo processo seletivo do programa. Para isso, o mestrando\/doutorando deve encaminhar pedido\u00a0 \u00e0 Coordena\u00e7\u00e3o, com no m\u00ednimo 15 dias de anteced\u00eancia da prova, atrav\u00e9s do e-mail secpg@lenep.uenf.br, o <a href=\"http:\/\/uenf.br\/posgraduacao\/engenharia-exploracao-de-petroleo\/wp-content\/uploads\/sites\/15\/2025\/06\/Formulario-7-Requerimento-de-Inscricao-para-Exame-de-Proficiencia-em-Lingua-Estrangeira.pdf\">Formul\u00e1rio de Inscri\u00e7\u00e3o para Exame de Profici\u00eancia em L\u00edngua Estrangeira<\/a> devidamente preenchido e assinado eletronicamente (Gov.br).<\/li>\n<\/ol>\n<p>Em caso de reprova\u00e7\u00e3o nas duas tentativas, o aluno ser\u00e1 desligado do programa.<\/p>\n","protected":false},"excerpt":{"rendered":"<p>Todos os Discentes do PPGERE devem obter profici\u00eancia em l\u00edngua estrangeira no prazo m\u00e1ximo de 12 meses de seu ingresso&#8230;<\/p>\n","protected":false},"author":62,"featured_media":0,"parent":44,"menu_order":7,"comment_status":"closed","ping_status":"closed","template":"","meta":{"footnotes":""},"class_list":["post-1603","page","type-page","status-publish","hentry"],"_links":{"self":[{"href":"https:\/\/uenf.br\/posgraduacao\/engenharia-exploracao-de-petroleo\/wp-json\/wp\/v2\/pages\/1603","targetHints":{"allow":["GET"]}}],"collection":[{"href":"https:\/\/uenf.br\/posgraduacao\/engenharia-exploracao-de-petroleo\/wp-json\/wp\/v2\/pages"}],"about":[{"href":"https:\/\/uenf.br\/posgraduacao\/engenharia-exploracao-de-petroleo\/wp-json\/wp\/v2\/types\/page"}],"author":[{"embeddable":true,"href":"https:\/\/uenf.br\/posgraduacao\/engenharia-exploracao-de-petroleo\/wp-json\/wp\/v2\/users\/62"}],"replies":[{"embeddable":true,"href":"https:\/\/uenf.br\/posgraduacao\/engenharia-exploracao-de-petroleo\/wp-json\/wp\/v2\/comments?post=1603"}],"version-history":[{"count":0,"href":"https:\/\/uenf.br\/posgraduacao\/engenharia-exploracao-de-petroleo\/wp-json\/wp\/v2\/pages\/1603\/revisions"}],"up":[{"embeddable":true,"href":"https:\/\/uenf.br\/posgraduacao\/engenharia-exploracao-de-petroleo\/wp-json\/wp\/v2\/pages\/44"}],"wp:attachment":[{"href":"https:\/\/uenf.br\/posgraduacao\/engenharia-exploracao-de-petroleo\/wp-json\/wp\/v2\/media?parent=1603"}],"curies":[{"name":"wp","href":"https:\/\/api.w.org\/{rel}","templated":true}]}}