{"id":1637,"date":"2025-06-27T15:17:19","date_gmt":"2025-06-27T18:17:19","guid":{"rendered":"https:\/\/uenf.br\/posgraduacao\/engenharia-exploracao-de-petroleo\/?page_id=1637"},"modified":"2025-07-04T15:14:50","modified_gmt":"2025-07-04T18:14:50","slug":"internacionalizacao","status":"publish","type":"page","link":"https:\/\/uenf.br\/posgraduacao\/engenharia-exploracao-de-petroleo\/apresentacao\/internacionalizacao\/","title":{"rendered":"Internacionaliza\u00e7\u00e3o"},"content":{"rendered":"<p>Assessoria de Assuntos Internacionais e Institucionais da UENF (ASSAII)<\/p>\n<p>Para conhecer a ASSAII, o \u00f3rg\u00e3o da Reitoria da UENF respons\u00e1vel pela gest\u00e3o institucional de\u00a0 conv\u00eanios e acordos de coopera\u00e7\u00e3o com outras institui\u00e7\u00f5es nacionais e internacionais nos \u00e2mbitos da gradua\u00e7\u00e3o, p\u00f3s-gradua\u00e7\u00e3o e extens\u00e3o, clique no link abaixo:<\/p>\n<p><a href=\"https:\/\/uenf.br\/reitoria\/assaii\">https:\/\/uenf.br\/reitoria\/assaii<\/a><\/p>\n","protected":false},"excerpt":{"rendered":"<p>Assessoria de Assuntos Internacionais e Institucionais da UENF (ASSAII) Para conhecer a ASSAII, o \u00f3rg\u00e3o da Reitoria da UENF respons\u00e1vel&#8230;<\/p>\n","protected":false},"author":35,"featured_media":0,"parent":2,"menu_order":5,"comment_status":"closed","ping_status":"closed","template":"","meta":{"footnotes":""},"class_list":["post-1637","page","type-page","status-publish","hentry"],"_links":{"self":[{"href":"https:\/\/uenf.br\/posgraduacao\/engenharia-exploracao-de-petroleo\/wp-json\/wp\/v2\/pages\/1637","targetHints":{"allow":["GET"]}}],"collection":[{"href":"https:\/\/uenf.br\/posgraduacao\/engenharia-exploracao-de-petroleo\/wp-json\/wp\/v2\/pages"}],"about":[{"href":"https:\/\/uenf.br\/posgraduacao\/engenharia-exploracao-de-petroleo\/wp-json\/wp\/v2\/types\/page"}],"author":[{"embeddable":true,"href":"https:\/\/uenf.br\/posgraduacao\/engenharia-exploracao-de-petroleo\/wp-json\/wp\/v2\/users\/35"}],"replies":[{"embeddable":true,"href":"https:\/\/uenf.br\/posgraduacao\/engenharia-exploracao-de-petroleo\/wp-json\/wp\/v2\/comments?post=1637"}],"version-history":[{"count":0,"href":"https:\/\/uenf.br\/posgraduacao\/engenharia-exploracao-de-petroleo\/wp-json\/wp\/v2\/pages\/1637\/revisions"}],"up":[{"embeddable":true,"href":"https:\/\/uenf.br\/posgraduacao\/engenharia-exploracao-de-petroleo\/wp-json\/wp\/v2\/pages\/2"}],"wp:attachment":[{"href":"https:\/\/uenf.br\/posgraduacao\/engenharia-exploracao-de-petroleo\/wp-json\/wp\/v2\/media?parent=1637"}],"curies":[{"name":"wp","href":"https:\/\/api.w.org\/{rel}","templated":true}]}}