{"id":1650,"date":"2025-11-04T09:55:58","date_gmt":"2025-11-04T12:55:58","guid":{"rendered":"https:\/\/uenf.br\/posgraduacao\/engenharia-exploracao-de-petroleo\/?page_id=1650"},"modified":"2025-11-04T10:01:10","modified_gmt":"2025-11-04T13:01:10","slug":"historia","status":"publish","type":"page","link":"https:\/\/uenf.br\/posgraduacao\/engenharia-exploracao-de-petroleo\/apresentacao\/historia\/","title":{"rendered":"Nossa Hist\u00f3ria"},"content":{"rendered":"<p>&nbsp;<\/p>\n<h2>Nossa Hist\u00f3ria<\/h2>\n<p>A Universidade Estadual do Norte Fluminense Darcy Ribeiro iniciou suas atividades em 1993. Projetada por Darcy Ribeiro, tinha a finalidade de implementar um novo modelo de universidade, onde os centros de pesquisa pudessem ensinar e aplicar as tecnologias mais avan\u00e7adas, contribuindo para o desenvolvimento da regi\u00e3o Norte\/Noroeste Fluminense. Com ensino de excel\u00eancia, figurando entre as 15 melhores universidades do pa\u00eds desde 2007, oferece 20 cursos de Gradua\u00e7\u00e3o, 14 Programas\u00a0<em>stricto sensu<\/em>\u00a0e uma p\u00f3s gradua\u00e7\u00e3o\u00a0<i>lato sensu<\/i>.<\/p>\n<p>O curso de Engenharia de Explora\u00e7\u00e3o e Produ\u00e7\u00e3o de Petr\u00f3leo do Laborat\u00f3rio de Engenharia e Explora\u00e7\u00e3o de Petr\u00f3leo (LENEP) foi um dos primeiros cursos oferecidos pela UENF. Situado na cidade de Maca\u00e9 &#8211; RJ por ser a cidade da base de opera\u00e7\u00f5es da PETROBR\u00c1S. O principal objetivo na cria\u00e7\u00e3o deste laborat\u00f3rio foi desenvolver pesquisas e formar recursos humanos altamente qualificados para atender ao segmento de explora\u00e7\u00e3o e produ\u00e7\u00e3o de petr\u00f3leo, com um corpo t\u00e9cnico-cient\u00edfico multidisciplinar e especialistas de cada uma das fases das atividades de explora\u00e7\u00e3o e produ\u00e7\u00e3o.<\/p>\n<p>O Programa de P\u00f3s-Gradua\u00e7\u00e3o em Engenharia de Reservat\u00f3rio e de Explora\u00e7\u00e3o (PPGERE), inserido na modalidade Acad\u00eamico (Mestrado e Doutorado), foi proposto a partir das experi\u00eancias de seu corpo docente ao longo de d\u00e9cadas de parceria com a ind\u00fastria do petr\u00f3leo, em n\u00edveis nacional e internacional, incluindo a cria\u00e7\u00e3o no Brasil de programas de forma\u00e7\u00e3o e conv\u00eanios especiais atendendo \u00e0s demandas do mercado, especialmente da Petrobr\u00e1s, tendo titulado at\u00e9 o ano de 2025 um total de 207 Mestres e 69 Doutores.<\/p>\n<p>Em 32 anos o LENEP\/UENF tornou-se refer\u00eancia nacional para a ind\u00fastria do petr\u00f3leo, como institui\u00e7\u00e3o de pesquisa e forma\u00e7\u00e3o de recursos humanos de alto n\u00edvel. Em n\u00edvel de pesquisa e p\u00f3s-gradua\u00e7\u00e3o tem sido alvo de demandas tecnol\u00f3gicas e recrutamento por parte de empresas do segmento de petr\u00f3leo e g\u00e1s, consolidando at\u00e9 o quadri\u00eanio (2021\u20132024) investimentos da ordem de 100 milh\u00f5es de reais. Em decorr\u00eancia disso, percebe-se o amadurecimento da Institui\u00e7\u00e3o em fun\u00e7\u00e3o da experi\u00eancia adquirida no desenvolvimento de projetos financiados pelo setor produtivo, mantendo a ader\u00eancia \u00e0s orienta\u00e7\u00f5es e aos objetivos originais. Em particular, observa-se a diversifica\u00e7\u00e3o e melhoria da produ\u00e7\u00e3o cient\u00edfica qualificada de docentes\/discentes, seus produtos e impacto nas pesquisas. Os destaques descritos incluem a cria\u00e7\u00e3o de empresas\u00a0<i>spin off<\/i>, produ\u00e7\u00e3o de\u00a0<i>softwares<\/i>\u00a0e outros produtos (patenteados e n\u00e3o patenteados) incorporados na rotina de trabalho das empresas financiadoras.<\/p>\n<p>Fontes:<\/p>\n<p>Curso de P\u00f3s-Gradua\u00e7\u00e3o em Engenharia de Reservat\u00f3rio e de Explora\u00e7\u00e3o (CPGERE). Maca\u00e9, dezembro de 1997.<\/p>\n<p>Plano de Desenvolvimento Institucional (PDI) da Universidade Estadual do Norte Fluminense Darcy Ribeiro (UENF) 2023\/2027. Reuni\u00e3o n\u00ba 281 do CONSUNI, Campos dos Goytacazes, 14 de abril de 2023. Dispon\u00edvel em: &lt;<a href=\"https:\/\/uenf.br\/portal\/wp-content\/uploads\/2023\/12\/Minuta-PDI-2023-2027-FinalRev-08-12-1.pdf\" target=\"_blank\" rel=\"noopener\" data-saferedirecturl=\"https:\/\/www.google.com\/url?q=https:\/\/uenf.br\/portal\/wp-content\/uploads\/2023\/12\/Minuta-PDI-2023-2027-FinalRev-08-12-1.pdf&amp;source=gmail&amp;ust=1762343596941000&amp;usg=AOvVaw37g-YXKgRC4NGuFMbJQ47P\">https:\/\/uenf.br\/portal\/wp-content\/uploads\/2023\/12\/Minuta-PDI-2023-2027-FinalRev-08-12-1.pdf<\/a>&gt;. Acesso em 14 de jul. de 2025.<\/p>\n<p>Relat\u00f3rio de Avalia\u00e7\u00e3o &#8211; CAPES: Quadri\u00eanio 2021-2024. Maca\u00e9,2025.<\/p>\n","protected":false},"excerpt":{"rendered":"<p>&nbsp; Nossa Hist\u00f3ria A Universidade Estadual do Norte Fluminense Darcy Ribeiro iniciou suas atividades em 1993. Projetada por Darcy Ribeiro,&#8230;<\/p>\n","protected":false},"author":62,"featured_media":0,"parent":2,"menu_order":1,"comment_status":"closed","ping_status":"closed","template":"elementor_header_footer","meta":{"footnotes":""},"class_list":["post-1650","page","type-page","status-publish","hentry"],"_links":{"self":[{"href":"https:\/\/uenf.br\/posgraduacao\/engenharia-exploracao-de-petroleo\/wp-json\/wp\/v2\/pages\/1650","targetHints":{"allow":["GET"]}}],"collection":[{"href":"https:\/\/uenf.br\/posgraduacao\/engenharia-exploracao-de-petroleo\/wp-json\/wp\/v2\/pages"}],"about":[{"href":"https:\/\/uenf.br\/posgraduacao\/engenharia-exploracao-de-petroleo\/wp-json\/wp\/v2\/types\/page"}],"author":[{"embeddable":true,"href":"https:\/\/uenf.br\/posgraduacao\/engenharia-exploracao-de-petroleo\/wp-json\/wp\/v2\/users\/62"}],"replies":[{"embeddable":true,"href":"https:\/\/uenf.br\/posgraduacao\/engenharia-exploracao-de-petroleo\/wp-json\/wp\/v2\/comments?post=1650"}],"version-history":[{"count":0,"href":"https:\/\/uenf.br\/posgraduacao\/engenharia-exploracao-de-petroleo\/wp-json\/wp\/v2\/pages\/1650\/revisions"}],"up":[{"embeddable":true,"href":"https:\/\/uenf.br\/posgraduacao\/engenharia-exploracao-de-petroleo\/wp-json\/wp\/v2\/pages\/2"}],"wp:attachment":[{"href":"https:\/\/uenf.br\/posgraduacao\/engenharia-exploracao-de-petroleo\/wp-json\/wp\/v2\/media?parent=1650"}],"curies":[{"name":"wp","href":"https:\/\/api.w.org\/{rel}","templated":true}]}}