{"id":1652,"date":"2025-11-04T15:47:37","date_gmt":"2025-11-04T18:47:37","guid":{"rendered":"https:\/\/uenf.br\/posgraduacao\/engenharia-exploracao-de-petroleo\/?page_id=1652"},"modified":"2026-03-19T16:33:05","modified_gmt":"2026-03-19T19:33:05","slug":"missao-visao-e-valores","status":"publish","type":"page","link":"https:\/\/uenf.br\/posgraduacao\/engenharia-exploracao-de-petroleo\/apresentacao\/missao-visao-e-valores\/","title":{"rendered":"Miss\u00e3o, Vis\u00e3o e Valores"},"content":{"rendered":"<p style=\"font-weight: 400;\"><strong>Miss\u00e3o:<\/strong> Formar Engenheiros de Reservat\u00f3rio e de Explora\u00e7\u00e3o com elevada capacita\u00e7\u00e3o acad\u00eamica e tecnol\u00f3gica, capazes de atuar de forma cr\u00edtica e inovadora na identifica\u00e7\u00e3o e solu\u00e7\u00e3o de desafios da Ind\u00fastria do Petr\u00f3leo, contribuindo para o avan\u00e7o cient\u00edfico e a transforma\u00e7\u00e3o da sociedade.<\/p>\n<p><strong>Vis\u00e3o:<\/strong> Consolidar-se como um programa de p\u00f3s-gradua\u00e7\u00e3o de refer\u00eancia no ensino e pesquisa em Engenharia de Reservat\u00f3rio e de Explora\u00e7\u00e3o, com reconhecida inser\u00e7\u00e3o social e visibilidade internacional.<\/p>\n<p><strong>Valores:<\/strong><\/p>\n<ol>\n<li style=\"font-weight: 400;\">\u00c9tica e integridade profissional<\/li>\n<li style=\"font-weight: 400;\">Excel\u00eancia acad\u00eamica<\/li>\n<li style=\"font-weight: 400;\">Gratuidade e acesso universal ao ensino<\/li>\n<li style=\"font-weight: 400;\">Respeito \u00e0 diversidade e \u00e0s diferen\u00e7as<\/li>\n<li style=\"font-weight: 400;\">Livre acesso ao conhecimento cient\u00edfico<\/li>\n<li style=\"font-weight: 400;\">Gest\u00e3o democr\u00e1tica, participativa e transparente<\/li>\n<li style=\"font-weight: 400;\">Sustentabilidade e responsabilidade ambiental<\/li>\n<li style=\"font-weight: 400;\">Valoriza\u00e7\u00e3o da dedica\u00e7\u00e3o integral de docentes e discentes ao ensino e \u00e0 pesquisa<\/li>\n<\/ol>\n","protected":false},"excerpt":{"rendered":"<p>Miss\u00e3o: Formar Engenheiros de Reservat\u00f3rio e de Explora\u00e7\u00e3o com elevada capacita\u00e7\u00e3o acad\u00eamica e tecnol\u00f3gica, capazes de atuar de forma cr\u00edtica&#8230;<\/p>\n","protected":false},"author":62,"featured_media":0,"parent":2,"menu_order":2,"comment_status":"closed","ping_status":"closed","template":"","meta":{"footnotes":""},"class_list":["post-1652","page","type-page","status-publish","hentry"],"_links":{"self":[{"href":"https:\/\/uenf.br\/posgraduacao\/engenharia-exploracao-de-petroleo\/wp-json\/wp\/v2\/pages\/1652","targetHints":{"allow":["GET"]}}],"collection":[{"href":"https:\/\/uenf.br\/posgraduacao\/engenharia-exploracao-de-petroleo\/wp-json\/wp\/v2\/pages"}],"about":[{"href":"https:\/\/uenf.br\/posgraduacao\/engenharia-exploracao-de-petroleo\/wp-json\/wp\/v2\/types\/page"}],"author":[{"embeddable":true,"href":"https:\/\/uenf.br\/posgraduacao\/engenharia-exploracao-de-petroleo\/wp-json\/wp\/v2\/users\/62"}],"replies":[{"embeddable":true,"href":"https:\/\/uenf.br\/posgraduacao\/engenharia-exploracao-de-petroleo\/wp-json\/wp\/v2\/comments?post=1652"}],"version-history":[{"count":0,"href":"https:\/\/uenf.br\/posgraduacao\/engenharia-exploracao-de-petroleo\/wp-json\/wp\/v2\/pages\/1652\/revisions"}],"up":[{"embeddable":true,"href":"https:\/\/uenf.br\/posgraduacao\/engenharia-exploracao-de-petroleo\/wp-json\/wp\/v2\/pages\/2"}],"wp:attachment":[{"href":"https:\/\/uenf.br\/posgraduacao\/engenharia-exploracao-de-petroleo\/wp-json\/wp\/v2\/media?parent=1652"}],"curies":[{"name":"wp","href":"https:\/\/api.w.org\/{rel}","templated":true}]}}