{"id":1654,"date":"2025-11-04T10:13:21","date_gmt":"2025-11-04T13:13:21","guid":{"rendered":"https:\/\/uenf.br\/posgraduacao\/engenharia-exploracao-de-petroleo\/?page_id=1654"},"modified":"2026-03-19T16:30:37","modified_gmt":"2026-03-19T19:30:37","slug":"perfil-do-aluno","status":"publish","type":"page","link":"https:\/\/uenf.br\/posgraduacao\/engenharia-exploracao-de-petroleo\/apresentacao\/perfil-do-aluno\/","title":{"rendered":"Perfil do Aluno"},"content":{"rendered":"<p>Perfil do aluno candidato ao Mestrado:<\/p>\n<ul>\n<li>brasileiros e estrangeiros;<\/li>\n<li>graduados nas \u00e1reas de engenharias, geologia, geof\u00edsica, qu\u00edmica, matem\u00e1tica, f\u00edsica e ci\u00eancia de computa\u00e7\u00e3o;<\/li>\n<li>dispon\u00edveis para as aulas presenciais e em regime integral;<\/li>\n<li>proficientes em l\u00edngua portuguesa e inglesa.<\/li>\n<\/ul>\n<p>Perfil do aluno candidato ao Doutorado:<\/p>\n<ul>\n<li>brasileiros e estrangeiros;<\/li>\n<li>mestres nas \u00e1reas de engenharias, geologia, geof\u00edsica, qu\u00edmica, matem\u00e1tica, f\u00edsica e ci\u00eancia de computa\u00e7\u00e3o;<\/li>\n<li>dispon\u00edveis para as aulas presenciais e em regime integral;<\/li>\n<li>proficientes em l\u00edngua portuguesa e inglesa.<\/li>\n<\/ul>\n","protected":false},"excerpt":{"rendered":"<p>Perfil do aluno candidato ao Mestrado: brasileiros e estrangeiros; graduados nas \u00e1reas de engenharias, geologia, geof\u00edsica, qu\u00edmica, matem\u00e1tica, f\u00edsica e&#8230;<\/p>\n","protected":false},"author":62,"featured_media":0,"parent":2,"menu_order":3,"comment_status":"closed","ping_status":"closed","template":"","meta":{"footnotes":""},"class_list":["post-1654","page","type-page","status-publish","hentry"],"_links":{"self":[{"href":"https:\/\/uenf.br\/posgraduacao\/engenharia-exploracao-de-petroleo\/wp-json\/wp\/v2\/pages\/1654","targetHints":{"allow":["GET"]}}],"collection":[{"href":"https:\/\/uenf.br\/posgraduacao\/engenharia-exploracao-de-petroleo\/wp-json\/wp\/v2\/pages"}],"about":[{"href":"https:\/\/uenf.br\/posgraduacao\/engenharia-exploracao-de-petroleo\/wp-json\/wp\/v2\/types\/page"}],"author":[{"embeddable":true,"href":"https:\/\/uenf.br\/posgraduacao\/engenharia-exploracao-de-petroleo\/wp-json\/wp\/v2\/users\/62"}],"replies":[{"embeddable":true,"href":"https:\/\/uenf.br\/posgraduacao\/engenharia-exploracao-de-petroleo\/wp-json\/wp\/v2\/comments?post=1654"}],"version-history":[{"count":0,"href":"https:\/\/uenf.br\/posgraduacao\/engenharia-exploracao-de-petroleo\/wp-json\/wp\/v2\/pages\/1654\/revisions"}],"up":[{"embeddable":true,"href":"https:\/\/uenf.br\/posgraduacao\/engenharia-exploracao-de-petroleo\/wp-json\/wp\/v2\/pages\/2"}],"wp:attachment":[{"href":"https:\/\/uenf.br\/posgraduacao\/engenharia-exploracao-de-petroleo\/wp-json\/wp\/v2\/media?parent=1654"}],"curies":[{"name":"wp","href":"https:\/\/api.w.org\/{rel}","templated":true}]}}