{"id":1685,"date":"2025-08-21T15:21:28","date_gmt":"2025-08-21T18:21:28","guid":{"rendered":"https:\/\/uenf.br\/posgraduacao\/engenharia-exploracao-de-petroleo\/?page_id=1685"},"modified":"2026-04-27T14:28:56","modified_gmt":"2026-04-27T17:28:56","slug":"selecao-2026","status":"publish","type":"page","link":"https:\/\/uenf.br\/posgraduacao\/engenharia-exploracao-de-petroleo\/processo-seletivo\/selecao-2026\/","title":{"rendered":"Sele\u00e7\u00e3o 2026"},"content":{"rendered":"<p><img loading=\"lazy\" decoding=\"async\" src=\"https:\/\/uenf.br\/posgraduacao\/engenharia-exploracao-de-petroleo\/wp-content\/uploads\/sites\/15\/2025\/09\/1000376871-768x768.jpg\" alt=\"\" width=\"768\" height=\"768\" \/><\/p>\n<ul>\n<li><a href=\"https:\/\/uenf.br\/posgraduacao\/engenharia-exploracao-de-petroleo\/wp-content\/uploads\/sites\/15\/2025\/09\/Edital_Selecao_PPGERE_2026.pdf\">Edital de Processo Seletivo Para Ingresso de Alunos Regulares &#8211; 2026 \/ 1\u00ba Semestre<\/a><\/li>\n<li><a href=\"https:\/\/uenf.br\/posgraduacao\/engenharia-exploracao-de-petroleo\/wp-content\/uploads\/sites\/15\/2025\/09\/Anexo_1___Lista_de_Docentes_e_Area_de_Atuacao.pdf\">Anexo 1 &#8211; Listagem de Docentes<\/a><\/li>\n<li><a href=\"https:\/\/uenf.br\/posgraduacao\/engenharia-exploracao-de-petroleo\/wp-content\/uploads\/sites\/15\/2025\/09\/Anexo_2___Especificacoes_para_Candidatos_Estrangeiros.pdf\">Anexo 2 &#8211; Instru\u00e7\u00f5es Espec\u00edficas Para Candidatos Estrangeiros<\/a><\/li>\n<li><a href=\"https:\/\/uenf.br\/posgraduacao\/engenharia-exploracao-de-petroleo\/wp-content\/uploads\/sites\/15\/2025\/09\/Anexo_3___Cronograma.pdf\">Anexo 3 &#8211; Cronograma<\/a><\/li>\n<li><a href=\"https:\/\/uenf.br\/posgraduacao\/engenharia-exploracao-de-petroleo\/wp-content\/uploads\/sites\/15\/2025\/09\/Anexo_4___Quantitativo_de_vagas_a_serem_oferecidas.pdf\">Anexo 4 &#8211; Quadro de Vagas<\/a><\/li>\n<li><a href=\"https:\/\/uenf.br\/posgraduacao\/engenharia-exploracao-de-petroleo\/wp-content\/uploads\/sites\/15\/2025\/09\/Anexo_5___Composicao_das_Comissoes.pdf\">Anexo 5 &#8211; Composi\u00e7\u00e3o das Comiss\u00f5es<\/a><\/li>\n<li><a href=\"https:\/\/uenf.br\/posgraduacao\/engenharia-exploracao-de-petroleo\/wp-content\/uploads\/sites\/15\/2025\/09\/Anexo_6___Formulario_de_Inscricao.pdf\">Anexo 6 &#8211; Formul\u00e1rio de Inscri\u00e7\u00e3o<\/a><\/li>\n<li><a href=\"https:\/\/uenf.br\/posgraduacao\/engenharia-exploracao-de-petroleo\/wp-content\/uploads\/sites\/15\/2025\/09\/Anexo_7B___Carta_de_Referencia.pdf\">Anexo 7A &#8211; Carta de Refer\u00eancia<\/a><\/li>\n<li><a href=\"https:\/\/uenf.br\/posgraduacao\/engenharia-exploracao-de-petroleo\/wp-content\/uploads\/sites\/15\/2025\/09\/Anexo_7B___reference_letter.pdf\">Anexo 7B &#8211; Reference Letter<\/a><\/li>\n<li><a href=\"https:\/\/uenf.br\/posgraduacao\/engenharia-exploracao-de-petroleo\/wp-content\/uploads\/sites\/15\/2025\/09\/Anexo_8___Formulario_Inicial_de_dados_do_candidato_e_da_escolha_da_linha_de_pesquisa.pdf\">Anexo 8 &#8211; Formul\u00e1rio Inicial de Dados do Candidato<\/a><\/li>\n<li><a href=\"https:\/\/uenf.br\/posgraduacao\/engenharia-exploracao-de-petroleo\/wp-content\/uploads\/sites\/15\/2025\/09\/Anexo_9___Abertura_de_recurso_para_as_diversas_etapas_da_selecao.pdf\">Formul\u00e1rio 9 &#8211; Abertura de Recurso para as Diversas Etapas da Sele\u00e7\u00e3o<\/a><\/li>\n<li><a href=\"https:\/\/uenf.br\/posgraduacao\/engenharia-exploracao-de-petroleo\/wp-content\/uploads\/sites\/15\/2025\/09\/Appendix_10___Curriculum_Vitae.pdf\">Formul\u00e1rio 10 &#8211; Curriculum Vitae<\/a><\/li>\n<li><a href=\"https:\/\/uenf.br\/posgraduacao\/engenharia-exploracao-de-petroleo\/wp-content\/uploads\/sites\/15\/2025\/11\/Selecao_PPGERE_2026_1_-_Retifica-_Anexo_3_-_CRONOGRAMA_assinado.pdf\">EDITAL N\u00ba 02\/2026 DE RETIFICA\u00c7\u00c3O &#8211; Cronograma NOVO<\/a><\/li>\n<\/ul>\n<ul>\n<li><a href=\"https:\/\/uenf.br\/posgraduacao\/engenharia-exploracao-de-petroleo\/wp-content\/uploads\/sites\/15\/2025\/10\/LISTA_COM_AS_INSCRICOES_HOMOLOGADAS_HOMOLOGADAS_COM_CONDICIONANTE_assinado.pdf\">Lista Preliminar de Homologa\u00e7\u00e3o das Inscri\u00e7\u00f5es<\/a><\/li>\n<li><a href=\"https:\/\/uenf.br\/posgraduacao\/engenharia-exploracao-de-petroleo\/wp-content\/uploads\/sites\/15\/2025\/11\/Lista_DEFINITIVA_de_Homologacao_das_Inscricoes_2026_1_assinado.pdf\">Lista definitiva de Homologa\u00e7\u00e3o das Inscri\u00e7\u00f5es<\/a><\/li>\n<li><a href=\"https:\/\/uenf.br\/posgraduacao\/engenharia-exploracao-de-petroleo\/wp-content\/uploads\/sites\/15\/2025\/11\/Ata_de_Resultado_Preliminar_-_Edital_de_Selecao_PPGERE_-_2026-1_assinado.pdf\">Resultado Preliminar<\/a><\/li>\n<li><a href=\"https:\/\/uenf.br\/posgraduacao\/engenharia-exploracao-de-petroleo\/wp-content\/uploads\/sites\/15\/2025\/12\/Ata_de_Resultado_Final_-_Edital_de_Selecao_PPGERE_-_2026-1_assinado.pdf\">Resultado Final<\/a><\/li>\n<li><a href=\"https:\/\/uenf.br\/posgraduacao\/engenharia-exploracao-de-petroleo\/wp-content\/uploads\/sites\/15\/2025\/12\/Edital_Selecao_PPGERE_-_2026-1_-_Edital_de_Convocacao_dos_Candidatos_Selecionados_assinado.pdf\"><b>CONVOCA\u00c7\u00c3O PARA MANIFESTA\u00c7\u00c3O DE INTERESSE DO INGRESSO NO PPGERE<\/b><\/a><\/li>\n<\/ul>\n\n\n<p><\/p>\n","protected":false},"excerpt":{"rendered":"<p>Edital de Processo Seletivo Para Ingresso de Alunos Regulares &#8211; 2026 \/ 1\u00ba Semestre Anexo 1 &#8211; Listagem de Docentes&#8230;<\/p>\n","protected":false},"author":62,"featured_media":0,"parent":1683,"menu_order":2,"comment_status":"closed","ping_status":"closed","template":"","meta":{"footnotes":""},"class_list":["post-1685","page","type-page","status-publish","hentry"],"_links":{"self":[{"href":"https:\/\/uenf.br\/posgraduacao\/engenharia-exploracao-de-petroleo\/wp-json\/wp\/v2\/pages\/1685","targetHints":{"allow":["GET"]}}],"collection":[{"href":"https:\/\/uenf.br\/posgraduacao\/engenharia-exploracao-de-petroleo\/wp-json\/wp\/v2\/pages"}],"about":[{"href":"https:\/\/uenf.br\/posgraduacao\/engenharia-exploracao-de-petroleo\/wp-json\/wp\/v2\/types\/page"}],"author":[{"embeddable":true,"href":"https:\/\/uenf.br\/posgraduacao\/engenharia-exploracao-de-petroleo\/wp-json\/wp\/v2\/users\/62"}],"replies":[{"embeddable":true,"href":"https:\/\/uenf.br\/posgraduacao\/engenharia-exploracao-de-petroleo\/wp-json\/wp\/v2\/comments?post=1685"}],"version-history":[{"count":0,"href":"https:\/\/uenf.br\/posgraduacao\/engenharia-exploracao-de-petroleo\/wp-json\/wp\/v2\/pages\/1685\/revisions"}],"up":[{"embeddable":true,"href":"https:\/\/uenf.br\/posgraduacao\/engenharia-exploracao-de-petroleo\/wp-json\/wp\/v2\/pages\/1683"}],"wp:attachment":[{"href":"https:\/\/uenf.br\/posgraduacao\/engenharia-exploracao-de-petroleo\/wp-json\/wp\/v2\/media?parent=1685"}],"curies":[{"name":"wp","href":"https:\/\/api.w.org\/{rel}","templated":true}]}}