{"id":1697,"date":"2025-08-27T12:08:13","date_gmt":"2025-08-27T15:08:13","guid":{"rendered":"https:\/\/uenf.br\/posgraduacao\/engenharia-exploracao-de-petroleo\/?page_id=1697"},"modified":"2025-08-28T11:16:35","modified_gmt":"2025-08-28T14:16:35","slug":"bolsa-para-estrangeiros","status":"publish","type":"page","link":"https:\/\/uenf.br\/posgraduacao\/engenharia-exploracao-de-petroleo\/agenda\/noticias-em-atualizacao\/bolsa-para-estrangeiros\/","title":{"rendered":"Oportunidade para Estrangeiros"},"content":{"rendered":"<p style=\"font-weight: 400\">O programa de p\u00f3s-gradua\u00e7\u00e3o em Engenharia de Reservat\u00f3rio e de Explora\u00e7\u00e3o da UENF oferece bolsas de estudo a estudantes estrangeiros para cursos de p\u00f3s-gradua\u00e7\u00e3o\u00a0<em>strictu sensu<\/em>\u00a0(mestrado e doutorado), para o primeiro semestre de 2026, atrav\u00e9s do Programa de Estudantes-Conv\u00eanio de P\u00f3s-Gradua\u00e7\u00e3o (PEC-PG). Informa\u00e7\u00f5es sobre o programa e os pa\u00edses participantes podem ser encontradas no endere\u00e7o:\u00a0<a href=\"https:\/\/www.gov.br\/mre\/pt-br\/assuntos\/cultura-e-educacao\/temas-educacionais\/programas-de-estudo-para-estrangeiros\/pec-pg-pos-graduacao-1\" data-saferedirecturl=\"https:\/\/www.google.com\/url?q=https:\/\/www.gov.br\/mre\/pt-br\/assuntos\/cultura-e-educacao\/temas-educacionais\/programas-de-estudo-para-estrangeiros\/pec-pg-pos-graduacao-1&amp;source=gmail&amp;ust=1756391195218000&amp;usg=AOvVaw2Qo09jocyLCKQ4yrMAy97V\">https:\/\/www.gov.br\/mre\/pt-br\/assuntos\/cultura-e-educacao\/temas-educacionais\/programas-de-estudo-para-estrangeiros\/pec-pg-pos-graduacao-1<\/a><\/p>\n<p style=\"font-weight: 400\">As inscri\u00e7\u00f5es para o processo seletivo se encontram abertas dos dias\u00a0<strong>14 de agosto<\/strong>\u00a0a\u00a0<strong>29 de setembro<\/strong>\u00a0de 2025 at\u00e9 as 17 horas (hor\u00e1rio de Bras\u00edlia), atrav\u00e9s do endere\u00e7o:\u00a0<a href=\"https:\/\/www.gov.br\/mre\/pt-br\/assuntos\/cultura-e-educacao\/temas-educacionais\/programas-de-estudo-para-estrangeiros\/pec-pg-pos-graduacao-1\/processo-seletivo\" data-saferedirecturl=\"https:\/\/www.google.com\/url?q=https:\/\/www.gov.br\/mre\/pt-br\/assuntos\/cultura-e-educacao\/temas-educacionais\/programas-de-estudo-para-estrangeiros\/pec-pg-pos-graduacao-1\/processo-seletivo&amp;source=gmail&amp;ust=1756391195218000&amp;usg=AOvVaw37bTg3Tb4u3mvHr1bVFkOC\">https:\/\/www.gov.br\/mre\/pt-br\/assuntos\/cultura-e-educacao\/temas-educacionais\/programas-de-estudo-para-estrangeiros\/pec-pg-pos-graduacao-1\/processo-seletivo<\/a><\/p>\n","protected":false},"excerpt":{"rendered":"<p>O programa de p\u00f3s-gradua\u00e7\u00e3o em Engenharia de Reservat\u00f3rio e de Explora\u00e7\u00e3o da UENF oferece bolsas de estudo a estudantes estrangeiros&#8230;<\/p>\n","protected":false},"author":62,"featured_media":0,"parent":1635,"menu_order":1,"comment_status":"closed","ping_status":"closed","template":"","meta":{"footnotes":""},"class_list":["post-1697","page","type-page","status-publish","hentry"],"_links":{"self":[{"href":"https:\/\/uenf.br\/posgraduacao\/engenharia-exploracao-de-petroleo\/wp-json\/wp\/v2\/pages\/1697","targetHints":{"allow":["GET"]}}],"collection":[{"href":"https:\/\/uenf.br\/posgraduacao\/engenharia-exploracao-de-petroleo\/wp-json\/wp\/v2\/pages"}],"about":[{"href":"https:\/\/uenf.br\/posgraduacao\/engenharia-exploracao-de-petroleo\/wp-json\/wp\/v2\/types\/page"}],"author":[{"embeddable":true,"href":"https:\/\/uenf.br\/posgraduacao\/engenharia-exploracao-de-petroleo\/wp-json\/wp\/v2\/users\/62"}],"replies":[{"embeddable":true,"href":"https:\/\/uenf.br\/posgraduacao\/engenharia-exploracao-de-petroleo\/wp-json\/wp\/v2\/comments?post=1697"}],"version-history":[{"count":0,"href":"https:\/\/uenf.br\/posgraduacao\/engenharia-exploracao-de-petroleo\/wp-json\/wp\/v2\/pages\/1697\/revisions"}],"up":[{"embeddable":true,"href":"https:\/\/uenf.br\/posgraduacao\/engenharia-exploracao-de-petroleo\/wp-json\/wp\/v2\/pages\/1635"}],"wp:attachment":[{"href":"https:\/\/uenf.br\/posgraduacao\/engenharia-exploracao-de-petroleo\/wp-json\/wp\/v2\/media?parent=1697"}],"curies":[{"name":"wp","href":"https:\/\/api.w.org\/{rel}","templated":true}]}}