{"id":18,"date":"2018-06-21T07:33:35","date_gmt":"2018-06-21T10:33:35","guid":{"rendered":"http:\/\/uenf.br\/posgraduacao\/engenharia-exploracao-de-petroleo\/?page_id=18"},"modified":"2025-06-17T15:57:29","modified_gmt":"2025-06-17T18:57:29","slug":"docentes","status":"publish","type":"page","link":"https:\/\/uenf.br\/posgraduacao\/engenharia-exploracao-de-petroleo\/programa\/docentes\/","title":{"rendered":"Corpo Docente"},"content":{"rendered":"<p><strong><u>Legendas das Linhas de Pesquisa:<\/u><\/strong><\/p>\n<ul>\n<li><strong>GGP: <\/strong>Geologia e Geoqu\u00edmica do Petr\u00f3leo<\/li>\n<li><strong>MIR: <\/strong>Modelagem Integrada de Reservat\u00f3rio<\/li>\n<li><strong>MMCLGER: <\/strong>Modelagem Matem\u00e1tica, Computacional e Laboratorial em Geof\u00edsica e Engenharia de Reservat\u00f3rio<\/li>\n<\/ul>\n<table>\n<tbody>\n<tr>\n<td width=\"87\"><strong>NOME DO DOCENTE<\/strong><\/td>\n<td width=\"64\"><strong>T\u00cdTULO<\/strong><\/td>\n<td width=\"187\"><strong>E-MAIL<\/strong><\/td>\n<td width=\"85\"><strong>LINHAS DE PESQUISA<\/strong><\/td>\n<td width=\"610\"><strong>\u00c1REAS DE ATUA\u00c7\u00c3O<\/strong><\/td>\n<\/tr>\n<tr>\n<td width=\"87\">Adolfo Puime Pires<\/td>\n<td width=\"64\">D.Sc.<\/td>\n<td width=\"187\"><a href=\"mailto:puime@lenep.uenf.br\">puime@lenep.uenf.br<\/a><\/p>\n<p><a href=\"http:\/\/lattes.cnpq.br\/2677117019767524\"><strong>Lattes<\/strong><\/a><\/td>\n<td width=\"85\">MMCLGER<\/td>\n<td width=\"610\">\u00b7\u00a0\u00a0\u00a0\u00a0\u00a0\u00a0 Engenharia de reservat\u00f3rios;<\/p>\n<p>\u00b7\u00a0\u00a0\u00a0\u00a0\u00a0\u00a0 Fluxo em meios porosos;<\/p>\n<p>\u00b7\u00a0\u00a0\u00a0\u00a0\u00a0\u00a0 Recupera\u00e7\u00e3o avan\u00e7ada de petr\u00f3leo;<\/p>\n<p>\u00b7\u00a0\u00a0\u00a0\u00a0\u00a0\u00a0 Termodin\u00e2mica de equil\u00edbrio de fases;<\/p>\n<p>\u00b7\u00a0\u00a0\u00a0\u00a0\u00a0\u00a0 An\u00e1lise de testes em po\u00e7os.<\/td>\n<\/tr>\n<tr>\n<td width=\"87\">\u00c1lvaro Marcello Marco Peres<\/td>\n<td width=\"64\">Ph.D.<\/td>\n<td width=\"187\"><a href=\"mailto:alvaroperes@lenep.uenf.br\">alvaroperes@lenep.uenf.br<\/a><\/p>\n<p><a href=\"http:\/\/lattes.cnpq.br\/0121058142154060\"><strong>Lattes<\/strong><\/a><\/td>\n<td width=\"85\">MMCLGER<\/td>\n<td width=\"610\">\u00b7\u00a0\u00a0\u00a0\u00a0\u00a0\u00a0 An\u00e1lise de Testes em Po\u00e7o;<\/p>\n<p>\u00b7\u00a0\u00a0\u00a0\u00a0\u00a0\u00a0 Caracteriza\u00e7\u00e3o din\u00e2mica de reservat\u00f3rios de petr\u00f3leo e g\u00e1s;<\/p>\n<p>\u00b7\u00a0\u00a0\u00a0\u00a0\u00a0\u00a0 Modelagem matem\u00e1tica em escoamento em meios porosos.<\/td>\n<\/tr>\n<tr>\n<td width=\"87\">Andr\u00e9 Duarte Bueno<\/td>\n<td width=\"64\">D.Sc.<\/td>\n<td width=\"187\"><a href=\"mailto:bueno@lenep.uenf.br\">bueno@lenep.uenf.br<\/a><\/p>\n<p><a href=\"http:\/\/lattes.cnpq.br\/3841800604104186\"><strong>Lattes<\/strong><\/a><\/td>\n<td width=\"85\">MMCLGER<\/td>\n<td width=\"610\">\u00b7\u00a0\u00a0\u00a0\u00a0\u00a0\u00a0 Caracteriza\u00e7\u00e3o e Simula\u00e7\u00e3o de Propriedades de Rochas Reservat\u00f3rio de Petr\u00f3leo Utilizando An\u00e1lise e Processamento de Imagens (Rocha Digital);<\/p>\n<p>\u00b7\u00a0\u00a0\u00a0\u00a0\u00a0\u00a0 Modelagem, Desenvolvimento e Otimiza\u00e7\u00e3o de Algoritmos e Softwares Aplicados \u00e0 Engenharia de Petr\u00f3leo;<\/p>\n<p>\u00b7\u00a0\u00a0\u00a0\u00a0\u00a0\u00a0 Simula\u00e7\u00e3o Usando Grafos\/Redes\/IA;<\/p>\n<p>\u00b7\u00a0\u00a0\u00a0\u00a0\u00a0\u00a0 Desenvolvimento de Software Educacional.<\/td>\n<\/tr>\n<\/tbody>\n<\/table>\n<table>\n<tbody>\n<tr>\n<td width=\"106\">Ant\u00f4nio Abel G. Carrasquilla<\/td>\n<td width=\"68\">D.Sc.<\/td>\n<td width=\"222\"><a href=\"mailto:abel@lenep.uenf.br\">abel@lenep.uenf.br<\/a><\/p>\n<p><a href=\"http:\/\/lattes.cnpq.br\/4646078052811633\"><strong>Lattes<\/strong><\/a><\/td>\n<td width=\"85\">MIR<\/td>\n<td width=\"541\">\u00b7\u00a0\u00a0\u00a0\u00a0\u00a0\u00a0 Geof\u00edsica aplicada na explora\u00e7\u00e3o de \u00e1guas subterr\u00e2neas e petr\u00f3leo;<\/p>\n<p>\u00b7\u00a0\u00a0\u00a0\u00a0\u00a0\u00a0 Geof\u00edsica de Po\u00e7o.<\/td>\n<\/tr>\n<tr>\n<td width=\"106\">Bruno Jos\u00e9 Vicente<\/td>\n<td width=\"68\">D.Sc.<\/td>\n<td width=\"222\"><a href=\"mailto:brunojose@uenf.br\">brunojose@uenf.br<\/a><\/p>\n<p><a href=\"http:\/\/lattes.cnpq.br\/4190693236960837\"><strong>Lattes<\/strong><\/a><\/td>\n<td width=\"85\">MMCLGER<\/td>\n<td width=\"541\">\u00b7\u00a0\u00a0\u00a0\u00a0\u00a0\u00a0 Acidifica\u00e7\u00e3o de reservat\u00f3rios;<\/p>\n<p>\u00b7\u00a0\u00a0\u00a0\u00a0\u00a0\u00a0 An\u00e1lise de Testes em po\u00e7os;<\/p>\n<p>\u00b7\u00a0\u00a0\u00a0\u00a0\u00a0\u00a0 Fluxo em meios porosos;<\/p>\n<p>\u00b7\u00a0\u00a0\u00a0\u00a0\u00a0\u00a0 Sistemas de equa\u00e7\u00f5es diferenciais parciais.<\/td>\n<\/tr>\n<tr>\n<td width=\"106\">Carlos Enrique Pico Ortiz<\/td>\n<td width=\"68\">D.Sc.<\/td>\n<td width=\"222\"><a href=\"mailto:capico@lenep.uenf.br\">capico@lenep.uenf.br<\/a><\/p>\n<p><a href=\"http:\/\/lattes.cnpq.br\/2270421469566646\"><strong>Lattes<\/strong><\/a><\/td>\n<td width=\"85\">MMCLGER<\/td>\n<td width=\"541\">\u00b7\u00a0\u00a0\u00a0\u00a0\u00a0\u00a0 Escoamento em meios porosos;<\/p>\n<p>\u00b7\u00a0\u00a0\u00a0\u00a0\u00a0\u00a0 An\u00e1lise de testes em po\u00e7os;<\/p>\n<p>\u00b7\u00a0\u00a0\u00a0\u00a0\u00a0\u00a0 Mec\u00e2nica dos fluidos computacional;<\/p>\n<p>\u00b7\u00a0\u00a0\u00a0\u00a0\u00a0\u00a0 Simula\u00e7\u00e3o num\u00e9rica de reservat\u00f3rios.<\/td>\n<\/tr>\n<tr>\n<td width=\"106\">Corinne Arrouvel<\/td>\n<td width=\"68\">Ph.D.<\/td>\n<td width=\"222\"><a href=\"mailto:corinne.arrouvel@imq.macae.ufrj.br\">corinne.arrouvel@imq.macae.ufrj.br<\/a><\/p>\n<p><a href=\"http:\/\/lattes.cnpq.br\/6762748327087735\"><strong>Lattes<\/strong><\/a><\/td>\n<td width=\"85\">MIR<\/td>\n<td width=\"541\">\u00b7\u00a0\u00a0\u00a0\u00a0\u00a0\u00a0\u00a0 Avalia\u00e7\u00e3o de prospectos de reservat\u00f3rio de H<sub>2<\/sub> natural na regi\u00e3o de Maca\u00e9 e Rio das Ostras e outras regi\u00f5es;<\/p>\n<p>\u00b7\u00a0\u00a0\u00a0\u00a0\u00a0\u00a0\u00a0 Avalia\u00e7\u00e3o dos mecanismos qu\u00edmicos de forma\u00e7\u00e3o do H<sub>2<\/sub> natural;<\/p>\n<p>\u00b7\u00a0\u00a0\u00a0\u00a0\u00a0\u00a0\u00a0 Monitoramento do escapamento do hidrog\u00eanio natural.<\/td>\n<\/tr>\n<tr>\n<td width=\"106\">Eliane Soares de Souza<\/td>\n<td width=\"68\">D.Sc.<\/td>\n<td width=\"222\"><a href=\"mailto:eliane@lenep.uenf.br\">eliane@lenep.uenf.br<\/a><\/p>\n<p><a href=\"http:\/\/lattes.cnpq.br\/2445014118520810\"><strong>Lattes<\/strong><\/a><\/td>\n<td width=\"85\">GGP<\/td>\n<td width=\"541\">\u00b7\u00a0\u00a0\u00a0\u00a0\u00a0\u00a0\u00a0 Caracteriza\u00e7\u00e3o geoqu\u00edmica de rochas geradoras de petr\u00f3leo;<\/p>\n<p>\u00b7\u00a0\u00a0\u00a0\u00a0\u00a0\u00a0\u00a0 Geoqu\u00edmica de reservat\u00f3rio;<\/p>\n<p>\u00b7\u00a0\u00a0\u00a0\u00a0\u00a0\u00a0\u00a0 Biorremedia\u00e7\u00e3o de derrames de petr\u00f3leo.<\/td>\n<\/tr>\n<tr>\n<td width=\"106\">Fernando S\u00e9rgio de Moraes<\/td>\n<td width=\"68\">Ph.D.<\/td>\n<td width=\"222\"><a href=\"mailto:fernando@lenep.uenf.br\">fernando@lenep.uenf.br<\/a><\/p>\n<p><a href=\"http:\/\/lattes.cnpq.br\/4101442161212834\"><strong>Lattes<\/strong><\/a><\/td>\n<td width=\"85\">MIR<br \/>\nMMCLGER<\/td>\n<td width=\"541\">\u00b7\u00a0\u00a0\u00a0\u00a0\u00a0\u00a0 Tratamento de sinais (p\u00f3s-processamento);<\/p>\n<p>\u00b7\u00a0\u00a0\u00a0\u00a0\u00a0\u00a0 M\u00e9todos geof\u00edsicos s\u00edsmicos e potenciais (3D e 4D);<\/p>\n<p>\u00b7\u00a0\u00a0\u00a0\u00a0\u00a0\u00a0 Teoria da invers\u00e3o geof\u00edsica;<\/p>\n<p>\u00b7\u00a0\u00a0\u00a0\u00a0\u00a0\u00a0 Geoestat\u00edstica e infer\u00eancia bayesiana aplicada \u00e0 caracteriza\u00e7\u00e3o de alvos explorat\u00f3rios e reservat\u00f3rio;<\/p>\n<p>\u00b7\u00a0\u00a0\u00a0\u00a0\u00a0\u00a0 Geof\u00edsica e monitoramento de reservat\u00f3rio.<\/td>\n<\/tr>\n<\/tbody>\n<\/table>\n<table>\n<tbody>\n<tr>\n<td width=\"106\">Georgiana Feitosa da Cruz<\/td>\n<td width=\"68\">D.Sc.<\/td>\n<td width=\"222\"><a href=\"mailto:georgiana@lenep.uenf.br\">georgiana@lenep.uenf.br<\/a><\/p>\n<p><a href=\"http:\/\/lattes.cnpq.br\/1820045548668605\"><strong>Lattes<\/strong><\/a><\/td>\n<td width=\"85\">GGP<\/td>\n<td width=\"541\">\u00b7\u00a0\u00a0\u00a0\u00a0\u00a0\u00a0\u00a0 Geoqu\u00edmica org\u00e2nica e ambiental;<\/p>\n<p>\u00b7\u00a0\u00a0\u00a0\u00a0\u00a0\u00a0\u00a0 Qu\u00edmica do Petr\u00f3leo.<\/td>\n<\/tr>\n<tr>\n<td width=\"106\">H\u00e9lio J. P. Severiano Ribeiro<\/td>\n<td width=\"68\">D.Sc.<\/td>\n<td width=\"222\"><a href=\"mailto:severiano@lenep.uenf.br\">severiano@lenep.uenf.br<\/a><\/p>\n<p><a href=\"http:\/\/lattes.cnpq.br\/5271449729990345\"><strong>Lattes<\/strong><\/a><\/td>\n<td width=\"85\">GGP<\/td>\n<td width=\"541\">\u00b7\u00a0\u00a0\u00a0\u00a0\u00a0\u00a0 Geologia do Petr\u00f3leo;<\/p>\n<p>\u00b7\u00a0\u00a0\u00a0\u00a0\u00a0\u00a0 Estratigrafia de sequ\u00eancias.<\/td>\n<\/tr>\n<tr>\n<td width=\"106\">Marco Ant\u00f4nio R. de Ceia<\/td>\n<td width=\"68\">D.Sc.<\/td>\n<td width=\"222\"><a href=\"mailto:marco@lenep.uenf.br\">marco@lenep.uenf.br<\/a><\/p>\n<p><a href=\"http:\/\/lattes.cnpq.br\/6075553098347367\"><strong>Lattes<\/strong><\/a><\/td>\n<td width=\"85\">MIR<\/td>\n<td width=\"541\">\u00b7\u00a0\u00a0\u00a0\u00a0\u00a0\u00a0\u00a0 Petrof\u00edsica;<\/p>\n<p>\u00b7\u00a0\u00a0\u00a0\u00a0\u00a0\u00a0\u00a0 F\u00edsica de Rochas;<\/p>\n<p>\u00b7\u00a0\u00a0\u00a0\u00a0\u00a0\u00a0\u00a0 Geof\u00edsica de Reservat\u00f3rio.<\/td>\n<\/tr>\n<tr>\n<td width=\"106\">Roseane Marchezi Miss\u00e1gia<\/td>\n<td width=\"68\">D.Sc.<\/td>\n<td width=\"222\"><a href=\"mailto:rose@lenep.uenf.br\">rose@lenep.uenf.br<\/a><\/p>\n<p><a href=\"http:\/\/lattes.cnpq.br\/9825216298293527\"><strong>Lattes<\/strong><\/a><\/td>\n<td width=\"85\">MIR<\/td>\n<td width=\"541\">\u00b7\u00a0\u00a0\u00a0\u00a0\u00a0\u00a0 Petrof\u00edsica;<\/p>\n<p>\u00b7\u00a0\u00a0\u00a0\u00a0\u00a0\u00a0 Geof\u00edsica de Reservat\u00f3rio;<\/p>\n<p>\u00b7\u00a0\u00a0\u00a0\u00a0\u00a0\u00a0 Mec\u00e2nica das Rochas.<\/td>\n<\/tr>\n<tr>\n<td width=\"106\">S\u00e9rgio Adriano Moura Oliveira<\/td>\n<td width=\"68\">D.Sc.<\/td>\n<td width=\"222\"><a href=\"mailto:moura@lenep.uenf.br\">moura@lenep.uenf.br<\/a><\/p>\n<p><a href=\"http:\/\/lattes.cnpq.br\/8240686670167148\"><strong>Lattes<\/strong><\/a><\/td>\n<td width=\"85\">MIR<\/td>\n<td width=\"541\">\u00b7\u00a0\u00a0\u00a0\u00a0 Modelagem s\u00edsmica;<\/p>\n<p>\u00b7\u00a0\u00a0\u00a0\u00a0 Invers\u00e3o s\u00edsmica;<\/p>\n<p>\u00b7\u00a0\u00a0\u00a0\u00a0 An\u00e1lise e processamento do sinal s\u00edsmico;<\/p>\n<p>\u00b7\u00a0\u00a0\u00a0\u00a0 Geof\u00edsica de reservat\u00f3rio.<\/td>\n<\/tr>\n<tr>\n<td width=\"106\">Viatcheslav Ivanovich Priimenko<\/td>\n<td width=\"68\">Ph.D.<\/td>\n<td width=\"222\"><a href=\"mailto:slava@lenep.uenf.br\">slava@lenep.uenf.br<\/a><\/p>\n<p><a href=\"http:\/\/lattes.cnpq.br\/4373052426298784\"><strong>Lattes<\/strong><\/a><\/td>\n<td width=\"85\">MIR<\/p>\n<p>MMCLGER<\/td>\n<td width=\"541\">\u00b7\u00a0\u00a0\u00a0\u00a0\u00a0\u00a0 Modelagem matem\u00e1tica e computacional em geof\u00edsica e engenharia de petr\u00f3leo;<\/p>\n<p>\u00b7\u00a0\u00a0\u00a0\u00a0\u00a0\u00a0 Problemas diretos e inversos de f\u00edsica-matem\u00e1tica e suas aplica\u00e7\u00f5es.<\/td>\n<\/tr>\n<\/tbody>\n<\/table>\n<table>\n<tbody>\n<tr>\n<td width=\"106\">Victor Hugo Santos<\/td>\n<td width=\"68\">D.Sc.<\/td>\n<td width=\"222\"><a href=\"mailto:petrovic@lenep.uenf.br\">petrovic@lenep.uenf.br<\/a><\/p>\n<p><a href=\"http:\/\/lattes.cnpq.br\/1428336342159724\"><strong>Lattes<\/strong><\/a><\/td>\n<td width=\"85\">GGP<\/td>\n<td width=\"541\">\u00b7\u00a0\u00a0\u00a0\u00a0 Caracteriza\u00e7\u00e3o geoqu\u00edmica inorg\u00e2nica de rochas geradoras e reservat\u00f3rio de petr\u00f3leo.<\/td>\n<\/tr>\n<\/tbody>\n<\/table>\n","protected":false},"excerpt":{"rendered":"<p>Legendas das Linhas de Pesquisa: GGP: Geologia e Geoqu\u00edmica do Petr\u00f3leo MIR: Modelagem Integrada de Reservat\u00f3rio MMCLGER: Modelagem Matem\u00e1tica, Computacional&#8230;<\/p>\n","protected":false},"author":35,"featured_media":0,"parent":1609,"menu_order":3,"comment_status":"closed","ping_status":"closed","template":"","meta":{"footnotes":""},"class_list":["post-18","page","type-page","status-publish","hentry"],"_links":{"self":[{"href":"https:\/\/uenf.br\/posgraduacao\/engenharia-exploracao-de-petroleo\/wp-json\/wp\/v2\/pages\/18","targetHints":{"allow":["GET"]}}],"collection":[{"href":"https:\/\/uenf.br\/posgraduacao\/engenharia-exploracao-de-petroleo\/wp-json\/wp\/v2\/pages"}],"about":[{"href":"https:\/\/uenf.br\/posgraduacao\/engenharia-exploracao-de-petroleo\/wp-json\/wp\/v2\/types\/page"}],"author":[{"embeddable":true,"href":"https:\/\/uenf.br\/posgraduacao\/engenharia-exploracao-de-petroleo\/wp-json\/wp\/v2\/users\/35"}],"replies":[{"embeddable":true,"href":"https:\/\/uenf.br\/posgraduacao\/engenharia-exploracao-de-petroleo\/wp-json\/wp\/v2\/comments?post=18"}],"version-history":[{"count":0,"href":"https:\/\/uenf.br\/posgraduacao\/engenharia-exploracao-de-petroleo\/wp-json\/wp\/v2\/pages\/18\/revisions"}],"up":[{"embeddable":true,"href":"https:\/\/uenf.br\/posgraduacao\/engenharia-exploracao-de-petroleo\/wp-json\/wp\/v2\/pages\/1609"}],"wp:attachment":[{"href":"https:\/\/uenf.br\/posgraduacao\/engenharia-exploracao-de-petroleo\/wp-json\/wp\/v2\/media?parent=18"}],"curies":[{"name":"wp","href":"https:\/\/api.w.org\/{rel}","templated":true}]}}