{"id":1884,"date":"2025-09-25T14:04:22","date_gmt":"2025-09-25T17:04:22","guid":{"rendered":"https:\/\/uenf.br\/posgraduacao\/engenharia-exploracao-de-petroleo\/?page_id=1884"},"modified":"2026-03-20T11:03:58","modified_gmt":"2026-03-20T14:03:58","slug":"publicacoes-em-periodicos","status":"publish","type":"page","link":"https:\/\/uenf.br\/posgraduacao\/engenharia-exploracao-de-petroleo\/publicacoes\/publicacoes-em-periodicos\/","title":{"rendered":"Publica\u00e7\u00f5es em Peri\u00f3dicos"},"content":{"rendered":"\n<div style=\"height:50px\" aria-hidden=\"true\" class=\"wp-block-spacer\"><\/div>\n\n\n\n<h3 class=\"wp-block-heading\">Assessing the geochemical correlation between petroleum source rocks in the Brazilian Equatorial margin basins and global oceanic anoxic events<\/h3>\n\n\n\n<div class=\"wp-block-media-text is-stacked-on-mobile\"><figure class=\"wp-block-media-text__media\"><img loading=\"lazy\" decoding=\"async\" width=\"765\" height=\"530\" src=\"http:\/\/uenf.br\/posgraduacao\/engenharia-exploracao-de-petroleo\/wp-content\/uploads\/sites\/15\/2025\/09\/Captura-de-tela-2025-09-25-153520.png\" alt=\"\" class=\"wp-image-2230 size-full\" srcset=\"https:\/\/uenf.br\/posgraduacao\/engenharia-exploracao-de-petroleo\/wp-content\/uploads\/sites\/15\/2025\/09\/Captura-de-tela-2025-09-25-153520.png 765w, https:\/\/uenf.br\/posgraduacao\/engenharia-exploracao-de-petroleo\/wp-content\/uploads\/sites\/15\/2025\/09\/Captura-de-tela-2025-09-25-153520-300x208.png 300w\" sizes=\"auto, (max-width: 765px) 100vw, 765px\" \/><\/figure><div class=\"wp-block-media-text__content\">\n<p><strong>Autores:<\/strong> Ediane B. da Silva, H\u00e9lio J. P. Severiano Ribeiro, Eliane Soares de Souza<\/p>\n\n\n\n<p><strong>Universidade:<\/strong> UENF &#8211; Universidade Estadual do Norte Fluminense Darcy Ribeiro<\/p>\n\n\n\n<p><strong>Dispon\u00edvel em:<\/strong><\/p>\n\n\n\n<p><a href=\"https:\/\/www.sciencedirect.com\/science\/article\/pii\/S0264817224005178\">https:\/\/www.sciencedirect.com\/science\/article\/pii\/S0264817224005178<\/a><\/p>\n<\/div><\/div>\n\n\n\n<div style=\"height:100px\" aria-hidden=\"true\" class=\"wp-block-spacer\"><\/div>\n\n\n\n<h3 class=\"wp-block-heading\">Enhanced clustering techniques for lithofacies and electrofacies identification in post-salt carbonate and siliciclastic reservoirs: <br>a case study from the campos basin, Brazil<\/h3>\n\n\n\n<div class=\"wp-block-media-text is-stacked-on-mobile\"><figure class=\"wp-block-media-text__media\"><img loading=\"lazy\" decoding=\"async\" width=\"727\" height=\"695\" src=\"http:\/\/uenf.br\/posgraduacao\/engenharia-exploracao-de-petroleo\/wp-content\/uploads\/sites\/15\/2025\/09\/Captura-de-tela-2025-09-22-141723.png\" alt=\"\" class=\"wp-image-2107 size-full\" srcset=\"https:\/\/uenf.br\/posgraduacao\/engenharia-exploracao-de-petroleo\/wp-content\/uploads\/sites\/15\/2025\/09\/Captura-de-tela-2025-09-22-141723.png 727w, https:\/\/uenf.br\/posgraduacao\/engenharia-exploracao-de-petroleo\/wp-content\/uploads\/sites\/15\/2025\/09\/Captura-de-tela-2025-09-22-141723-300x287.png 300w\" sizes=\"auto, (max-width: 727px) 100vw, 727px\" \/><\/figure><div class=\"wp-block-media-text__content\">\n<p><strong>Autores:<\/strong> Abel Carrasquilla, Herson Rocha<\/p>\n\n\n\n<p><strong>Universidades:<\/strong> UENF &#8211; Universidade Estadual do Norte Fluminense Darcy Ribeiro, UFRJ &#8211; Universidade Federal do Rio de Janeiro<\/p>\n\n\n\n<p><strong>Dispon\u00edvel em:<\/strong>\u00a0 <\/p>\n\n\n\n<p><a href=\"https:\/\/www.sciencedirect.com\/science\/article\/pii\/S2666519025000779?via%3Dihub\">https:\/\/www.sciencedirect.com\/science\/article\/pii\/S2666519025000779?via%3Dihub<\/a><\/p>\n<\/div><\/div>\n\n\n\n<div style=\"height:100px\" aria-hidden=\"true\" class=\"wp-block-spacer\"><\/div>\n\n\n\n<h3 class=\"wp-block-heading\">Non-linear regression for permeability prediction and hydraulic flow units&#8217; characterization from core and well logs of a pre-salt carbonate reservoir in the Santos Basin, Brazil<\/h3>\n\n\n\n<div class=\"wp-block-media-text is-stacked-on-mobile\"><figure class=\"wp-block-media-text__media\"><img loading=\"lazy\" decoding=\"async\" width=\"731\" height=\"773\" src=\"http:\/\/uenf.br\/posgraduacao\/engenharia-exploracao-de-petroleo\/wp-content\/uploads\/sites\/15\/2025\/09\/Captura-de-tela-2025-09-22-141123.png\" alt=\"\" class=\"wp-image-2106 size-full\" srcset=\"https:\/\/uenf.br\/posgraduacao\/engenharia-exploracao-de-petroleo\/wp-content\/uploads\/sites\/15\/2025\/09\/Captura-de-tela-2025-09-22-141123.png 731w, https:\/\/uenf.br\/posgraduacao\/engenharia-exploracao-de-petroleo\/wp-content\/uploads\/sites\/15\/2025\/09\/Captura-de-tela-2025-09-22-141123-284x300.png 284w\" sizes=\"auto, (max-width: 731px) 100vw, 731px\" \/><\/figure><div class=\"wp-block-media-text__content\">\n<p><strong>Autores:<\/strong> Auddys Alvarez, Roseane Miss\u00e1gia, Romulo Brito da Silva, Abel Carrasquila<\/p>\n\n\n\n<p><strong>Universidades: <\/strong>UENF \u2013 Universidade Estadual do Norte Fluminense Darcy Ribeiro, UFBA \u2013 Universidade Federal da Bahia<\/p>\n\n\n\n<p><strong>Dispon\u00edvel em:<\/strong><\/p>\n\n\n\n<p><a href=\"https:\/\/www.sciencedirect.com\/science\/article\/pii\/S0926985125002460\">https:\/\/www.sciencedirect.com\/science\/article\/pii\/S0926985125002460<\/a><\/p>\n<\/div><\/div>\n\n\n\n<div style=\"height:100px\" aria-hidden=\"true\" class=\"wp-block-spacer\"><\/div>\n\n\n\n<h3 class=\"wp-block-heading\">Paleoenvironment assessment of Irati Formation (Paran\u00e1 Basin, Brazil)<br>based on the semi-quantification of organic sulfur markers by FTICR-MS<\/h3>\n\n\n\n<div class=\"wp-block-media-text is-stacked-on-mobile\"><figure class=\"wp-block-media-text__media\"><img loading=\"lazy\" decoding=\"async\" width=\"745\" height=\"726\" src=\"http:\/\/uenf.br\/posgraduacao\/engenharia-exploracao-de-petroleo\/wp-content\/uploads\/sites\/15\/2025\/09\/Captura-de-tela-2025-09-22-151743.png\" alt=\"\" class=\"wp-image-2162 size-full\" srcset=\"https:\/\/uenf.br\/posgraduacao\/engenharia-exploracao-de-petroleo\/wp-content\/uploads\/sites\/15\/2025\/09\/Captura-de-tela-2025-09-22-151743.png 745w, https:\/\/uenf.br\/posgraduacao\/engenharia-exploracao-de-petroleo\/wp-content\/uploads\/sites\/15\/2025\/09\/Captura-de-tela-2025-09-22-151743-300x292.png 300w\" sizes=\"auto, (max-width: 745px) 100vw, 745px\" \/><\/figure><div class=\"wp-block-media-text__content\">\n<p><strong>Autores: <\/strong>Lua Morena Leoncio de Oliveira, Jos\u00e9 Roberto Cerqueira, Karina Santos Garcia, Ant\u00f4nio Fernando Queiroz, H\u00e9lio Jorge Portugal Severiano Ribeiro, Thomas B.P. Oldenburg, Maria Elisabete Machado<\/p>\n\n\n\n<p><strong>Universidades:<\/strong> UENF \u2013 Universidade Estadual do Norte Fluminense Darcy Ribeiro, UFBA \u2013 Universidade Federal da Bahia, CIENAM \u2013 Centro Interdisciplinar de Energia e Ambiente, PGR \u2013 Department of Earth, Energy, and Environment, University of Calgary<\/p>\n\n\n\n<p><strong>Dispon\u00edvel em:<\/strong><\/p>\n\n\n\n<p><a href=\"https:\/\/www.sciencedirect.com\/science\/article\/pii\/S0264817224003167\">https:\/\/www.sciencedirect.com\/science\/article\/pii\/S0264817224003167<\/a><\/p>\n<\/div><\/div>\n\n\n\n<div style=\"height:100px\" aria-hidden=\"true\" class=\"wp-block-spacer\"><\/div>\n\n\n\n<h3 class=\"wp-block-heading\">Organic geochemistry and palynofacies of the Devonian: A correlation between Paran\u00e1 and Parna\u00edba basins, Brazil<\/h3>\n\n\n\n<div class=\"wp-block-media-text is-stacked-on-mobile\"><figure class=\"wp-block-media-text__media\"><img loading=\"lazy\" decoding=\"async\" width=\"906\" height=\"768\" src=\"http:\/\/uenf.br\/posgraduacao\/engenharia-exploracao-de-petroleo\/wp-content\/uploads\/sites\/15\/2025\/09\/Captura-de-tela-2025-09-26-124416.png\" alt=\"\" class=\"wp-image-2258 size-full\" srcset=\"https:\/\/uenf.br\/posgraduacao\/engenharia-exploracao-de-petroleo\/wp-content\/uploads\/sites\/15\/2025\/09\/Captura-de-tela-2025-09-26-124416.png 906w, https:\/\/uenf.br\/posgraduacao\/engenharia-exploracao-de-petroleo\/wp-content\/uploads\/sites\/15\/2025\/09\/Captura-de-tela-2025-09-26-124416-300x254.png 300w, https:\/\/uenf.br\/posgraduacao\/engenharia-exploracao-de-petroleo\/wp-content\/uploads\/sites\/15\/2025\/09\/Captura-de-tela-2025-09-26-124416-768x651.png 768w\" sizes=\"auto, (max-width: 906px) 100vw, 906px\" \/><\/figure><div class=\"wp-block-media-text__content\">\n<p><strong>Autores:<\/strong> Lauro Tiago Souza Santos, Jucelino Balbino da Silva J\u00fanior, Jos\u00e9 Roberto Cerqueira, Consuelo Navarro Lima de Andrade, Luciele S\u00e1 Mascarenhas, H\u00e9lio Jorge Severiano Ribeiro, Karina Santos Garcia, Ant\u00f4nio Fernando de Souza Queiroz<\/p>\n\n\n\n<p><strong>Universidades:<\/strong> UFBA \u2013 Universidade Federal da Bahia, UNIVASF \u2013 Universidade Federal do Vale do S\u00e3o Francisco, UEFS \u2013 Universidade Estadual de Feira de Santana, UENF \u2013 Universidade Estadual do Norte Fluminense Darcy Ribeiro<\/p>\n\n\n\n<p><strong>Dispon\u00edvel em:<\/strong><\/p>\n\n\n\n<p><a href=\"https:\/\/www.sciencedirect.com\/science\/article\/pii\/S0895981124000841\">https:\/\/www.sciencedirect.com\/science\/article\/pii\/S0895981124000841<\/a><\/p>\n<\/div><\/div>\n\n\n\n<div style=\"height:100px\" aria-hidden=\"true\" class=\"wp-block-spacer\"><\/div>\n\n\n\n<h3 class=\"wp-block-heading\">Use of nitrogen markers to assess source rock paleodepositional environment of the Candeias (Rec\u00f4ncavo Basin) and Barreirinha (Amazonas Basin) formations<\/h3>\n\n\n\n<div class=\"wp-block-media-text is-stacked-on-mobile\"><figure class=\"wp-block-media-text__media\"><img loading=\"lazy\" decoding=\"async\" width=\"732\" height=\"729\" src=\"http:\/\/uenf.br\/posgraduacao\/engenharia-exploracao-de-petroleo\/wp-content\/uploads\/sites\/15\/2025\/09\/Captura-de-tela-2025-09-26-120158.png\" alt=\"\" class=\"wp-image-2235 size-full\" srcset=\"https:\/\/uenf.br\/posgraduacao\/engenharia-exploracao-de-petroleo\/wp-content\/uploads\/sites\/15\/2025\/09\/Captura-de-tela-2025-09-26-120158.png 732w, https:\/\/uenf.br\/posgraduacao\/engenharia-exploracao-de-petroleo\/wp-content\/uploads\/sites\/15\/2025\/09\/Captura-de-tela-2025-09-26-120158-300x300.png 300w, https:\/\/uenf.br\/posgraduacao\/engenharia-exploracao-de-petroleo\/wp-content\/uploads\/sites\/15\/2025\/09\/Captura-de-tela-2025-09-26-120158-150x150.png 150w\" sizes=\"auto, (max-width: 732px) 100vw, 732px\" \/><\/figure><div class=\"wp-block-media-text__content\">\n<p><strong>Autores:<\/strong> Diego Nery do Amaral, Fl\u00e1via Lima e Cima Miranda, Luise Carvalho Dias, Jos\u00e9 Roberto Cerqueira, H\u00e9lio Jorge Severiano Ribeiro, Ol\u00edvia Maria Cordeiro de Oliveira, Ant\u00f4nio Fernando de Souza Queiroz, Maria Elisabete Machado, S\u00e9rgio Lu\u00eds Costa Ferreira<\/p>\n\n\n\n<p><strong>Universidades:<\/strong> UFBA \u2013 Universidade Federal da Bahia, UEFS \u2013 Universidade Estadual de Feira de Santana, UENF \u2013 Universidade Estadual do Norte Fluminense Darcy Ribeiro<\/p>\n\n\n\n<p><strong>Dispon\u00edvel em:<\/strong><\/p>\n\n\n\n<p><a href=\"https:\/\/www.sciencedirect.com\/science\/article\/pii\/S0264817224002897\">https:\/\/www.sciencedirect.com\/science\/article\/pii\/S0264817224002897<\/a><\/p>\n<\/div><\/div>\n\n\n\n<div style=\"height:100px\" aria-hidden=\"true\" class=\"wp-block-spacer\"><\/div>\n\n\n\n<h3 class=\"wp-block-heading\">Organic Sulfur Markers as Proxies of Depositional Paleoeenvironments Related to Rec\u00f4ncavo and Amazon Basins, Brazil<\/h3>\n\n\n\n<div class=\"wp-block-media-text is-stacked-on-mobile\"><figure class=\"wp-block-media-text__media\"><img loading=\"lazy\" decoding=\"async\" width=\"807\" height=\"814\" src=\"http:\/\/uenf.br\/posgraduacao\/engenharia-exploracao-de-petroleo\/wp-content\/uploads\/sites\/15\/2025\/09\/Captura-de-tela-2025-09-26-125939.png\" alt=\"\" class=\"wp-image-2269 size-full\" srcset=\"https:\/\/uenf.br\/posgraduacao\/engenharia-exploracao-de-petroleo\/wp-content\/uploads\/sites\/15\/2025\/09\/Captura-de-tela-2025-09-26-125939.png 807w, https:\/\/uenf.br\/posgraduacao\/engenharia-exploracao-de-petroleo\/wp-content\/uploads\/sites\/15\/2025\/09\/Captura-de-tela-2025-09-26-125939-297x300.png 297w, https:\/\/uenf.br\/posgraduacao\/engenharia-exploracao-de-petroleo\/wp-content\/uploads\/sites\/15\/2025\/09\/Captura-de-tela-2025-09-26-125939-150x150.png 150w, https:\/\/uenf.br\/posgraduacao\/engenharia-exploracao-de-petroleo\/wp-content\/uploads\/sites\/15\/2025\/09\/Captura-de-tela-2025-09-26-125939-768x775.png 768w\" sizes=\"auto, (max-width: 807px) 100vw, 807px\" \/><\/figure><div class=\"wp-block-media-text__content\">\n<p><strong>Autores:<\/strong> Diego Nery do Amaral, Fl\u00e1via Lima e Cima Miranda, Lua Morena Le\u00f4ncio de Oliveira, Jos\u00e9 Roberto Cerqueira, H\u00e9lio Jorge Portugal Severiano Ribeiro, Ol\u00edvia Maria Cordeiro Oliveira, Ant\u00f4nio Fernando de Souza Queiroz, S\u00e9rgio Lu\u00eds Costa Ferreira , and Maria Elisabete Machado<\/p>\n\n\n\n<p><strong>Universidades:<\/strong> UFBA \u2013 Universidade Federal da Bahia, UEFS \u2013 Universidade Estadual de Feira de Santana, UENF \u2013 Universidade Estadual do Norte Fluminense Darcy Ribeiro<\/p>\n\n\n\n<p><strong>Dispon\u00edvel em:<\/strong> <\/p>\n\n\n\n<p><a href=\"https:\/\/pubs.acs.org\/doi\/10.1021\/acsomega.4c07344\">https:\/\/pubs.acs.org\/doi\/10.1021\/acsomega.4c07344<\/a><\/p>\n<\/div><\/div>\n\n\n\n<p><\/p>\n\n\n\n<div style=\"height:100px\" aria-hidden=\"true\" class=\"wp-block-spacer\"><\/div>\n","protected":false},"excerpt":{"rendered":"<p>Assessing the geochemical correlation between petroleum source rocks in the Brazilian Equatorial margin basins and global oceanic anoxic events Autores:&#8230;<\/p>\n","protected":false},"author":62,"featured_media":0,"parent":1645,"menu_order":2,"comment_status":"closed","ping_status":"closed","template":"","meta":{"footnotes":""},"class_list":["post-1884","page","type-page","status-publish","hentry"],"_links":{"self":[{"href":"https:\/\/uenf.br\/posgraduacao\/engenharia-exploracao-de-petroleo\/wp-json\/wp\/v2\/pages\/1884","targetHints":{"allow":["GET"]}}],"collection":[{"href":"https:\/\/uenf.br\/posgraduacao\/engenharia-exploracao-de-petroleo\/wp-json\/wp\/v2\/pages"}],"about":[{"href":"https:\/\/uenf.br\/posgraduacao\/engenharia-exploracao-de-petroleo\/wp-json\/wp\/v2\/types\/page"}],"author":[{"embeddable":true,"href":"https:\/\/uenf.br\/posgraduacao\/engenharia-exploracao-de-petroleo\/wp-json\/wp\/v2\/users\/62"}],"replies":[{"embeddable":true,"href":"https:\/\/uenf.br\/posgraduacao\/engenharia-exploracao-de-petroleo\/wp-json\/wp\/v2\/comments?post=1884"}],"version-history":[{"count":0,"href":"https:\/\/uenf.br\/posgraduacao\/engenharia-exploracao-de-petroleo\/wp-json\/wp\/v2\/pages\/1884\/revisions"}],"up":[{"embeddable":true,"href":"https:\/\/uenf.br\/posgraduacao\/engenharia-exploracao-de-petroleo\/wp-json\/wp\/v2\/pages\/1645"}],"wp:attachment":[{"href":"https:\/\/uenf.br\/posgraduacao\/engenharia-exploracao-de-petroleo\/wp-json\/wp\/v2\/media?parent=1884"}],"curies":[{"name":"wp","href":"https:\/\/api.w.org\/{rel}","templated":true}]}}