{"id":2,"date":"2018-04-09T09:59:43","date_gmt":"2018-04-09T12:59:43","guid":{"rendered":"http:\/\/uenf.br\/posgraduacao\/engenharia-exploracao-de-petroleo\/?page_id=2"},"modified":"2025-11-03T19:45:02","modified_gmt":"2025-11-03T22:45:02","slug":"apresentacao","status":"publish","type":"page","link":"https:\/\/uenf.br\/posgraduacao\/engenharia-exploracao-de-petroleo\/","title":{"rendered":"Apresenta\u00e7\u00e3o"},"content":{"rendered":"<h2>O Curso: Objetivos, \u00c1rea de Concentra\u00e7\u00e3o e Linhas de Pesquisa<\/h2>\n<p align=\"justify\">O Curso de P\u00f3s-gradua\u00e7\u00e3o em Engenharia de Reservat\u00f3rio e de Explora\u00e7\u00e3o da UENF foi iniciado em 1995, nos n\u00edveis de mestrado e doutorado, com concep\u00e7\u00e3o pr\u00f3pria inovadora, reunindo as principais disciplinas da explora\u00e7\u00e3o e produ\u00e7\u00e3o de petr\u00f3leo (E&amp;P), na forma\u00e7\u00e3o profissional e acad\u00eamica e reflete a natureza do projeto de implanta\u00e7\u00e3o do Laborat\u00f3rio de Engenharia e Explora\u00e7\u00e3o de Petr\u00f3leo (LENEP). Trata-se de um projeto que tem como diretriz principal a associa\u00e7\u00e3o de um alto padr\u00e3o acad\u00eamico, priorizando a pesquisa aplicada e o desenvolvimento tecnol\u00f3gico, com forte inser\u00e7\u00e3o regional promovido pela intera\u00e7\u00e3o com o setor industrial local na regi\u00e3o produtora da Bacia de Campos. Nosso corpo docente \u00e9 diversificado e constitu\u00eddo de professores com alta capacita\u00e7\u00e3o t\u00e9cnico-cient\u00edfica, composto exclusivamente por doutores, englobando as \u00e1reas de Geof\u00edsica, Geologia e Geoqu\u00edmica, Petrof\u00edsica, Engenharia do Petr\u00f3leo, Matem\u00e1tica Aplicada e Computacional.<\/p>\n<p><b>\u00c1rea de Concentra\u00e7\u00e3o<\/b><\/p>\n<ul>\n<li>Engenharia de Explora\u00e7\u00e3o e\u00a0 Produ\u00e7\u00e3o de Petr\u00f3leo<\/li>\n<\/ul>\n<p><b>Linhas de Pesquisa<\/b><\/p>\n<ul>\n<li>Engenharia de Po\u00e7o e de Reservat\u00f3rio<\/li>\n<li>Geologia e Geoqu\u00edmica de Petr\u00f3leo<\/li>\n<li>Modelagem Integrada de Reservat\u00f3rio <!-- No item Linha de Pesquisa: Geologia e Geoqu\u00edmica n\u00e3o cont\u00e9m o nome (de Petr\u00f3leo) nem no cadastro da UENF e nem na CAPES. --><\/li>\n<li>Modelagem Matem\u00e1tica e Computacional<\/li>\n<\/ul>\n<p style=\"text-align: left\" align=\"center\"><b>INFORMA\u00c7\u00d5ES<\/b><\/p>\n<p style=\"font-family: Arial, sans-serif;font-size: small;text-align: left\">Coordena\u00e7\u00e3o do Programa de P\u00f3s-Gradua\u00e7\u00e3o<br \/>\nem Engenharia de Reservat\u00f3rio e de Explora\u00e7\u00e3o<br \/>\nUENF \/\u00a0CCT \/ LENEP<\/p>\n<p style=\"font-family: Arial, sans-serif;font-size: small;text-align: left\">Prof. Carlos Enrique Pico Ortiz<br \/>\n(Coordenador)<br \/>\nE-mail:\u00a0coordpg@lenep.uenf.br<\/p>\n<p style=\"font-family: Arial, sans-serif;font-size: small;text-align: left\">Verlaine de Oliveira \/<br \/>\nD\u00e9bora Borges<br \/>\n(Secret\u00e1rias)<br \/>\nE-mail:\u00a0secpg@lenep.uenf.br<\/p>\n<p>Rua Hermenegildo Adolpho s\/n,\u00a0Bairro Imboassica, Macae. Rio de Janeiro. Brasil. &#8211;\u00a0CEP: 27932-125.<\/p>\n","protected":false},"excerpt":{"rendered":"<p>O Curso: Objetivos, \u00c1rea de Concentra\u00e7\u00e3o e Linhas de Pesquisa O Curso de P\u00f3s-gradua\u00e7\u00e3o em Engenharia de Reservat\u00f3rio e de&#8230;<\/p>\n","protected":false},"author":33,"featured_media":0,"parent":0,"menu_order":1,"comment_status":"closed","ping_status":"closed","template":"","meta":{"footnotes":""},"class_list":["post-2","page","type-page","status-publish","hentry"],"_links":{"self":[{"href":"https:\/\/uenf.br\/posgraduacao\/engenharia-exploracao-de-petroleo\/wp-json\/wp\/v2\/pages\/2","targetHints":{"allow":["GET"]}}],"collection":[{"href":"https:\/\/uenf.br\/posgraduacao\/engenharia-exploracao-de-petroleo\/wp-json\/wp\/v2\/pages"}],"about":[{"href":"https:\/\/uenf.br\/posgraduacao\/engenharia-exploracao-de-petroleo\/wp-json\/wp\/v2\/types\/page"}],"author":[{"embeddable":true,"href":"https:\/\/uenf.br\/posgraduacao\/engenharia-exploracao-de-petroleo\/wp-json\/wp\/v2\/users\/33"}],"replies":[{"embeddable":true,"href":"https:\/\/uenf.br\/posgraduacao\/engenharia-exploracao-de-petroleo\/wp-json\/wp\/v2\/comments?post=2"}],"version-history":[{"count":0,"href":"https:\/\/uenf.br\/posgraduacao\/engenharia-exploracao-de-petroleo\/wp-json\/wp\/v2\/pages\/2\/revisions"}],"wp:attachment":[{"href":"https:\/\/uenf.br\/posgraduacao\/engenharia-exploracao-de-petroleo\/wp-json\/wp\/v2\/media?parent=2"}],"curies":[{"name":"wp","href":"https:\/\/api.w.org\/{rel}","templated":true}]}}