{"id":20,"date":"2018-06-21T07:38:13","date_gmt":"2018-06-21T10:38:13","guid":{"rendered":"http:\/\/uenf.br\/posgraduacao\/engenharia-exploracao-de-petroleo\/?page_id=20"},"modified":"2025-07-15T14:58:59","modified_gmt":"2025-07-15T17:58:59","slug":"comissao-coordenadora","status":"publish","type":"page","link":"https:\/\/uenf.br\/posgraduacao\/engenharia-exploracao-de-petroleo\/programa\/comissao-coordenadora\/","title":{"rendered":"Comiss\u00e3o Coordenadora"},"content":{"rendered":"<p>&nbsp;<\/p>\n<p style=\"text-align: left\" align=\"center\"><span style=\"color: #000000\"><span style=\"font-family: Arial, serif\"><span style=\"font-size: medium\"><b>Composi\u00e7\u00e3o da Comiss\u00e3o Coordenadora do Programa (CCPPGERE)<\/b><\/span><\/span><\/span><\/p>\n<table style=\"height: 600px\" width=\"747\" cellspacing=\"0\" cellpadding=\"7\">\n<colgroup>\n<col width=\"259\" \/>\n<col width=\"410\" \/> <\/colgroup>\n<tbody>\n<tr>\n<td style=\"background: #ccecff\" bgcolor=\"#ccecff\" width=\"259\" height=\"4\">\n<p align=\"center\"><span style=\"font-family: Arial, serif\"><span style=\"font-size: small\"><b>MEMBROS EFETIVOS DA CCPPGERE<\/b><\/span><\/span><\/p>\n<\/td>\n<td style=\"background: #ccecff\" bgcolor=\"#ccecff\" width=\"410\">\n<p align=\"center\"><span style=\"font-family: Arial, serif\"><span style=\"font-size: small\"><b>REPRESENTATIVIDADE<\/b><\/span><\/span><\/p>\n<\/td>\n<\/tr>\n<tr valign=\"bottom\">\n<td width=\"259\" height=\"9\"><span style=\"font-family: Arial, serif\"><span style=\"font-size: small\">Prof. Carlos Enrique Pico Ortiz<\/span><\/span><\/td>\n<td width=\"410\"><span style=\"font-family: Arial, serif\"><span style=\"font-size: small\">Coordenador do PPGERE e Presidente da CCPPGERE<\/span><\/span><\/td>\n<\/tr>\n<tr valign=\"bottom\">\n<td width=\"259\" height=\"9\"><span style=\"font-family: Arial, serif\"><span style=\"font-size: small\">Prof. Viatcheslav Ivanovich Priimenko<\/span><\/span><\/td>\n<td width=\"410\"><span style=\"font-family: Arial, serif\"><span style=\"font-size: small\">Representante do Setor de Modelagem Matem\u00e1tica e Computacional<\/span><\/span><\/td>\n<\/tr>\n<tr valign=\"bottom\">\n<td width=\"259\" height=\"9\"><span style=\"font-family: Arial, serif\"><span style=\"font-size: small\">Prof. Adolfo Puime Pires<\/span><\/span><\/td>\n<td width=\"410\"><span style=\"font-family: Arial, serif\"><span style=\"font-size: small\">Representante do Setor de Engenharia de Petr\u00f3leo<\/span><\/span><\/td>\n<\/tr>\n<tr>\n<td width=\"259\" height=\"9\"><span style=\"font-family: Arial, serif\"><span style=\"font-size: small\">Prof<\/span><\/span><span style=\"font-family: Arial, serif\"><span style=\"font-size: small\">. Helio J. P. Severiano<\/span><\/span><\/td>\n<td width=\"410\"><span style=\"font-family: Arial, serif\"><span style=\"font-size: small\">Representante do Setor de Geologia e Geoqu\u00edmica do Petr\u00f3leo<\/span><\/span><\/td>\n<\/tr>\n<tr valign=\"bottom\">\n<td width=\"259\" height=\"9\"><span style=\"font-family: Arial, serif\"><span style=\"font-size: small\"><span lang=\"en-US\">Prof. Ant\u00f4nio Abel Gonz\u00e1lez Carrasquilla<\/span><\/span><\/span><\/td>\n<td width=\"410\"><span style=\"font-family: Arial, serif\"><span style=\"font-size: small\">Representante do Setor de Petrof\u00edsica<\/span><\/span><\/td>\n<\/tr>\n<tr valign=\"bottom\">\n<td width=\"259\" height=\"9\"><span style=\"font-family: Arial, serif\"><span style=\"font-size: small\">Prof. Fernando S\u00e9rgio de Moraes<\/span><\/span><\/td>\n<td width=\"410\"><span style=\"font-family: Arial, serif\"><span style=\"font-size: small\">Representante do Setor de Geof\u00edsica<\/span><\/span><\/td>\n<\/tr>\n<tr>\n<td width=\"259\" height=\"9\"><span style=\"font-family: Arial, serif\"><span style=\"font-size: small\">Sr. Rosenberg Garcia Lima (efetivo) <\/span><\/span><\/p>\n<p><span style=\"font-family: Arial, serif\"><span style=\"font-size: small\">Sr. Marcus Vin\u00edcius Sousa Corr\u00eaa (suplente)<\/span><\/span><\/td>\n<td width=\"410\"><span style=\"font-family: Arial, serif\"><span style=\"font-size: small\">Representante dos Alunos de Doutorado<\/span><\/span><\/td>\n<\/tr>\n<tr>\n<td width=\"259\" height=\"9\"><span style=\"font-family: Arial, serif\"><span style=\"font-size: small\">Sr. Gustavo Escher Pires Mendes (efetivo) <\/span><\/span><\/p>\n<p><span style=\"font-family: Arial, serif\"><span style=\"font-size: small\">Sr. Leonardo Silva de Oliveira (suplente)<\/span><\/span><\/td>\n<td width=\"410\"><span style=\"font-family: Arial, serif\"><span style=\"font-size: small\">Representante dos Alunos de Mestrado<\/span><\/span><\/td>\n<\/tr>\n<tr>\n<td style=\"background: #ccecff\" bgcolor=\"#ccecff\" width=\"259\" height=\"9\"><\/td>\n<td style=\"background: #ccecff\" bgcolor=\"#ccecff\" width=\"410\"><\/td>\n<\/tr>\n<tr valign=\"bottom\">\n<td width=\"259\" height=\"9\"><\/td>\n<td width=\"410\"><\/td>\n<\/tr>\n<tr>\n<td valign=\"bottom\" width=\"259\" height=\"8\"><\/td>\n<td width=\"410\"><\/td>\n<\/tr>\n<\/tbody>\n<\/table>\n<p>&nbsp;<\/p>\n<p><span style=\"color: #000000\"><span style=\"font-family: Arial, serif\"><span style=\"font-size: medium\"><b>Reuni\u00f5es da CCPPGERE<\/b><\/span><\/span><\/span><\/p>\n<p align=\"justify\"><span style=\"color: #000000\"><span style=\"font-family: Arial, serif\"><span style=\"font-size: medium\">As reuni\u00f5es da Comiss\u00e3o Coordenadora do Programa \u2013 PPGERE est\u00e3o programadas para as datas definidas no Calend\u00e1rio de Reuni\u00f5es, podendo sofrer altera\u00e7\u00f5es, se necess\u00e1rio.<\/span><\/span><\/span><\/p>\n<p><span style=\"color: #000000\"><span style=\"font-family: Arial, serif\"><span style=\"font-size: medium\">Poder\u00e1 haver, eventualmente, reuni\u00f5es extraordin\u00e1rias. Nestes casos, ser\u00e3o comunicadas com anteced\u00eancia aos Membros da PPGERE, por e-mail, para tratar de assuntos que n\u00e3o poder\u00e3o aguardar a pr\u00f3xima data prevista no calend\u00e1rio.<\/span><\/span><\/span><\/p>\n<ul>\n<li>\n<p align=\"justify\"><span style=\"color: #000000\"><span style=\"font-family: Arial, serif\"><span style=\"font-size: medium\"><b>ATEN\u00c7\u00c3O:<\/b><\/span><\/span><\/span><span style=\"color: #000000\"><span style=\"font-family: Arial, serif\"><span style=\"font-size: medium\">\u00a0O encaminhamento de documentos que n\u00e3o dependem de prazos definidos nas resolu\u00e7\u00f5es do Programa, mas sua aprova\u00e7\u00e3o depende de an\u00e1lise pelos membros da PPGERE, dever\u00e3o ser entregues \u00e0 Secretaria do Programa com anteced\u00eancia de no m\u00ednimo 03 (tr\u00eas) dias \u00fateis da data prevista da reuni\u00e3o, para que sejam inclusos na pauta.<\/span><\/span><\/span><\/p>\n<\/li>\n<\/ul>\n<p>&nbsp;<\/p>\n<p>&nbsp;<\/p>\n","protected":false},"excerpt":{"rendered":"<p>&nbsp; Composi\u00e7\u00e3o da Comiss\u00e3o Coordenadora do Programa (CCPPGERE) MEMBROS EFETIVOS DA CCPPGERE REPRESENTATIVIDADE Prof. Carlos Enrique Pico Ortiz Coordenador do&#8230;<\/p>\n","protected":false},"author":35,"featured_media":0,"parent":1609,"menu_order":4,"comment_status":"closed","ping_status":"closed","template":"","meta":{"footnotes":""},"class_list":["post-20","page","type-page","status-publish","hentry"],"_links":{"self":[{"href":"https:\/\/uenf.br\/posgraduacao\/engenharia-exploracao-de-petroleo\/wp-json\/wp\/v2\/pages\/20","targetHints":{"allow":["GET"]}}],"collection":[{"href":"https:\/\/uenf.br\/posgraduacao\/engenharia-exploracao-de-petroleo\/wp-json\/wp\/v2\/pages"}],"about":[{"href":"https:\/\/uenf.br\/posgraduacao\/engenharia-exploracao-de-petroleo\/wp-json\/wp\/v2\/types\/page"}],"author":[{"embeddable":true,"href":"https:\/\/uenf.br\/posgraduacao\/engenharia-exploracao-de-petroleo\/wp-json\/wp\/v2\/users\/35"}],"replies":[{"embeddable":true,"href":"https:\/\/uenf.br\/posgraduacao\/engenharia-exploracao-de-petroleo\/wp-json\/wp\/v2\/comments?post=20"}],"version-history":[{"count":0,"href":"https:\/\/uenf.br\/posgraduacao\/engenharia-exploracao-de-petroleo\/wp-json\/wp\/v2\/pages\/20\/revisions"}],"up":[{"embeddable":true,"href":"https:\/\/uenf.br\/posgraduacao\/engenharia-exploracao-de-petroleo\/wp-json\/wp\/v2\/pages\/1609"}],"wp:attachment":[{"href":"https:\/\/uenf.br\/posgraduacao\/engenharia-exploracao-de-petroleo\/wp-json\/wp\/v2\/media?parent=20"}],"curies":[{"name":"wp","href":"https:\/\/api.w.org\/{rel}","templated":true}]}}