{"id":207,"date":"2018-09-24T12:12:15","date_gmt":"2018-09-24T15:12:15","guid":{"rendered":"http:\/\/uenf.br\/posgraduacao\/engenharia-exploracao-de-petroleo\/?page_id=207"},"modified":"2025-06-17T16:23:47","modified_gmt":"2025-06-17T19:23:47","slug":"solicitacoes-a-secacad-pos-uenf","status":"publish","type":"page","link":"https:\/\/uenf.br\/posgraduacao\/engenharia-exploracao-de-petroleo\/formularios\/solicitacoes-a-secacad-pos-uenf\/","title":{"rendered":"Sistema Acad\u00eamico"},"content":{"rendered":"<p>Solicita\u00e7\u00f5es de declara\u00e7\u00f5es, hist\u00f3ricos e extratos escolares, certificados de conclus\u00e3o de curso, confec\u00e7\u00e3o e emiss\u00e3o de\u00a0diplomas, lan\u00e7amento de notas e conceitos,\u00a0inscri\u00e7\u00f5es no ENADE,\u00a0editais de transfer\u00eancia, isen\u00e7\u00e3o de disciplinas; equival\u00eancia curricular, etc.<\/p>\n<p>Maiores Informa\u00e7\u00f5es:<\/p>\n<p><strong>SECACAD\/UENF<\/strong><\/p>\n<p><strong>E-mail: <a href=\"posgraduacao@uenf.br\"><span style=\"color: #0000ff\">posgraduacao@uenf.br<\/span><\/a><\/strong><\/p>\n<p><a href=\"http:\/\/uenf.br\/reitoria\/secacad\/\"><strong>http:\/\/uenf.br\/reitoria\/secacad\/<\/strong><\/a><\/p>\n","protected":false},"excerpt":{"rendered":"<p>Solicita\u00e7\u00f5es de declara\u00e7\u00f5es, hist\u00f3ricos e extratos escolares, certificados de conclus\u00e3o de curso, confec\u00e7\u00e3o e emiss\u00e3o de\u00a0diplomas, lan\u00e7amento de notas e&#8230;<\/p>\n","protected":false},"author":35,"featured_media":0,"parent":44,"menu_order":7,"comment_status":"closed","ping_status":"closed","template":"","meta":{"footnotes":""},"class_list":["post-207","page","type-page","status-publish","hentry"],"_links":{"self":[{"href":"https:\/\/uenf.br\/posgraduacao\/engenharia-exploracao-de-petroleo\/wp-json\/wp\/v2\/pages\/207","targetHints":{"allow":["GET"]}}],"collection":[{"href":"https:\/\/uenf.br\/posgraduacao\/engenharia-exploracao-de-petroleo\/wp-json\/wp\/v2\/pages"}],"about":[{"href":"https:\/\/uenf.br\/posgraduacao\/engenharia-exploracao-de-petroleo\/wp-json\/wp\/v2\/types\/page"}],"author":[{"embeddable":true,"href":"https:\/\/uenf.br\/posgraduacao\/engenharia-exploracao-de-petroleo\/wp-json\/wp\/v2\/users\/35"}],"replies":[{"embeddable":true,"href":"https:\/\/uenf.br\/posgraduacao\/engenharia-exploracao-de-petroleo\/wp-json\/wp\/v2\/comments?post=207"}],"version-history":[{"count":0,"href":"https:\/\/uenf.br\/posgraduacao\/engenharia-exploracao-de-petroleo\/wp-json\/wp\/v2\/pages\/207\/revisions"}],"up":[{"embeddable":true,"href":"https:\/\/uenf.br\/posgraduacao\/engenharia-exploracao-de-petroleo\/wp-json\/wp\/v2\/pages\/44"}],"wp:attachment":[{"href":"https:\/\/uenf.br\/posgraduacao\/engenharia-exploracao-de-petroleo\/wp-json\/wp\/v2\/media?parent=207"}],"curies":[{"name":"wp","href":"https:\/\/api.w.org\/{rel}","templated":true}]}}