{"id":22,"date":"2018-06-21T07:42:00","date_gmt":"2018-06-21T10:42:00","guid":{"rendered":"http:\/\/uenf.br\/posgraduacao\/engenharia-exploracao-de-petroleo\/?page_id=22"},"modified":"2026-02-19T15:53:51","modified_gmt":"2026-02-19T18:53:51","slug":"area-de-concentracao-linhas-de-pesquisa","status":"publish","type":"page","link":"https:\/\/uenf.br\/posgraduacao\/engenharia-exploracao-de-petroleo\/programa\/area-de-concentracao-linhas-de-pesquisa\/","title":{"rendered":"Linhas de Pesquisa"},"content":{"rendered":"<h2><\/h2>\n<h2>\u00c1rea de Concentra\u00e7\u00e3o<\/h2>\n<p>Engenharia de Explora\u00e7\u00e3o e Produ\u00e7\u00e3o de Petr\u00f3leo<\/p>\n<h2>Linhas de Pesquisas<\/h2>\n<div>\n<ul>\n<li>Engenharia de Po\u00e7o e de Reservat\u00f3rio<\/li>\n<li>Geologia e Geoqu\u00edmica de Petr\u00f3leo<\/li>\n<li>Modelagem Integrada de Reservat\u00f3rio<\/li>\n<li>Modelagem Matem\u00e1tica e Computacional<\/li>\n<\/ul>\n<\/div>\n","protected":false},"excerpt":{"rendered":"<p>\u00c1rea de Concentra\u00e7\u00e3o Engenharia de Explora\u00e7\u00e3o e Produ\u00e7\u00e3o de Petr\u00f3leo Linhas de Pesquisas Engenharia de Po\u00e7o e de Reservat\u00f3rio Geologia&#8230;<\/p>\n","protected":false},"author":35,"featured_media":0,"parent":1609,"menu_order":5,"comment_status":"closed","ping_status":"closed","template":"","meta":{"footnotes":""},"class_list":["post-22","page","type-page","status-publish","hentry"],"_links":{"self":[{"href":"https:\/\/uenf.br\/posgraduacao\/engenharia-exploracao-de-petroleo\/wp-json\/wp\/v2\/pages\/22","targetHints":{"allow":["GET"]}}],"collection":[{"href":"https:\/\/uenf.br\/posgraduacao\/engenharia-exploracao-de-petroleo\/wp-json\/wp\/v2\/pages"}],"about":[{"href":"https:\/\/uenf.br\/posgraduacao\/engenharia-exploracao-de-petroleo\/wp-json\/wp\/v2\/types\/page"}],"author":[{"embeddable":true,"href":"https:\/\/uenf.br\/posgraduacao\/engenharia-exploracao-de-petroleo\/wp-json\/wp\/v2\/users\/35"}],"replies":[{"embeddable":true,"href":"https:\/\/uenf.br\/posgraduacao\/engenharia-exploracao-de-petroleo\/wp-json\/wp\/v2\/comments?post=22"}],"version-history":[{"count":0,"href":"https:\/\/uenf.br\/posgraduacao\/engenharia-exploracao-de-petroleo\/wp-json\/wp\/v2\/pages\/22\/revisions"}],"up":[{"embeddable":true,"href":"https:\/\/uenf.br\/posgraduacao\/engenharia-exploracao-de-petroleo\/wp-json\/wp\/v2\/pages\/1609"}],"wp:attachment":[{"href":"https:\/\/uenf.br\/posgraduacao\/engenharia-exploracao-de-petroleo\/wp-json\/wp\/v2\/media?parent=22"}],"curies":[{"name":"wp","href":"https:\/\/api.w.org\/{rel}","templated":true}]}}