{"id":227,"date":"2018-09-26T10:50:13","date_gmt":"2018-09-26T13:50:13","guid":{"rendered":"http:\/\/uenf.br\/posgraduacao\/engenharia-exploracao-de-petroleo\/?page_id=227"},"modified":"2025-11-04T13:39:19","modified_gmt":"2025-11-04T16:39:19","slug":"historico-de-coordenacoes","status":"publish","type":"page","link":"https:\/\/uenf.br\/posgraduacao\/engenharia-exploracao-de-petroleo\/apresentacao\/historia\/historico-de-coordenacoes\/","title":{"rendered":"Hist\u00f3rico de Coordena\u00e7\u00f5es"},"content":{"rendered":"<p><strong>Coordenadores do Programa<\/strong><br \/>\n<strong>Prof.<\/strong> H\u00c9LIO J. P. SEVERIANO RIBEIRO<\/p>\n<p>1a Gest\u00e3o: 06\/1999 a 06\/2001<br \/>\n2a Gest\u00e3o: 06\/2001 a 06\/2003<br \/>\n3a Gest\u00e3o: 06\/2003 a 06\/2005<br \/>\n4a Gest\u00e3o: 06\/2005 a 06\/2008<\/p>\n<hr \/>\n<p><strong>Prof.<\/strong> FERNANDO S\u00c9RGIO DE MORAES<\/p>\n<p>1a Gest\u00e3o: 06\/2009 a 06\/2011<\/p>\n<hr \/>\n<p><strong>Profa.<\/strong> ROSEANE MARCHEZI MISS\u00c1GIA<\/p>\n<p>1a Gest\u00e3o: 07\/2011 a 07\/2013<br \/>\n2a Gest\u00e3o: 07\/2013 a 07\/2015<br \/>\n3a Gest\u00e3o: 07\/2015 a 07\/2017<\/p>\n<hr \/>\n<p><strong>Prof.<\/strong> VIATCHESLAV IVANOVICH PRIIMENKO<\/p>\n<p>1a Gest\u00e3o: 07\/2017 a 07\/2019<\/p>\n<hr \/>\n<p><strong>Profa.<\/strong> GEORGIANA FEITOSA DA CRUZ<\/p>\n<p>1a Gest\u00e3o: 07\/2019 a 07\/2021<\/p>\n<hr \/>\n<p><strong>Prof.<\/strong> FERNANDO DIOGO DE SIQUEIRA<\/p>\n<p>1a Gest\u00e3o: 07\/2021 &#8211; 10\/2023<\/p>\n<hr \/>\n<p><strong>Profa.<\/strong>\u00a0ELIANE SOARES DE SOUZA<\/p>\n<p>1a Gest\u00e3o: 11\/2023 &#8211; 07\/2025<\/p>\n<hr \/>\n<p><strong>Prof.<\/strong> CARLOS ENRIQUE PICO ORTIZ<\/p>\n<p>1a Gest\u00e3o: 07\/2025 &#8211; ATUAL<\/p>\n","protected":false},"excerpt":{"rendered":"<p>Coordenadores do Programa Prof. H\u00c9LIO J. P. SEVERIANO RIBEIRO 1a Gest\u00e3o: 06\/1999 a 06\/2001 2a Gest\u00e3o: 06\/2001 a 06\/2003 3a&#8230;<\/p>\n","protected":false},"author":35,"featured_media":0,"parent":1650,"menu_order":1,"comment_status":"closed","ping_status":"closed","template":"","meta":{"footnotes":""},"class_list":["post-227","page","type-page","status-publish","hentry"],"_links":{"self":[{"href":"https:\/\/uenf.br\/posgraduacao\/engenharia-exploracao-de-petroleo\/wp-json\/wp\/v2\/pages\/227","targetHints":{"allow":["GET"]}}],"collection":[{"href":"https:\/\/uenf.br\/posgraduacao\/engenharia-exploracao-de-petroleo\/wp-json\/wp\/v2\/pages"}],"about":[{"href":"https:\/\/uenf.br\/posgraduacao\/engenharia-exploracao-de-petroleo\/wp-json\/wp\/v2\/types\/page"}],"author":[{"embeddable":true,"href":"https:\/\/uenf.br\/posgraduacao\/engenharia-exploracao-de-petroleo\/wp-json\/wp\/v2\/users\/35"}],"replies":[{"embeddable":true,"href":"https:\/\/uenf.br\/posgraduacao\/engenharia-exploracao-de-petroleo\/wp-json\/wp\/v2\/comments?post=227"}],"version-history":[{"count":0,"href":"https:\/\/uenf.br\/posgraduacao\/engenharia-exploracao-de-petroleo\/wp-json\/wp\/v2\/pages\/227\/revisions"}],"up":[{"embeddable":true,"href":"https:\/\/uenf.br\/posgraduacao\/engenharia-exploracao-de-petroleo\/wp-json\/wp\/v2\/pages\/1650"}],"wp:attachment":[{"href":"https:\/\/uenf.br\/posgraduacao\/engenharia-exploracao-de-petroleo\/wp-json\/wp\/v2\/media?parent=227"}],"curies":[{"name":"wp","href":"https:\/\/api.w.org\/{rel}","templated":true}]}}