{"id":2420,"date":"2025-12-16T17:14:07","date_gmt":"2025-12-16T20:14:07","guid":{"rendered":"https:\/\/uenf.br\/posgraduacao\/engenharia-exploracao-de-petroleo\/?page_id=2420"},"modified":"2026-03-24T10:28:24","modified_gmt":"2026-03-24T13:28:24","slug":"oportunidades-para-alunos-do-ppgere","status":"publish","type":"page","link":"https:\/\/uenf.br\/posgraduacao\/engenharia-exploracao-de-petroleo\/apresentacao\/internacionalizacao\/oportunidades-para-alunos-do-ppgere\/","title":{"rendered":"Oportunidades para Alunos do PPGERE &#8211; PDSE &#8211; 2025"},"content":{"rendered":"<p><b>SELE\u00c7\u00c3O DE CANDIDATOS PARA BOLSA DE DOUTORADO SANDU\u00cdCHE NO EXTERIOR<br \/>\nEDITAL DE SELE\u00c7\u00c3O PDSE\/CAPES N\u00ba 17\/2025 E PDSE- PPGERE N\u00ba 01\/2025<\/b><\/p>\n<p>O Programa de Doutorado Sandu\u00edche no Exterior \u2013 PDSE \u2013 objetiva oferecer bolsas de est\u00e1gio em pesquisa de doutorado no exterior de forma a complementar os esfor\u00e7os dos programas de p\u00f3s-gradua\u00e7\u00e3o no Brasil, na forma\u00e7\u00e3o de recursos humanos de alto n\u00edvel para inser\u00e7\u00e3o nos meios acad\u00eamico, de ensino e de pesquisa no pa\u00eds.<\/p>\n<p>Para maiores informa\u00e7\u00f5es, clique nos links abaixo.<\/p>\n<p><a href=\"http:\/\/uenf.br\/posgraduacao\/engenharia-exploracao-de-petroleo\/wp-content\/uploads\/sites\/15\/2025\/12\/Edital-PPGERE-PDSE-2026-1.pdf\">Edital de Sele\u00e7\u00e3o PDSE\/CAPES<\/a><\/p>\n<p><a href=\"http:\/\/uenf.br\/posgraduacao\/engenharia-exploracao-de-petroleo\/wp-content\/uploads\/sites\/15\/2026\/01\/Edital_PDSE_-_PPGERE_2026-1_-_PRORROGACAO_DE_INSCRICOES_assinado.pdf\">Prorroga\u00e7\u00e3o das Inscri\u00e7\u00f5es<\/a><\/p>\n<p><a href=\"http:\/\/uenf.br\/posgraduacao\/engenharia-exploracao-de-petroleo\/wp-content\/uploads\/sites\/15\/2026\/01\/resultado-PDSE-2025.pdf\">Inscri\u00e7\u00f5es Homologadas<\/a><\/p>\n<p><a href=\"http:\/\/uenf.br\/posgraduacao\/engenharia-exploracao-de-petroleo\/wp-content\/uploads\/sites\/15\/2026\/01\/Edital_PPGERE_-_PDSE_-_CAPES_-_2025-2026-2A_Chamada_-_Ata_de_Resultado_PRELIMINAR_assinado.pdf\">Ata de Resultado Preliminar<\/a><\/p>\n<p><strong><a href=\"http:\/\/uenf.br\/posgraduacao\/engenharia-exploracao-de-petroleo\/wp-content\/uploads\/sites\/15\/2026\/02\/Edital_PPGERE_-_PDSE_-_CAPES_-_25-26-2_Chamada_-_Ata_de_Resultado_FINAL_assinado.pdf\">ATA DE RESULTADO FINAL<\/a><\/strong><\/p>\n","protected":false},"excerpt":{"rendered":"<p>SELE\u00c7\u00c3O DE CANDIDATOS PARA BOLSA DE DOUTORADO SANDU\u00cdCHE NO EXTERIOR EDITAL DE SELE\u00c7\u00c3O PDSE\/CAPES N\u00ba 17\/2025 E PDSE- PPGERE N\u00ba&#8230;<\/p>\n","protected":false},"author":62,"featured_media":0,"parent":1637,"menu_order":2,"comment_status":"closed","ping_status":"closed","template":"","meta":{"footnotes":""},"class_list":["post-2420","page","type-page","status-publish","hentry"],"_links":{"self":[{"href":"https:\/\/uenf.br\/posgraduacao\/engenharia-exploracao-de-petroleo\/wp-json\/wp\/v2\/pages\/2420","targetHints":{"allow":["GET"]}}],"collection":[{"href":"https:\/\/uenf.br\/posgraduacao\/engenharia-exploracao-de-petroleo\/wp-json\/wp\/v2\/pages"}],"about":[{"href":"https:\/\/uenf.br\/posgraduacao\/engenharia-exploracao-de-petroleo\/wp-json\/wp\/v2\/types\/page"}],"author":[{"embeddable":true,"href":"https:\/\/uenf.br\/posgraduacao\/engenharia-exploracao-de-petroleo\/wp-json\/wp\/v2\/users\/62"}],"replies":[{"embeddable":true,"href":"https:\/\/uenf.br\/posgraduacao\/engenharia-exploracao-de-petroleo\/wp-json\/wp\/v2\/comments?post=2420"}],"version-history":[{"count":0,"href":"https:\/\/uenf.br\/posgraduacao\/engenharia-exploracao-de-petroleo\/wp-json\/wp\/v2\/pages\/2420\/revisions"}],"up":[{"embeddable":true,"href":"https:\/\/uenf.br\/posgraduacao\/engenharia-exploracao-de-petroleo\/wp-json\/wp\/v2\/pages\/1637"}],"wp:attachment":[{"href":"https:\/\/uenf.br\/posgraduacao\/engenharia-exploracao-de-petroleo\/wp-json\/wp\/v2\/media?parent=2420"}],"curies":[{"name":"wp","href":"https:\/\/api.w.org\/{rel}","templated":true}]}}