{"id":2505,"date":"2026-02-19T15:50:30","date_gmt":"2026-02-19T18:50:30","guid":{"rendered":"https:\/\/uenf.br\/posgraduacao\/engenharia-exploracao-de-petroleo\/?page_id=2505"},"modified":"2026-03-24T10:24:45","modified_gmt":"2026-03-24T13:24:45","slug":"disciplinas","status":"publish","type":"page","link":"https:\/\/uenf.br\/posgraduacao\/engenharia-exploracao-de-petroleo\/programa\/disciplinas\/","title":{"rendered":"Disciplinas"},"content":{"rendered":"<p>&nbsp;<\/p>\n<table dir=\"ltr\" style=\"height: 720px\" border=\"1\" width=\"1122\" cellspacing=\"0\" cellpadding=\"0\" data-sheets-root=\"1\" data-sheets-baot=\"1\">\n<colgroup>\n<col width=\"100\" \/>\n<col width=\"228\" \/>\n<col width=\"100\" \/>\n<col width=\"100\" \/>\n<col width=\"100\" \/><\/colgroup>\n<tbody>\n<tr>\n<td style=\"text-align: center\" colspan=\"5\" rowspan=\"1\">\n<h6><\/h6>\n<p><strong>DISCIPLINAS OBRIGAT\u00d3RIAS<\/strong><\/p>\n<h6><\/h6>\n<\/td>\n<\/tr>\n<tr>\n<td style=\"text-align: center\"><strong>C\u00f3digo<\/strong><\/td>\n<td style=\"text-align: center\"><strong>Nome<\/strong><\/td>\n<td style=\"text-align: center\"><strong>Carga Hor\u00e1ria<\/strong><\/td>\n<td style=\"text-align: center\"><strong>N\u00ba de Cr\u00e9ditos<\/strong><\/td>\n<td style=\"text-align: center\"><strong>Observa\u00e7\u00f5es<\/strong><\/td>\n<\/tr>\n<tr>\n<td style=\"text-align: center\">&nbsp;<\/p>\n<p>ERE1603<\/td>\n<td style=\"text-align: center\">&nbsp;<\/p>\n<p>Princ\u00edpios de Geof\u00edsica Aplicada<\/td>\n<td style=\"text-align: center\">&nbsp;<\/p>\n<p>30h<\/td>\n<td style=\"text-align: center\">&nbsp;<\/p>\n<p>2<\/td>\n<td style=\"text-align: center\"><\/td>\n<\/tr>\n<tr>\n<td style=\"text-align: center\">&nbsp;<\/p>\n<p>ERE1644<\/td>\n<td style=\"text-align: center\">&nbsp;<\/p>\n<p>Princ\u00edpios de Engenharia de Petr\u00f3leo<\/td>\n<td style=\"text-align: center\">&nbsp;<\/p>\n<p>30h<\/td>\n<td style=\"text-align: center\">&nbsp;<\/p>\n<p>2<\/td>\n<td><\/td>\n<\/tr>\n<tr>\n<td style=\"text-align: center\">&nbsp;<\/p>\n<p>ERE1722<\/td>\n<td style=\"text-align: center\">&nbsp;<\/p>\n<p>Fundamentos de Geologia do Petr\u00f3leo<\/td>\n<td style=\"text-align: center\">&nbsp;<\/p>\n<p>30h<\/td>\n<td style=\"text-align: center\">&nbsp;<\/p>\n<p>2<\/td>\n<td><\/td>\n<\/tr>\n<tr>\n<td style=\"text-align: center\">ERE1824<\/td>\n<td style=\"text-align: center\">Geoqu\u00edmica Org\u00e2nica<\/td>\n<td style=\"text-align: center\">60h<\/td>\n<td style=\"text-align: center\">4<\/td>\n<td>&nbsp;<\/p>\n<p>Obrigat\u00f3ria somente para alunos da linha de pesquisa GGP<\/td>\n<\/tr>\n<tr>\n<td style=\"text-align: center\">ERE1784<\/td>\n<td style=\"text-align: center\">Pesquisa Orientada<\/td>\n<td style=\"text-align: center\">45h<\/td>\n<td style=\"text-align: center\">3<\/td>\n<td>&nbsp;<\/p>\n<p>Somente a partir do 2\u00ba per\u00edodo<\/td>\n<\/tr>\n<tr>\n<td style=\"text-align: center\">&nbsp;<\/p>\n<p>ERE1785<\/td>\n<td style=\"text-align: center\">&nbsp;<\/p>\n<p>Semin\u00e1rios I<\/td>\n<td style=\"text-align: center\">&nbsp;<\/p>\n<p>15h<\/td>\n<td style=\"text-align: center\">&nbsp;<\/p>\n<p>1<\/td>\n<td><\/td>\n<\/tr>\n<tr>\n<td style=\"text-align: center\">&nbsp;<\/p>\n<p>ERE1786<\/td>\n<td style=\"text-align: center\">&nbsp;<\/p>\n<p>Semin\u00e1rios II<\/td>\n<td style=\"text-align: center\">&nbsp;<\/p>\n<p>15h<\/td>\n<td style=\"text-align: center\">&nbsp;<\/p>\n<p>1<\/td>\n<td><\/td>\n<\/tr>\n<tr>\n<td style=\"text-align: center\">&nbsp;<\/p>\n<p>ERE1787<\/td>\n<td style=\"text-align: center\">&nbsp;<\/p>\n<p>Semin\u00e1rios III<\/td>\n<td style=\"text-align: center\">&nbsp;<\/p>\n<p>15h<\/td>\n<td style=\"text-align: center\">&nbsp;<\/p>\n<p>1<\/td>\n<td colspan=\"1\" rowspan=\"2\">&nbsp;<\/p>\n<p>Obrigat\u00f3rias somente para doutorandos<\/p>\n<p>&nbsp;<\/p>\n<p>Obrigat\u00f3rias somente para doutorandos<\/td>\n<\/tr>\n<tr>\n<td style=\"text-align: center\">&nbsp;<\/p>\n<p>ERE1788<\/td>\n<td style=\"text-align: center\">&nbsp;<\/p>\n<p>Semin\u00e1rios IV<\/td>\n<td style=\"text-align: center\">&nbsp;<\/p>\n<p>15h<\/td>\n<td style=\"text-align: center\">&nbsp;<\/p>\n<p>1<\/td>\n<\/tr>\n<tr>\n<td style=\"text-align: center\">&nbsp;<\/p>\n<p>ERE1864<\/td>\n<td style=\"text-align: center\">&nbsp;<\/p>\n<p>Est\u00e1gio de Doc\u00eancia I<\/td>\n<td style=\"text-align: center\">45h<\/td>\n<td style=\"text-align: center\">3<\/td>\n<td colspan=\"1\" rowspan=\"2\">&nbsp;<\/p>\n<p>Obrigat\u00f3ria somente para alunos de doutorado com bolsa CAPES<\/p>\n<p>&nbsp;<\/p>\n<p>Obrigat\u00f3ria somente para alunos de doutorado com bolsa CAPES<\/td>\n<\/tr>\n<tr>\n<td style=\"text-align: center\">&nbsp;<\/p>\n<p>ERE1865<\/td>\n<td style=\"text-align: center\">&nbsp;<\/p>\n<p>Est\u00e1gio de Doc\u00eancia II<\/td>\n<td style=\"text-align: center\">&nbsp;<\/p>\n<p>30h<\/td>\n<td style=\"text-align: center\">&nbsp;<\/p>\n<p>2<\/td>\n<\/tr>\n<\/tbody>\n<\/table>\n<p>&nbsp;<\/p>\n<table dir=\"ltr\" style=\"height: 1298px\" border=\"1\" width=\"1121\" cellspacing=\"0\" cellpadding=\"0\" data-sheets-root=\"1\" data-sheets-baot=\"1\">\n<colgroup>\n<col width=\"100\" \/>\n<col width=\"228\" \/>\n<col width=\"100\" \/>\n<col width=\"100\" \/><\/colgroup>\n<tbody>\n<tr>\n<td style=\"text-align: center\" colspan=\"4\" rowspan=\"1\">&nbsp;<\/p>\n<p><strong>DISCIPLINAS OPTATIVAS<\/strong><\/p>\n<p>&nbsp;<\/td>\n<\/tr>\n<tr>\n<td style=\"text-align: center\"><strong>C\u00f3digo<\/strong><\/td>\n<td style=\"text-align: center\"><strong>Nome<\/strong><\/td>\n<td style=\"text-align: center\"><strong>Carga Hor\u00e1ria<\/strong><\/td>\n<td style=\"text-align: center\"><strong>N\u00ba de Cr\u00e9ditos<\/strong><\/td>\n<\/tr>\n<tr>\n<td style=\"text-align: center\">&nbsp;<\/p>\n<p>ERE1602<\/td>\n<td style=\"text-align: center\">&nbsp;<\/p>\n<p>Hidrodin\u00e2mica dos Meios Porosos e Fraturados<\/td>\n<td style=\"text-align: center\">&nbsp;<\/p>\n<p>45h<\/td>\n<td style=\"text-align: center\">&nbsp;<\/p>\n<p>3<\/td>\n<\/tr>\n<tr>\n<td style=\"text-align: center\">&nbsp;<\/p>\n<p>ERE1681<\/td>\n<td style=\"text-align: center\">&nbsp;<\/p>\n<p>T\u00f3picos em Explora\u00e7\u00e3o de Hidrocarbonetos- \u00canfase: Geoqu\u00edmica de Reservat\u00f3rios<\/td>\n<td style=\"text-align: center\">&nbsp;<\/p>\n<p>60h<\/td>\n<td style=\"text-align: center\">&nbsp;<\/p>\n<p>4<\/td>\n<\/tr>\n<tr>\n<td style=\"text-align: center\">&nbsp;<\/p>\n<p>ERE1689<\/td>\n<td style=\"text-align: center\">T.E.E.P.:\u00canfase-Geof\u00edsica de Reservat\u00f3rio<\/td>\n<td style=\"text-align: center\">60h<\/td>\n<td style=\"text-align: center\">4<\/td>\n<\/tr>\n<tr>\n<td style=\"text-align: center\">ERE1702<\/td>\n<td style=\"text-align: center\">&nbsp;<\/p>\n<p>M\u00e9todos S\u00edsmicos<\/td>\n<td style=\"text-align: center\">&nbsp;<\/p>\n<p>90h<\/td>\n<td style=\"text-align: center\">&nbsp;<\/p>\n<p>6<\/td>\n<\/tr>\n<tr>\n<td style=\"text-align: center\">&nbsp;<\/p>\n<p>ERE1705<\/td>\n<td style=\"text-align: center\">&nbsp;<\/p>\n<p>Perfilagem Geof\u00edsica de Po\u00e7os<\/td>\n<td style=\"text-align: center\">&nbsp;<\/p>\n<p>75h<\/td>\n<td style=\"text-align: center\">&nbsp;<\/p>\n<p>5<\/td>\n<\/tr>\n<tr>\n<td style=\"text-align: center\">&nbsp;<\/p>\n<p>ERE1708<\/td>\n<td style=\"text-align: center\">&nbsp;<\/p>\n<p>Recupera\u00e7\u00e3o Avan\u00e7ada de Petr\u00f3leo<\/td>\n<td style=\"text-align: center\">&nbsp;<\/p>\n<p>45h<\/td>\n<td style=\"text-align: center\">&nbsp;<\/p>\n<p>3<\/td>\n<\/tr>\n<tr>\n<td style=\"text-align: center\">&nbsp;<\/p>\n<p>ERE1709<\/td>\n<td style=\"text-align: center\">&nbsp;<\/p>\n<p>An\u00e1lise e Processamento de Imagens I<\/td>\n<td style=\"text-align: center\">&nbsp;<\/p>\n<p>75h<\/td>\n<td style=\"text-align: center\">&nbsp;<\/p>\n<p>5<\/td>\n<\/tr>\n<tr>\n<td style=\"text-align: center\">&nbsp;<\/p>\n<p>ERE1712<\/td>\n<td style=\"text-align: center\">&nbsp;<\/p>\n<p>Teoria de Infer\u00eancia Bayesiana Aplicada<\/td>\n<td style=\"text-align: center\">&nbsp;<\/p>\n<p>75h<\/td>\n<td style=\"text-align: center\">&nbsp;<\/p>\n<p>5<\/td>\n<\/tr>\n<tr>\n<td style=\"text-align: center\">&nbsp;<\/p>\n<p>ERE1732<\/td>\n<td style=\"text-align: center\">&nbsp;<\/p>\n<p>Desenvolvimento de Software Orientado a Objetos em C++<\/td>\n<td style=\"text-align: center\">&nbsp;<\/p>\n<p>75h<\/td>\n<td style=\"text-align: center\">&nbsp;<\/p>\n<p>5<\/td>\n<\/tr>\n<tr>\n<td style=\"text-align: center\">&nbsp;<\/p>\n<p>ERE1733<\/td>\n<td style=\"text-align: center\">&nbsp;<\/p>\n<p>Mec\u00e2nica dos Fluidos<\/td>\n<td style=\"text-align: center\">&nbsp;<\/p>\n<p>45h<\/td>\n<td style=\"text-align: center\">&nbsp;<\/p>\n<p>3<\/td>\n<\/tr>\n<tr>\n<td style=\"text-align: center\">&nbsp;<\/p>\n<p>ERE1735<\/td>\n<td style=\"text-align: center\">&nbsp;<\/p>\n<p>M\u00e9todos Anal\u00edticos e Instrumentais para Caracteriza\u00e7\u00e3o de Petr\u00f3leo<\/td>\n<td style=\"text-align: center\">&nbsp;<\/p>\n<p>45h<\/td>\n<td style=\"text-align: center\">&nbsp;<\/p>\n<p>3<\/td>\n<\/tr>\n<tr>\n<td style=\"text-align: center\">&nbsp;<\/p>\n<p>ERE1738<\/td>\n<td style=\"text-align: center\">&nbsp;<\/p>\n<p>Petrof\u00edsica Experimental<\/td>\n<td style=\"text-align: center\">&nbsp;<\/p>\n<p>30h<\/td>\n<td style=\"text-align: center\">&nbsp;<\/p>\n<p>2<\/td>\n<\/tr>\n<tr>\n<td style=\"text-align: center\">&nbsp;<\/p>\n<p>ERE1761<\/td>\n<td style=\"text-align: center\">&nbsp;<\/p>\n<p>Petrof\u00edsica<\/td>\n<td style=\"text-align: center\">&nbsp;<\/p>\n<p>45h<\/td>\n<td style=\"text-align: center\">&nbsp;<\/p>\n<p>3<\/td>\n<\/tr>\n<tr>\n<td style=\"text-align: center\">&nbsp;<\/p>\n<p>ERE1789<\/td>\n<td style=\"text-align: center\">&nbsp;<\/p>\n<p>Fundamentos de Mineralogia Aplicados ao Sistema de Gera\u00e7\u00e3o de Hidrog\u00eanio Natural<\/td>\n<td style=\"text-align: center\">&nbsp;<\/p>\n<p>45h<\/td>\n<td style=\"text-align: center\">&nbsp;<\/p>\n<p>3<\/td>\n<\/tr>\n<tr>\n<td style=\"text-align: center\">&nbsp;<\/p>\n<p>ERE1801<\/td>\n<td style=\"text-align: center\">&nbsp;<\/p>\n<p>Teoria da Invers\u00e3o<\/td>\n<td style=\"text-align: center\">&nbsp;<\/p>\n<p>75h<\/td>\n<td style=\"text-align: center\">&nbsp;<\/p>\n<p>5<\/td>\n<\/tr>\n<tr>\n<td style=\"text-align: center\">&nbsp;<\/p>\n<p>ERE1841<\/td>\n<td style=\"text-align: center\">&nbsp;<\/p>\n<p>Simula\u00e7\u00e3o de Reservat\u00f3rios<\/td>\n<td style=\"text-align: center\">&nbsp;<\/p>\n<p>45h<\/td>\n<td style=\"text-align: center\">&nbsp;<\/p>\n<p>3<\/td>\n<\/tr>\n<tr>\n<td style=\"text-align: center\">&nbsp;<\/p>\n<p>ERE1843<\/td>\n<td style=\"text-align: center\">&nbsp;<\/p>\n<p>Introdu\u00e7\u00e3o \u00e0 Termodin\u00e2mica<\/td>\n<td style=\"text-align: center\">&nbsp;<\/p>\n<p>45h<\/td>\n<td style=\"text-align: center\">&nbsp;<\/p>\n<p>3<\/td>\n<\/tr>\n<tr>\n<td style=\"text-align: center\">&nbsp;<\/p>\n<p>ERE1846<\/td>\n<td style=\"text-align: center\">&nbsp;<\/p>\n<p>Princ\u00edpios de Petrof\u00edsica Matem\u00e1tica<\/td>\n<td style=\"text-align: center\">&nbsp;<\/p>\n<p>60h<\/td>\n<td style=\"text-align: center\">&nbsp;<\/p>\n<p>4<\/td>\n<\/tr>\n<tr>\n<td style=\"text-align: center\">&nbsp;<\/p>\n<p>ERE1847<\/td>\n<td style=\"text-align: center\">&nbsp;<\/p>\n<p>T\u00f3picos Especiais em F\u00edsica de Rochas<\/td>\n<td style=\"text-align: center\">&nbsp;<\/p>\n<p>45h<\/td>\n<td style=\"text-align: center\">&nbsp;<\/p>\n<p>3<\/td>\n<\/tr>\n<tr>\n<td style=\"text-align: center\">&nbsp;<\/p>\n<p>ERE1870<\/td>\n<td style=\"text-align: center\">&nbsp;<\/p>\n<p>T\u00f3picos Especiais em F\u00edsica de Rochas II<\/td>\n<td style=\"text-align: center\">&nbsp;<\/p>\n<p>45h<\/td>\n<td style=\"text-align: center\">&nbsp;<\/p>\n<p>3<\/td>\n<\/tr>\n<tr>\n<td style=\"text-align: center\">&nbsp;<\/p>\n<p>ERE1872<\/td>\n<td style=\"text-align: center\">&nbsp;<\/p>\n<p>T\u00e9cnicas Anal\u00edticas de Fluoresc\u00eancia (Frx) e Difra\u00e7\u00e3o de Raios X (Drx) em Reservat\u00f3rios de Petr\u00f3leo<\/td>\n<td style=\"text-align: center\">&nbsp;<\/p>\n<p>45h<\/td>\n<td style=\"text-align: center\">&nbsp;<\/p>\n<p>3<\/td>\n<\/tr>\n<tr>\n<td style=\"text-align: center\">&nbsp;<\/p>\n<p>ERE1873<\/td>\n<td style=\"text-align: center\">&nbsp;<\/p>\n<p>M\u00e9todos Matem\u00e1ticos em Geof\u00edsica de Reservat\u00f3rio: Equa\u00e7\u00f5es Diferenciais Parciais Hiperb\u00f3licas e El\u00edpticas<\/td>\n<td style=\"text-align: center\">&nbsp;<\/p>\n<p>30h<\/td>\n<td style=\"text-align: center\">&nbsp;<\/p>\n<p>2<\/td>\n<\/tr>\n<tr>\n<td style=\"text-align: center\">&nbsp;<\/p>\n<p>ERE1874<\/td>\n<td style=\"text-align: center\">&nbsp;<\/p>\n<p>M\u00e9todos Matem\u00e1ticos em Engenharia de Petr\u00f3leo: Equa\u00e7\u00f5es Diferenciais Parciais Parab\u00f3licas e Processos Difusivos<\/td>\n<td style=\"text-align: center\">&nbsp;<\/p>\n<p>30h<\/td>\n<td style=\"text-align: center\">&nbsp;<\/p>\n<p>2<\/td>\n<\/tr>\n<tr>\n<td style=\"text-align: center\">&nbsp;<\/p>\n<p>ERE1875<\/td>\n<td style=\"text-align: center\">&nbsp;<\/p>\n<p>Geoqu\u00edmica Forense Aplicada \u00e0 Derramamentos de Petr\u00f3leo<\/td>\n<td style=\"text-align: center\">&nbsp;<\/p>\n<p>45h<\/td>\n<td style=\"text-align: center\">&nbsp;<\/p>\n<p>3<\/td>\n<\/tr>\n<\/tbody>\n<\/table>\n","protected":false},"excerpt":{"rendered":"<p>&nbsp; DISCIPLINAS OBRIGAT\u00d3RIAS C\u00f3digo Nome Carga Hor\u00e1ria N\u00ba de Cr\u00e9ditos Observa\u00e7\u00f5es &nbsp; ERE1603 &nbsp; Princ\u00edpios de Geof\u00edsica Aplicada &nbsp; 30h&#8230;<\/p>\n","protected":false},"author":62,"featured_media":0,"parent":1609,"menu_order":4,"comment_status":"closed","ping_status":"closed","template":"","meta":{"footnotes":""},"class_list":["post-2505","page","type-page","status-publish","hentry"],"_links":{"self":[{"href":"https:\/\/uenf.br\/posgraduacao\/engenharia-exploracao-de-petroleo\/wp-json\/wp\/v2\/pages\/2505","targetHints":{"allow":["GET"]}}],"collection":[{"href":"https:\/\/uenf.br\/posgraduacao\/engenharia-exploracao-de-petroleo\/wp-json\/wp\/v2\/pages"}],"about":[{"href":"https:\/\/uenf.br\/posgraduacao\/engenharia-exploracao-de-petroleo\/wp-json\/wp\/v2\/types\/page"}],"author":[{"embeddable":true,"href":"https:\/\/uenf.br\/posgraduacao\/engenharia-exploracao-de-petroleo\/wp-json\/wp\/v2\/users\/62"}],"replies":[{"embeddable":true,"href":"https:\/\/uenf.br\/posgraduacao\/engenharia-exploracao-de-petroleo\/wp-json\/wp\/v2\/comments?post=2505"}],"version-history":[{"count":0,"href":"https:\/\/uenf.br\/posgraduacao\/engenharia-exploracao-de-petroleo\/wp-json\/wp\/v2\/pages\/2505\/revisions"}],"up":[{"embeddable":true,"href":"https:\/\/uenf.br\/posgraduacao\/engenharia-exploracao-de-petroleo\/wp-json\/wp\/v2\/pages\/1609"}],"wp:attachment":[{"href":"https:\/\/uenf.br\/posgraduacao\/engenharia-exploracao-de-petroleo\/wp-json\/wp\/v2\/media?parent=2505"}],"curies":[{"name":"wp","href":"https:\/\/api.w.org\/{rel}","templated":true}]}}