{"id":2541,"date":"2026-03-13T13:24:14","date_gmt":"2026-03-13T16:24:14","guid":{"rendered":"https:\/\/uenf.br\/posgraduacao\/engenharia-exploracao-de-petroleo\/?page_id=2541"},"modified":"2026-03-19T16:42:28","modified_gmt":"2026-03-19T19:42:28","slug":"spe-distinguished-lecturer-2026-27-season","status":"publish","type":"page","link":"https:\/\/uenf.br\/posgraduacao\/engenharia-exploracao-de-petroleo\/en\/spe-distinguished-lecturer-2026-27-season\/","title":{"rendered":"SPE Distinguished Lecturer \u2013 2026-27 Season"},"content":{"rendered":"<p><a href=\"http:\/\/uenf.br\/posgraduacao\/engenharia-exploracao-de-petroleo\/wp-content\/uploads\/sites\/15\/2026\/03\/SPE-Distinguished-Lecture-LENEP-1703-1.png\" data-elementor-open-lightbox=\"yes\" data-elementor-lightbox-title=\"SPE - Distinguished Lecture - LENEP - 1703 (1)\" data-e-action-hash=\"#elementor-action%3Aaction%3Dlightbox%26settings%3DeyJpZCI6IjI1MzciLCJ1cmwiOiJodHRwOlwvXC91ZW5mLmJyXC9wb3NncmFkdWFjYW9cL2VuZ2VuaGFyaWEtZXhwbG9yYWNhby1kZS1wZXRyb2xlb1wvd3AtY29udGVudFwvdXBsb2Fkc1wvc2l0ZXNcLzE1XC8yMDI2XC8wM1wvU1BFLURpc3Rpbmd1aXNoZWQtTGVjdHVyZS1MRU5FUC0xNzAzLTEucG5nIn0%3D\"><br \/>\n<img loading=\"lazy\" decoding=\"async\" src=\"http:\/\/uenf.br\/posgraduacao\/engenharia-exploracao-de-petroleo\/wp-content\/uploads\/sites\/15\/2026\/03\/SPE-Distinguished-Lecture-LENEP-1703-1-819x1024.png\" alt=\"\" width=\"819\" height=\"1024\" \/> <\/a><\/p>\n<p><strong>SPE Distinguished Lecturer &#8211; 2026-27 Season\u00a0<\/strong><\/p>\n<p><strong>Tema:\u00a0<\/strong>Mastering Uncertainty \u2014 A Critical Skill for Petroleum Engineers in a Complex World<\/p>\n<p><strong>Data:<\/strong> 17 de mar\u00e7o<\/p>\n<p>13:30 \u00e0s 14:30 &#8211;\u00a0\u00a0Distinguished Lecture<br \/>\n14:30 \u00e0s 15:30 &#8211; palestra Guilherme Castro SPE + Cerim\u00f4nia entrega das placas se\u00e7\u00e3o e cap\u00edtulo UENF + palestra ENGEP<br \/>\n15:30 \u00e0s 16:00 &#8211; Coffee Break<\/p>\n<p><strong>Local:<\/strong> Audit\u00f3rio Multim\u00eddia &#8211; LENEP<\/p>\n<p dir=\"ltr\"><strong>Distinguished Lecture:<\/strong> Society of Petroleum Engineers<\/p>\n","protected":false},"excerpt":{"rendered":"<p>SPE Distinguished Lecturer &#8211; 2026-27 Season\u00a0 Tema:\u00a0Mastering Uncertainty \u2014 A Critical Skill for Petroleum Engineers in a Complex World Data:&#8230;<\/p>\n","protected":false},"author":62,"featured_media":0,"parent":0,"menu_order":4,"comment_status":"closed","ping_status":"closed","template":"","meta":{"footnotes":""},"class_list":["post-2541","page","type-page","status-publish","hentry"],"_links":{"self":[{"href":"https:\/\/uenf.br\/posgraduacao\/engenharia-exploracao-de-petroleo\/wp-json\/wp\/v2\/pages\/2541","targetHints":{"allow":["GET"]}}],"collection":[{"href":"https:\/\/uenf.br\/posgraduacao\/engenharia-exploracao-de-petroleo\/wp-json\/wp\/v2\/pages"}],"about":[{"href":"https:\/\/uenf.br\/posgraduacao\/engenharia-exploracao-de-petroleo\/wp-json\/wp\/v2\/types\/page"}],"author":[{"embeddable":true,"href":"https:\/\/uenf.br\/posgraduacao\/engenharia-exploracao-de-petroleo\/wp-json\/wp\/v2\/users\/62"}],"replies":[{"embeddable":true,"href":"https:\/\/uenf.br\/posgraduacao\/engenharia-exploracao-de-petroleo\/wp-json\/wp\/v2\/comments?post=2541"}],"version-history":[{"count":0,"href":"https:\/\/uenf.br\/posgraduacao\/engenharia-exploracao-de-petroleo\/wp-json\/wp\/v2\/pages\/2541\/revisions"}],"wp:attachment":[{"href":"https:\/\/uenf.br\/posgraduacao\/engenharia-exploracao-de-petroleo\/wp-json\/wp\/v2\/media?parent=2541"}],"curies":[{"name":"wp","href":"https:\/\/api.w.org\/{rel}","templated":true}]}}