{"id":2640,"date":"2026-03-24T11:06:04","date_gmt":"2026-03-24T14:06:04","guid":{"rendered":"https:\/\/uenf.br\/posgraduacao\/engenharia-exploracao-de-petroleo\/?page_id=2640"},"modified":"2026-03-24T11:09:14","modified_gmt":"2026-03-24T14:09:14","slug":"doutorado-franca-brasil","status":"publish","type":"page","link":"https:\/\/uenf.br\/posgraduacao\/engenharia-exploracao-de-petroleo\/apresentacao\/internacionalizacao\/doutorado-franca-brasil\/","title":{"rendered":"Doutorado Fran\u00e7a-Brasil"},"content":{"rendered":"\n<p><\/p>\n\n\n\n<h1 class=\"wp-block-heading has-text-align-center\">Vaga de Doutorado na Universidade  La Sorbonne em cotutela LENEP-UENF<br><\/h1>\n\n\n\n<p>&nbsp;A vaga de doutorado, com bolsa, para atuar no projeto &#8220;Modelling of Hydrogen Production and CO\u2082 Capture by Natural Amphibole Minerals&#8221; tem como objetivo simular os mecanismos de produ\u00e7\u00e3o e captura dos gases H\u2082 e CO\u2082 em anfib\u00f3lio usando m\u00e9todos atom\u00edsticos, resultados que ser\u00e3o correlacionados \u00e0s observa\u00e7\u00f5es macrosc\u00f3picas geol\u00f3gicas.<br><\/p>\n\n\n\n<p>O doutorado ser\u00e1 registrado na Universidade La Sorbonne, Paris, France, em cotutela com LENEP-UENF sob a supervis\u00e3o da Profa Dra Monica<br>Calatayud (Monaris, La Sorbonne) e profa Dra Corinne Arrouvel (LENEP-UENF\/UFRJ).<br><\/p>\n\n\n\n<p>A documenta\u00e7\u00e3o deve ser enviada at\u00e9 o dia 02 de Abril.<\/p>\n\n\n\n<p>Para maiores informa\u00e7\u00f5es sobre as inscri\u00e7\u00f5es, clique no link abaixo.<\/p>\n\n\n\n\n<p><a href=\"https:\/\/uenf.br\/posgraduacao\/engenharia-exploracao-de-petroleo\/wp-content\/uploads\/sites\/15\/2026\/03\/phDfellowship-Franca-UENF.pdf\">Informa\u00e7\u00f5es sobre as inscri\u00e7\u00f5es<\/a><\/p>\n\n\n<p><\/p>\n","protected":false},"excerpt":{"rendered":"<p>Vaga de Doutorado na Universidade La Sorbonne em cotutela LENEP-UENF &nbsp;A vaga de doutorado, com bolsa, para atuar no projeto&#8230;<\/p>\n","protected":false},"author":62,"featured_media":0,"parent":1637,"menu_order":0,"comment_status":"closed","ping_status":"closed","template":"","meta":{"footnotes":""},"class_list":["post-2640","page","type-page","status-publish","hentry"],"_links":{"self":[{"href":"https:\/\/uenf.br\/posgraduacao\/engenharia-exploracao-de-petroleo\/wp-json\/wp\/v2\/pages\/2640","targetHints":{"allow":["GET"]}}],"collection":[{"href":"https:\/\/uenf.br\/posgraduacao\/engenharia-exploracao-de-petroleo\/wp-json\/wp\/v2\/pages"}],"about":[{"href":"https:\/\/uenf.br\/posgraduacao\/engenharia-exploracao-de-petroleo\/wp-json\/wp\/v2\/types\/page"}],"author":[{"embeddable":true,"href":"https:\/\/uenf.br\/posgraduacao\/engenharia-exploracao-de-petroleo\/wp-json\/wp\/v2\/users\/62"}],"replies":[{"embeddable":true,"href":"https:\/\/uenf.br\/posgraduacao\/engenharia-exploracao-de-petroleo\/wp-json\/wp\/v2\/comments?post=2640"}],"version-history":[{"count":0,"href":"https:\/\/uenf.br\/posgraduacao\/engenharia-exploracao-de-petroleo\/wp-json\/wp\/v2\/pages\/2640\/revisions"}],"up":[{"embeddable":true,"href":"https:\/\/uenf.br\/posgraduacao\/engenharia-exploracao-de-petroleo\/wp-json\/wp\/v2\/pages\/1637"}],"wp:attachment":[{"href":"https:\/\/uenf.br\/posgraduacao\/engenharia-exploracao-de-petroleo\/wp-json\/wp\/v2\/media?parent=2640"}],"curies":[{"name":"wp","href":"https:\/\/api.w.org\/{rel}","templated":true}]}}