{"id":46,"date":"2018-06-21T07:55:15","date_gmt":"2018-06-21T10:55:15","guid":{"rendered":"http:\/\/uenf.br\/posgraduacao\/engenharia-exploracao-de-petroleo\/?page_id=46"},"modified":"2025-06-17T16:05:21","modified_gmt":"2025-06-17T19:05:21","slug":"regimentos-resolucoes-e-normas","status":"publish","type":"page","link":"https:\/\/uenf.br\/posgraduacao\/engenharia-exploracao-de-petroleo\/programa\/regimentos-resolucoes-e-normas\/","title":{"rendered":"Normas"},"content":{"rendered":"<ol>\n<li style=\"list-style-type: none\">\n<ol>\n<li>\n<h2 style=\"text-align: left\">Regimento da P\u00f3s-Gradua\u00e7\u00e3o da UENF<\/h2>\n<\/li>\n<\/ol>\n<\/li>\n<\/ol>\n<p style=\"text-align: left\" align=\"center\"><a href=\"http:\/\/uenf.br\/posgraduacao\/engenharia-exploracao-de-petroleo\/wp-content\/uploads\/sites\/15\/2025\/04\/25_02_25_p31_a_35_Resolucao_COLAC_no_43_2025_dispoe_sobre_normas_gerais_de_pos_graduacao_strictu_sensu_da_UENF.pdf\">Novo REGIMENTO GERAL DE P\u00d3S-GRADUA\u00c7\u00c3O \u2013 STRICTO SENSU\u00a0 da UENF<\/a><br \/>\n(Publicado em DOERJ em 25\/02\/2025)<\/p>\n<ol style=\"text-align: left\">\n<li style=\"list-style-type: none\">\n<ol start=\"2\">\n<li>\n<h2>Resolu\u00e7\u00f5es Diversas P\u00f3s-Gradua\u00e7\u00e3o UENF<\/h2>\n<\/li>\n<\/ol>\n<\/li>\n<\/ol>\n<p style=\"text-align: left\"><u><a href=\"http:\/\/uenf.br\/posgraduacao\/gmp\/wp-content\/uploads\/sites\/6\/2012\/01\/Resolu\u00e7\u00e3o-COLAC-001-2008-credenciamento.pdf\" target=\"_blank\" rel=\"noopener noreferrer\">Resolu\u00e7\u00e3o COLAC 001-2008<\/a><a href=\"http:\/\/uenf.br\/posgraduacao\/gmp\/regimentos-resolucoes-e-normas\/resolucao-colac-001-2008-credenciamento\/\"><br \/>\n(<\/a><\/u>Estabelece crit\u00e9rios m\u00ednimos para credenciamento de professores nos Programas de P\u00f3s-Gradua\u00e7\u00e3o da UENF, para os n\u00edveis I e II, conforme Regimento da P\u00f3s-Gradua\u00e7\u00e3o (Art. 49, par\u00e1grafo \u00danico)<\/p>\n<p style=\"text-align: left\"><u><a href=\"http:\/\/uenf.br\/posgraduacao\/gmp\/wp-content\/uploads\/sites\/6\/2012\/01\/Resolu\u00e7\u00e3o-COLAC-004-2008-concess\u00e3o-bolsas-rec\u00e9m-_doutor.pdf\" target=\"_blank\" rel=\"noopener noreferrer\">Resolu\u00e7\u00e3o COLAC 004-2008<\/a><a href=\"http:\/\/uenf.br\/posgraduacao\/gmp\/regimentos-resolucoes-e-normas\/resolucao-colac-004-2008-concessao-bolsas-recem-_doutor\/\"><br \/>\n(<\/a><\/u>Estabelece normas de concess\u00e3o de bolsas de Rec\u00e9m Doutor na UENF e d\u00e1 outras provid\u00eancias)<\/p>\n<p style=\"text-align: left\"><u><a href=\"http:\/\/uenf.br\/posgraduacao\/gmp\/wp-content\/uploads\/sites\/6\/2012\/01\/Resolu\u00e7ao-COLAC-01-2012-Revalida\u00e7\u00e3o-Diploma.pdf\" target=\"_blank\" rel=\"noopener noreferrer\">Resolu\u00e7ao COLAC 001-2012<\/a><a href=\"http:\/\/uenf.br\/posgraduacao\/gmp\/regimentos-resolucoes-e-normas\/resolucao-colac-01-2012-revalidacao-diploma\/\"><br \/>\n(<\/a><\/u>Disp\u00f5e sobre a revalida\u00e7\u00e3o de Diplomas de P\u00f3s-Gradua\u00e7\u00e3o Stricto Sensu expedidos por Institui\u00e7\u00f5es Estrangeiras, e d\u00e1 outras provid\u00eancias)<\/p>\n<p style=\"text-align: left\"><u><a href=\"http:\/\/uenf.br\/posgraduacao\/gmp\/wp-content\/uploads\/sites\/6\/2012\/01\/Resolu\u00e7\u00e3o-CPPG-01-2016-Defesas-por-videconfer\u00eancia.pdf\" target=\"_blank\" rel=\"noopener noreferrer\">Resolu\u00e7\u00e3o CPPG 01-2016<\/a><a href=\"http:\/\/uenf.br\/posgraduacao\/gmp\/regimentos-resolucoes-e-normas\/resolucao-cppg-01-2016-defesas-por-videconferencia\/\"><br \/>\n(<\/a><\/u>Disp\u00f5e sobre a participa\u00e7\u00e3o de Membros de Bancas Examinadoras e a forma de apresenta\u00e7\u00e3o da Disserta\u00e7\u00e3o ou da Tese)<\/p>\n<ol style=\"text-align: left\">\n<li style=\"list-style-type: none\">\n<ol start=\"3\">\n<li>\n<h1>Regimento e Normas do PPGERE &#8211; <img loading=\"lazy\" decoding=\"async\" class=\"alignnone size-full wp-image-1128\" src=\"https:\/\/uenf.br\/posgraduacao\/engenharia-exploracao-de-petroleo\/wp-content\/uploads\/sites\/15\/2024\/09\/NOVO.jpg\" alt=\"\" width=\"178\" height=\"30\" \/><\/h1>\n<\/li>\n<\/ol>\n<\/li>\n<\/ol>\n<p><a href=\"https:\/\/uenf.br\/posgraduacao\/engenharia-exploracao-de-petroleo\/wp-content\/uploads\/sites\/15\/2024\/09\/REGIMENTO-PPGERE-Aprovado-pela-CPPG-em-10-04-24.pdf\">REGIMENTO INTERNO DO PPGERE &#8211; (Homologado pela CPPG em 10\/04\/24)<\/a><\/p>\n<p><a href=\"https:\/\/uenf.br\/posgraduacao\/engenharia-exploracao-de-petroleo\/wp-content\/uploads\/sites\/15\/2024\/09\/NORMAS-PPGERE-Aprovado-pela-CPPG-em-10-04-24.pdf\">NORMAS PPGERE &#8211; (Homologado pela CPPG em 10\/04\/24)<\/a><\/p>\n<p><a href=\"https:\/\/uenf.br\/posgraduacao\/engenharia-exploracao-de-petroleo\/wp-content\/uploads\/sites\/15\/2024\/09\/Normas-PPGERE-para-Elaboracao-de-Dissertacao-e-Tese-Aprovado-pela-CPPG-em-10-04-24.pdf\">Normas para Elabora\u00e7\u00e3o de Disserta\u00e7\u00e3o e Tese do PPGERE &#8211; (Homologado pela CPPG em 10\/04\/24)<\/a><\/p>\n","protected":false},"excerpt":{"rendered":"<p>Regimento da P\u00f3s-Gradua\u00e7\u00e3o da UENF Novo REGIMENTO GERAL DE P\u00d3S-GRADUA\u00c7\u00c3O \u2013 STRICTO SENSU\u00a0 da UENF (Publicado em DOERJ em 25\/02\/2025)&#8230;<\/p>\n","protected":false},"author":35,"featured_media":0,"parent":1609,"menu_order":6,"comment_status":"closed","ping_status":"closed","template":"","meta":{"footnotes":""},"class_list":["post-46","page","type-page","status-publish","hentry"],"_links":{"self":[{"href":"https:\/\/uenf.br\/posgraduacao\/engenharia-exploracao-de-petroleo\/wp-json\/wp\/v2\/pages\/46","targetHints":{"allow":["GET"]}}],"collection":[{"href":"https:\/\/uenf.br\/posgraduacao\/engenharia-exploracao-de-petroleo\/wp-json\/wp\/v2\/pages"}],"about":[{"href":"https:\/\/uenf.br\/posgraduacao\/engenharia-exploracao-de-petroleo\/wp-json\/wp\/v2\/types\/page"}],"author":[{"embeddable":true,"href":"https:\/\/uenf.br\/posgraduacao\/engenharia-exploracao-de-petroleo\/wp-json\/wp\/v2\/users\/35"}],"replies":[{"embeddable":true,"href":"https:\/\/uenf.br\/posgraduacao\/engenharia-exploracao-de-petroleo\/wp-json\/wp\/v2\/comments?post=46"}],"version-history":[{"count":0,"href":"https:\/\/uenf.br\/posgraduacao\/engenharia-exploracao-de-petroleo\/wp-json\/wp\/v2\/pages\/46\/revisions"}],"up":[{"embeddable":true,"href":"https:\/\/uenf.br\/posgraduacao\/engenharia-exploracao-de-petroleo\/wp-json\/wp\/v2\/pages\/1609"}],"wp:attachment":[{"href":"https:\/\/uenf.br\/posgraduacao\/engenharia-exploracao-de-petroleo\/wp-json\/wp\/v2\/media?parent=46"}],"curies":[{"name":"wp","href":"https:\/\/api.w.org\/{rel}","templated":true}]}}